{"id":17906,"date":"2025-09-16T17:16:47","date_gmt":"2025-09-16T15:16:47","guid":{"rendered":"https:\/\/boreait.com\/fr\/?post_type=product&#038;p=17906"},"modified":"2025-09-16T17:17:18","modified_gmt":"2025-09-16T15:17:18","slug":"ecran-lcd-oled-156-fhd-brillant-pour-asus-vivobook-a1505-30-broches-neuf","status":"publish","type":"product","link":"https:\/\/boreait.com\/fr\/produit\/ecran-lcd-oled-156-fhd-brillant-pour-asus-vivobook-a1505-30-broches-neuf\/","title":{"rendered":"\u00c9cran LCD OLED 15,6&Prime; FHD brillant pour Asus Vivobook A1505, 30 broches, neuf"},"content":{"rendered":"<p data-start=\"493\" data-end=\"821\"><strong>\u00c9cran LCD ATNA56YX03 \u2013 ENTI\u00c8REMENT COMPATIBLE AVEC LES \u00c9CRANS D&rsquo;ORDINATEUR PORTABLE pour Asus Vivobook A1505<\/strong><\/p>\n<p data-start=\"416\" data-end=\"753\">Offrez une nouvelle vie \u00e0 votre Asus Vivobook A1505 avec cet \u00e9cran LCD de remplacement haut de gamme. Con\u00e7u pour offrir des images nettes et des couleurs \u00e9clatantes, cet <strong data-start=\"596\" data-end=\"622\">\u00e9cran OLED 15,6 pouces<\/strong> prend en charge la <strong data-start=\"632\" data-end=\"666\">r\u00e9solution Full HD (1920 x 1200)<\/strong>, garantissant une exp\u00e9rience visuelle exceptionnelle, que ce soit pour le travail, les \u00e9tudes ou le divertissement.<\/p>\n<p data-start=\"755\" data-end=\"766\">Caract\u00e9ristiques\u00a0:<\/p>\n<ul data-start=\"767\" data-end=\"1114\">\n<li data-start=\"767\" data-end=\"799\">\n<p data-start=\"769\" data-end=\"799\">Taille de l&rsquo;\u00e9cran\u00a0: <strong data-start=\"782\" data-end=\"797\">15,6 pouces<\/strong><\/p>\n<\/li>\n<li data-start=\"800\" data-end=\"833\">\n<p data-start=\"802\" data-end=\"833\">R\u00e9solution\u00a0: <strong data-start=\"814\" data-end=\"831\">FHD 1920 x 1200<\/strong><\/p>\n<\/li>\n<li data-start=\"834\" data-end=\"893\">\n<p data-start=\"836\" data-end=\"893\">Technologie\u00a0: <strong data-start=\"848\" data-end=\"856\">OLED<\/strong> pour des couleurs vives et un contraste profond<\/p>\n<\/li>\n<li data-start=\"894\" data-end=\"945\">\n<p data-start=\"896\" data-end=\"945\">Finition\u00a0: <strong data-start=\"904\" data-end=\"914\">Brillant<\/strong> pour des images nettes et lumineuses<\/p>\n<\/li>\n<li data-start=\"946\" data-end=\"971\">\n<p data-start=\"948\" data-end=\"971\">Connecteur\u00a0: <strong data-start=\"959\" data-end=\"969\">30 broches<\/strong><\/p>\n<\/li>\n<li data-start=\"972\" data-end=\"1004\">\n<p data-start=\"974\" data-end=\"1004\">Tactile\u00a0: <strong data-start=\"989\" data-end=\"1002\">Non tactile<\/strong><\/p>\n<\/li>\n<li data-start=\"1005\" data-end=\"1091\">\n<p data-start=\"1007\" data-end=\"1091\">Livr\u00e9 avec des bandes autocollantes pour une installation facile<\/p>\n<\/li>\n<li data-start=\"1092\" data-end=\"1114\">\n<p data-start=\"1094\" data-end=\"1114\">\u00c9tat\u00a0: <strong data-start=\"1105\" data-end=\"1112\">Neuf<\/strong><\/p>\n<\/li>\n<\/ul>\n<p data-start=\"1116\" data-end=\"1373\">Cet \u00e9cran est la solution id\u00e9ale si votre \u00e9cran d&rsquo;origine est fissur\u00e9, scintille ou ne fonctionne plus. Facile \u00e0 installer gr\u00e2ce aux bandes adh\u00e9sives fournies, il restaure toutes les fonctionnalit\u00e9s de votre ordinateur portable et vous permet de profiter \u00e0 nouveau d&rsquo;images claires et lumineuses.<\/p>\n<p>&nbsp;<\/p>\n<p>&nbsp;<\/p>\n","protected":false},"excerpt":{"rendered":"<p>\u00c9cran LCD de remplacement pour Asus Vivobook A1505. 15,6&Prime; OLED, FHD (1920 x 1200), brillant, 30 broches, non tactile. Livr\u00e9 sans supports, avec bandes autocollantes. \u00c9tat neuf.<\/p>\n","protected":false},"featured_media":17935,"template":"","meta":[],"product_brand":[],"product_cat":[105,95],"product_tag":[66],"class_list":{"0":"post-17906","1":"product","2":"type-product","3":"status-publish","4":"has-post-thumbnail","6":"product_cat-15-6-new-laptop-screens-lcd-panels","7":"product_cat-new-laptop-screens-lcd-panels","8":"product_tag-asus","10":"first","11":"instock","12":"taxable","13":"shipping-taxable","14":"purchasable","15":"product-type-simple"},"_links":{"self":[{"href":"https:\/\/boreait.com\/fr\/wp-json\/wp\/v2\/product\/17906","targetHints":{"allow":["GET"]}}],"collection":[{"href":"https:\/\/boreait.com\/fr\/wp-json\/wp\/v2\/product"}],"about":[{"href":"https:\/\/boreait.com\/fr\/wp-json\/wp\/v2\/types\/product"}],"wp:featuredmedia":[{"embeddable":true,"href":"https:\/\/boreait.com\/fr\/wp-json\/wp\/v2\/media\/17935"}],"wp:attachment":[{"href":"https:\/\/boreait.com\/fr\/wp-json\/wp\/v2\/media?parent=17906"}],"wp:term":[{"taxonomy":"product_brand","embeddable":true,"href":"https:\/\/boreait.com\/fr\/wp-json\/wp\/v2\/product_brand?post=17906"},{"taxonomy":"product_cat","embeddable":true,"href":"https:\/\/boreait.com\/fr\/wp-json\/wp\/v2\/product_cat?post=17906"},{"taxonomy":"product_tag","embeddable":true,"href":"https:\/\/boreait.com\/fr\/wp-json\/wp\/v2\/product_tag?post=17906"}],"curies":[{"name":"wp","href":"https:\/\/api.w.org\/{rel}","templated":true}]}}