{"id":17905,"date":"2025-09-16T17:16:46","date_gmt":"2025-09-16T15:16:46","guid":{"rendered":"https:\/\/boreait.com\/fr\/?post_type=product&#038;p=17905"},"modified":"2025-09-16T17:17:17","modified_gmt":"2025-09-16T15:17:17","slug":"ecran-lcd-oled-156-fhd-brillant-30-broches-non-tactile-pour-asus-x1505z-neuf","status":"publish","type":"product","link":"https:\/\/boreait.com\/fr\/produit\/ecran-lcd-oled-156-fhd-brillant-30-broches-non-tactile-pour-asus-x1505z-neuf\/","title":{"rendered":"\u00c9cran LCD OLED 15,6&Prime; FHD brillant 30 broches non tactile pour Asus X1505Z, neuf"},"content":{"rendered":"<p data-start=\"493\" data-end=\"821\"><strong>\u00c9cran LCD ATNA56YX03 \u2013 ENTI\u00c8REMENT COMPATIBLE AVEC L&rsquo;\u00c9CRAN D&rsquo;ORDINATEUR PORTABLE Asus X1505Z \/ 13N1-GJA0311<\/strong><\/p>\n<p data-start=\"434\" data-end=\"536\">Remplacez l&rsquo;\u00e9cran endommag\u00e9 ou d\u00e9fectueux de votre <strong data-start=\"480\" data-end=\"495\">Asus X1505Z<\/strong> par cet <strong data-start=\"519\" data-end=\"533\">\u00e9cran LCD<\/strong> de haute qualit\u00e9.<\/p>\n<p data-start=\"538\" data-end=\"553\">Principales caract\u00e9ristiques\u00a0:<\/p>\n<ul data-start=\"555\" data-end=\"797\">\n<li data-start=\"555\" data-end=\"578\">\n<p data-start=\"557\" data-end=\"578\">Taille\u00a0: <strong data-start=\"563\" data-end=\"576\">15,6 pouces<\/strong><\/p>\n<\/li>\n<li data-start=\"579\" data-end=\"612\">\n<p data-start=\"581\" data-end=\"612\">R\u00e9solution\u00a0: <strong data-start=\"593\" data-end=\"610\">FHD 1920 x 1200<\/strong><\/p>\n<\/li>\n<li data-start=\"613\" data-end=\"637\">\n<p data-start=\"615\" data-end=\"637\">Technologie\u00a0: <strong data-start=\"627\" data-end=\"635\">OLED<\/strong><\/p>\n<\/li>\n<li data-start=\"638\" data-end=\"660\">\n<p data-start=\"640\" data-end=\"660\">Finition\u00a0: <strong data-start=\"648\" data-end=\"658\">Brillant<\/strong><\/p>\n<\/li>\n<li data-start=\"661\" data-end=\"690\">\n<p data-start=\"663\" data-end=\"690\">Connecteur\u00a0: <strong data-start=\"674\" data-end=\"688\">eDP 30 broches<\/strong><\/p>\n<\/li>\n<li data-start=\"691\" data-end=\"714\">\n<p data-start=\"693\" data-end=\"714\">Type\u00a0: <strong data-start=\"699\" data-end=\"712\">Non tactile<\/strong><\/p>\n<\/li>\n<li data-start=\"715\" data-end=\"797\">\n<p data-start=\"717\" data-end=\"797\">Installation\u00a0: sans supports, fourni avec <strong data-start=\"758\" data-end=\"795\">bandes adh\u00e9sives double face<\/strong><\/p>\n<\/li>\n<\/ul>\n<p data-start=\"799\" data-end=\"827\">\u2705 \u00c9tat\u00a0: <strong data-start=\"812\" data-end=\"825\">Neuf<\/strong><\/p>\n<p data-start=\"829\" data-end=\"1058\">Cet <strong data-start=\"834\" data-end=\"851\">\u00e9cran d&rsquo;ordinateur portable<\/strong> offre des couleurs vives, des d\u00e9tails nets et une compatibilit\u00e9 totale avec votre mod\u00e8le Asus X1505Z. C&rsquo;est le remplacement id\u00e9al si votre \u00e9cran d&rsquo;origine est fissur\u00e9, pr\u00e9sente des lignes, des pixels morts ou d&rsquo;autres probl\u00e8mes d&rsquo;affichage.<\/p>\n<p>&nbsp;<\/p>\n","protected":false},"excerpt":{"rendered":"<p>\u00c9cran LCD OLED 15,6&Prime; FHD (1920 x 1200) neuf pour Asus X1505Z. Finition brillante, connecteur 30 broches, non tactile. Bandes autocollantes incluses.<\/p>\n","protected":false},"featured_media":17935,"template":"","meta":[],"product_brand":[],"product_cat":[105,95],"product_tag":[66],"class_list":{"0":"post-17905","1":"product","2":"type-product","3":"status-publish","4":"has-post-thumbnail","6":"product_cat-15-6-new-laptop-screens-lcd-panels","7":"product_cat-new-laptop-screens-lcd-panels","8":"product_tag-asus","10":"first","11":"instock","12":"taxable","13":"shipping-taxable","14":"purchasable","15":"product-type-simple"},"_links":{"self":[{"href":"https:\/\/boreait.com\/fr\/wp-json\/wp\/v2\/product\/17905","targetHints":{"allow":["GET"]}}],"collection":[{"href":"https:\/\/boreait.com\/fr\/wp-json\/wp\/v2\/product"}],"about":[{"href":"https:\/\/boreait.com\/fr\/wp-json\/wp\/v2\/types\/product"}],"wp:featuredmedia":[{"embeddable":true,"href":"https:\/\/boreait.com\/fr\/wp-json\/wp\/v2\/media\/17935"}],"wp:attachment":[{"href":"https:\/\/boreait.com\/fr\/wp-json\/wp\/v2\/media?parent=17905"}],"wp:term":[{"taxonomy":"product_brand","embeddable":true,"href":"https:\/\/boreait.com\/fr\/wp-json\/wp\/v2\/product_brand?post=17905"},{"taxonomy":"product_cat","embeddable":true,"href":"https:\/\/boreait.com\/fr\/wp-json\/wp\/v2\/product_cat?post=17905"},{"taxonomy":"product_tag","embeddable":true,"href":"https:\/\/boreait.com\/fr\/wp-json\/wp\/v2\/product_tag?post=17905"}],"curies":[{"name":"wp","href":"https:\/\/api.w.org\/{rel}","templated":true}]}}