{"id":17897,"date":"2025-09-16T17:16:23","date_gmt":"2025-09-16T15:16:23","guid":{"rendered":"https:\/\/boreait.com\/fr\/?post_type=product&#038;p=17897"},"modified":"2025-09-16T17:17:17","modified_gmt":"2025-09-16T15:17:17","slug":"ecran-oled-fhd-156-pour-ordinateur-portable-13n1-eca0b01-brillant-30-broches-non-tactile-neuf","status":"publish","type":"product","link":"https:\/\/boreait.com\/fr\/produit\/ecran-oled-fhd-156-pour-ordinateur-portable-13n1-eca0b01-brillant-30-broches-non-tactile-neuf\/","title":{"rendered":"\u00c9cran OLED FHD 15,6&Prime; pour ordinateur portable 13n1-eca0b01, brillant, 30 broches, non tactile, neuf"},"content":{"rendered":"<p data-start=\"493\" data-end=\"821\"><strong>\u00c9cran LCD ATNA56YX03 \u2013 ENTI\u00c8REMENT COMPATIBLE AVEC L&rsquo;\u00c9CRAN D&rsquo;ORDINATEUR PORTABLE 13n1-eca0b01<\/strong><\/p>\n<p data-start=\"382\" data-end=\"673\">Am\u00e9liorez l&rsquo;affichage de votre ordinateur portable avec cet \u00e9cran OLED FHD (1920 x 1200) haut de gamme de 15,6 pouces (15,6 pouces) con\u00e7u pour le mod\u00e8le <strong data-start=\"525\" data-end=\"541\">13n1-eca0b01<\/strong>. Dot\u00e9 de couleurs \u00e9clatantes, d&rsquo;un contraste profond et d&rsquo;une finition brillante, cet \u00e9cran de remplacement garantit une exp\u00e9rience visuelle exceptionnelle.<\/p>\n<ul data-start=\"675\" data-end=\"961\">\n<li data-start=\"675\" data-end=\"694\">\n<p data-start=\"677\" data-end=\"694\"><strong data-start=\"677\" data-end=\"686\">Taille\u00a0:<\/strong> 15,6&Prime;<\/p>\n<\/li>\n<li data-start=\"695\" data-end=\"728\">\n<p data-start=\"697\" data-end=\"728\"><strong data-start=\"697\" data-end=\"712\">R\u00e9solution\u00a0:<\/strong> FHD 1920 x 1200<\/p>\n<\/li>\n<li data-start=\"729\" data-end=\"753\">\n<p data-start=\"731\" data-end=\"753\"><strong data-start=\"731\" data-end=\"746\">Technologie\u00a0: OLED<\/p>\n<\/li>\n<li data-start=\"754\" data-end=\"776\">\n<p data-start=\"756\" data-end=\"776\"><strong data-start=\"756\" data-end=\"767\">Finition\u00a0: Brillant<\/p>\n<\/li>\n<li data-start=\"777\" data-end=\"802\">\n<p data-start=\"779\" data-end=\"802\"><strong data-start=\"779\" data-end=\"793\">Connecteur\u00a0: 30 broches<\/p>\n<\/li>\n<li data-start=\"803\" data-end=\"835\">\n<p data-start=\"805\" data-end=\"835\"><strong data-start=\"805\" data-end=\"823\">Support tactile\u00a0:<\/strong> Non tactile<\/p>\n<\/li>\n<li data-start=\"836\" data-end=\"866\">\n<p data-start=\"838\" data-end=\"866\"><strong data-start=\"838\" data-end=\"851\">Supports\u00a0:<\/strong> Non inclus<\/p>\n<\/li>\n<li data-start=\"867\" data-end=\"938\">\n<p data-start=\"869\" data-end=\"938\"><strong data-start=\"869\" data-end=\"886\">Installation\u00a0:<\/strong> Bandes autocollantes incluses pour une fixation s\u00e9curis\u00e9e<\/p>\n<\/li>\n<li data-start=\"939\" data-end=\"961\">\n<p data-start=\"941\" data-end=\"961\"><strong data-start=\"941\" data-end=\"955\">\u00c9tat\u00a0:<\/strong> Neuf<\/p>\n<\/li>\n<\/ul>\n<p data-start=\"963\" data-end=\"1077\">Cet \u00e9cran est id\u00e9al pour remplacer un \u00e9cran endommag\u00e9 ou d\u00e9fectueux et restaurer la qualit\u00e9 d&rsquo;origine de votre ordinateur portable.<\/p>\n<p>&nbsp;<\/p>\n","protected":false},"excerpt":{"rendered":"<p>\u00c9cran d&rsquo;ordinateur portable brillant OLED FHD (1920 x 1200) de 15,6 pouces de haute qualit\u00e9, compatible avec le mod\u00e8le 13n1-eca0b01. Installation facile gr\u00e2ce aux bandes autocollantes incluses.<\/p>\n","protected":false},"featured_media":17935,"template":"","meta":[],"product_brand":[],"product_cat":[105,95],"product_tag":[],"class_list":{"0":"post-17897","1":"product","2":"type-product","3":"status-publish","4":"has-post-thumbnail","6":"product_cat-15-6-new-laptop-screens-lcd-panels","7":"product_cat-new-laptop-screens-lcd-panels","9":"first","10":"instock","11":"taxable","12":"shipping-taxable","13":"purchasable","14":"product-type-simple"},"_links":{"self":[{"href":"https:\/\/boreait.com\/fr\/wp-json\/wp\/v2\/product\/17897","targetHints":{"allow":["GET"]}}],"collection":[{"href":"https:\/\/boreait.com\/fr\/wp-json\/wp\/v2\/product"}],"about":[{"href":"https:\/\/boreait.com\/fr\/wp-json\/wp\/v2\/types\/product"}],"wp:featuredmedia":[{"embeddable":true,"href":"https:\/\/boreait.com\/fr\/wp-json\/wp\/v2\/media\/17935"}],"wp:attachment":[{"href":"https:\/\/boreait.com\/fr\/wp-json\/wp\/v2\/media?parent=17897"}],"wp:term":[{"taxonomy":"product_brand","embeddable":true,"href":"https:\/\/boreait.com\/fr\/wp-json\/wp\/v2\/product_brand?post=17897"},{"taxonomy":"product_cat","embeddable":true,"href":"https:\/\/boreait.com\/fr\/wp-json\/wp\/v2\/product_cat?post=17897"},{"taxonomy":"product_tag","embeddable":true,"href":"https:\/\/boreait.com\/fr\/wp-json\/wp\/v2\/product_tag?post=17897"}],"curies":[{"name":"wp","href":"https:\/\/api.w.org\/{rel}","templated":true}]}}