{"id":17896,"date":"2025-09-16T17:16:23","date_gmt":"2025-09-16T15:16:23","guid":{"rendered":"https:\/\/boreait.com\/fr\/?post_type=product&#038;p=17896"},"modified":"2025-09-16T17:17:16","modified_gmt":"2025-09-16T15:17:16","slug":"ecran-lcd-atna56yx03-156-fhd-oled-brillant-30-broches-non-tactile-neuf","status":"publish","type":"product","link":"https:\/\/boreait.com\/fr\/produit\/ecran-lcd-atna56yx03-156-fhd-oled-brillant-30-broches-non-tactile-neuf\/","title":{"rendered":"\u00c9cran LCD ATNA56YX03 15,6&Prime; FHD OLED brillant 30 broches non tactile neuf"},"content":{"rendered":"<p data-start=\"493\" data-end=\"821\">Am\u00e9liorez ou remplacez l&rsquo;\u00e9cran de votre ordinateur portable avec l&rsquo;<strong data-start=\"541\" data-end=\"566\">\u00e9cran LCD ATNA56YX03<\/strong>\u00a0: une <strong data-start=\"584\" data-end=\"604\">panneau OLED 15,6&Prime;<\/strong> de haute qualit\u00e9, con\u00e7ue pour offrir une clart\u00e9 d&rsquo;image exceptionnelle et des couleurs \u00e9clatantes. Avec une <strong data-start=\"675\" data-end=\"710\">r\u00e9solution Full HD de 1920 x 1200<\/strong>, cet \u00e9cran brillant garantit des d\u00e9tails nets et un contraste riche, id\u00e9al pour une utilisation professionnelle et quotidienne.<\/p>\n<p data-start=\"823\" data-end=\"838\">Principales caract\u00e9ristiques\u00a0:<\/p>\n<ul data-start=\"839\" data-end=\"1161\">\n<li data-start=\"839\" data-end=\"864\">\n<p data-start=\"841\" data-end=\"864\"><strong data-start=\"841\" data-end=\"851\">Mod\u00e8le\u00a0: ATNA56YX03<\/p>\n<\/li>\n<li data-start=\"865\" data-end=\"890\">\n<p data-start=\"867\" data-end=\"890\"><strong data-start=\"867\" data-end=\"876\">Taille\u00a0: 15,6 pouces<\/p>\n<\/li>\n<li data-start=\"891\" data-end=\"924\">\n<p data-start=\"893\" data-end=\"924\"><strong data-start=\"893\" data-end=\"908\">R\u00e9solution\u00a0: FHD 1920 x 1200<\/p>\n<\/li>\n<li data-start=\"925\" data-end=\"982\">\n<p data-start=\"927\" data-end=\"982\"><strong data-start=\"927\" data-end=\"942\">Technologie\u00a0: OLED pour des noirs profonds et des couleurs \u00e9clatantes<\/p>\n<\/li>\n<li data-start=\"983\" data-end=\"1017\">\n<p data-start=\"985\" data-end=\"1017\"><strong data-start=\"985\" data-end=\"996\">Finition\u00a0: Brillant (non tactile)<\/p>\n<\/li>\n<li data-start=\"1018\" data-end=\"1043\">\n<p data-start=\"1020\" data-end=\"1043\"><strong data-start=\"1020\" data-end=\"1034\">Connecteur\u00a0: 30 broches<\/p>\n<\/li>\n<li data-start=\"1044\" data-end=\"1132\">\n<p data-start=\"1046\" data-end=\"1132\"><strong data-start=\"1046\" data-end=\"1059\">Supports\u00a0:<\/strong> Non inclus\u00a0\u2013 livr\u00e9s avec des bandes adh\u00e9sives pour une installation s\u00e9curis\u00e9e.<\/p>\n<\/li>\n<li data-start=\"1133\" data-end=\"1161\">\n<p data-start=\"1135\" data-end=\"1161\"><strong data-start=\"1135\" data-end=\"1149\">\u00c9tat\u00a0:<\/strong> Neuf.<\/p>\n<\/li>\n<\/ul>\n<p data-start=\"1163\" data-end=\"1371\">Cet \u00e9cran est id\u00e9al pour remplacer un \u00e9cran d&rsquo;ordinateur portable endommag\u00e9 ou d\u00e9fectueux. L&rsquo;installation est simple gr\u00e2ce aux bandes adh\u00e9sives fournies, ce qui le rend adapt\u00e9 aussi bien aux techniciens qu&rsquo;aux utilisateurs exp\u00e9riment\u00e9s.<\/p>\n<p data-start=\"1373\" data-end=\"1465\">Redonnez vie \u00e0 votre ordinateur portable avec cet \u00e9cran de remplacement fiable et performant.<\/p>\n","protected":false},"excerpt":{"rendered":"<p>\u00c9cran de remplacement brillant OLED ATNA56YX03 FHD 15,6&Prime; neuf pour ordinateur portable. R\u00e9solution 1920 x 1200, 30 broches, non tactile, sans supports. Bandes autocollantes incluses pour une installation facile.<\/p>\n","protected":false},"featured_media":17935,"template":"","meta":[],"product_brand":[],"product_cat":[105,95],"product_tag":[],"class_list":{"0":"post-17896","1":"product","2":"type-product","3":"status-publish","4":"has-post-thumbnail","6":"product_cat-15-6-new-laptop-screens-lcd-panels","7":"product_cat-new-laptop-screens-lcd-panels","9":"first","10":"instock","11":"taxable","12":"shipping-taxable","13":"purchasable","14":"product-type-simple"},"_links":{"self":[{"href":"https:\/\/boreait.com\/fr\/wp-json\/wp\/v2\/product\/17896","targetHints":{"allow":["GET"]}}],"collection":[{"href":"https:\/\/boreait.com\/fr\/wp-json\/wp\/v2\/product"}],"about":[{"href":"https:\/\/boreait.com\/fr\/wp-json\/wp\/v2\/types\/product"}],"wp:featuredmedia":[{"embeddable":true,"href":"https:\/\/boreait.com\/fr\/wp-json\/wp\/v2\/media\/17935"}],"wp:attachment":[{"href":"https:\/\/boreait.com\/fr\/wp-json\/wp\/v2\/media?parent=17896"}],"wp:term":[{"taxonomy":"product_brand","embeddable":true,"href":"https:\/\/boreait.com\/fr\/wp-json\/wp\/v2\/product_brand?post=17896"},{"taxonomy":"product_cat","embeddable":true,"href":"https:\/\/boreait.com\/fr\/wp-json\/wp\/v2\/product_cat?post=17896"},{"taxonomy":"product_tag","embeddable":true,"href":"https:\/\/boreait.com\/fr\/wp-json\/wp\/v2\/product_tag?post=17896"}],"curies":[{"name":"wp","href":"https:\/\/api.w.org\/{rel}","templated":true}]}}