{"id":17895,"date":"2025-09-16T17:16:22","date_gmt":"2025-09-16T15:16:22","guid":{"rendered":"https:\/\/boreait.com\/fr\/?post_type=product&#038;p=17895"},"modified":"2025-09-16T17:17:14","modified_gmt":"2025-09-16T15:17:14","slug":"ecran-lcd-lenovo-loq-15irh8-82xv00lfus-156-fhd-ips-144-hz-mat-40-broches","status":"publish","type":"product","link":"https:\/\/boreait.com\/fr\/produit\/ecran-lcd-lenovo-loq-15irh8-82xv00lfus-156-fhd-ips-144-hz-mat-40-broches\/","title":{"rendered":"\u00c9cran LCD Lenovo LOQ 15IRH8 82XV00LFUS 15,6&Prime; FHD IPS 144 Hz mat 40 broches"},"content":{"rendered":"<p><strong>Mod\u00e8le d&rsquo;\u00e9cran LCD actuel\u00a0: n156hra-ea1 REV C1 \/ N156HRA-GAA Rev.c1 \/ N156HMA-GA1 REV C2 \u2013 ENTI\u00c8REMENT COMPATIBLE AVEC L&rsquo;\u00c9CRAN D&rsquo;ORDINATEUR PORTABLE POUR LE LENOVO LOQ 15IRH8 82XV00LFUS<\/strong><\/p>\n<p data-start=\"384\" data-end=\"719\">Remplacez votre \u00e9cran endommag\u00e9 ou remplacez-le par cet \u00e9cran LCD haut de gamme, con\u00e7u pour le LENOVO LOQ 15IRH8 (mod\u00e8le 82XV00LFUS).<br data-start=\"548\" data-end=\"551\" \/>Dot\u00e9 d&rsquo;une <strong data-start=\"561\" data-end=\"583\">r\u00e9solution Full HD<\/strong> et de la <strong data-start=\"585\" data-end=\"603\">technologie IPS<\/strong> pour des couleurs \u00e9clatantes, de larges angles de vision et une fluidit\u00e9 <strong data-start=\"661\" data-end=\"683\">Fr\u00e9quence de rafra\u00eechissement de 144 Hz<\/strong> pour une exp\u00e9rience visuelle fluide.<\/p>\n<p data-start=\"721\" data-end=\"740\"><strong data-start=\"721\" data-end=\"738\">Principales caract\u00e9ristiques\u00a0:<\/strong><\/p>\n<ul data-start=\"741\" data-end=\"1195\">\n<li data-start=\"741\" data-end=\"794\">\n<p data-start=\"743\" data-end=\"794\"><strong data-start=\"743\" data-end=\"761\">Compatibilit\u00e9\u00a0:<\/strong> Lenovo LOQ 15IRH8 (82XV00LFUS)<\/p>\n<\/li>\n<li data-start=\"795\" data-end=\"820\">\n<p data-start=\"797\" data-end=\"820\"><strong data-start=\"797\" data-end=\"806\">Taille\u00a0: 15,6 pouces<\/p>\n<\/li>\n<li data-start=\"821\" data-end=\"860\">\n<p data-start=\"823\" data-end=\"860\"><strong data-start=\"823\" data-end=\"838\">R\u00e9solution\u00a0: Full HD (1920 \u00d7 1080)<\/p>\n<\/li>\n<li data-start=\"861\" data-end=\"888\">\n<p data-start=\"863\" data-end=\"888\"><strong data-start=\"863\" data-end=\"880\">Fr\u00e9quence de rafra\u00eechissement\u00a0: 144 Hz<\/p>\n<\/li>\n<li data-start=\"889\" data-end=\"942\">\n<p data-start=\"891\" data-end=\"942\"><strong data-start=\"891\" data-end=\"906\">Type de dalle\u00a0: IPS \u2013 couleurs vives, d\u00e9tails nets<\/p>\n<\/li>\n<li data-start=\"943\" data-end=\"997\">\n<p data-start=\"945\" data-end=\"997\"><strong data-start=\"945\" data-end=\"957\">Surface\u00a0: mate \u2013 r\u00e9duit les reflets et les reflets<\/p>\n<\/li>\n<li data-start=\"998\" data-end=\"1027\">\n<p data-start=\"1000\" data-end=\"1027\"><strong data-start=\"1000\" data-end=\"1014\">Connecteur\u00a0: eDP 40 broches<\/p>\n<\/li>\n<li data-start=\"1028\" data-end=\"1075\">\n<p data-start=\"1030\" data-end=\"1075\"><strong data-start=\"1030\" data-end=\"1043\">Supports\u00a0:<\/strong> Non inclus (haut et bas)<\/p>\n<\/li>\n<li data-start=\"1076\" data-end=\"1158\">\n<p data-start=\"1078\" data-end=\"1158\"><strong data-start=\"1078\" data-end=\"1095\">Installation\u00a0:<\/strong> Ruban adh\u00e9sif double face inclus pour une fixation s\u00e9curis\u00e9e.<\/p>\n<\/li>\n<li data-start=\"1159\" data-end=\"1195\">\n<p data-start=\"1161\" data-end=\"1195\"><strong data-start=\"1161\" data-end=\"1175\">\u00c9tat\u00a0:<\/strong> Neuf. inutilis\u00e9<\/p>\n<\/li>\n<\/ul>\n<p data-start=\"1197\" data-end=\"1340\">Id\u00e9al pour r\u00e9parer les \u00e9crans fissur\u00e9s, vacillants ou d\u00e9fectueux. Facile \u00e0 installer et compatible avec les sp\u00e9cifications d&rsquo;origine de l&rsquo;ordinateur portable.<\/p>\n<p>&nbsp;<\/p>\n","protected":false},"excerpt":{"rendered":"<p>\u00c9cran LCD de remplacement de haute qualit\u00e9 pour Lenovo LOQ 15IRH8 82XV00LFUS, 15,6&Prime; FHD IPS 144Hz mat, 40 broches, sans supports, ruban adh\u00e9sif inclus.<\/p>\n","protected":false},"featured_media":15657,"template":"","meta":[],"product_brand":[],"product_cat":[105,95],"product_tag":[62],"class_list":{"0":"post-17895","1":"product","2":"type-product","3":"status-publish","4":"has-post-thumbnail","6":"product_cat-15-6-new-laptop-screens-lcd-panels","7":"product_cat-new-laptop-screens-lcd-panels","8":"product_tag-lenovo","10":"first","11":"instock","12":"taxable","13":"shipping-taxable","14":"purchasable","15":"product-type-simple"},"_links":{"self":[{"href":"https:\/\/boreait.com\/fr\/wp-json\/wp\/v2\/product\/17895","targetHints":{"allow":["GET"]}}],"collection":[{"href":"https:\/\/boreait.com\/fr\/wp-json\/wp\/v2\/product"}],"about":[{"href":"https:\/\/boreait.com\/fr\/wp-json\/wp\/v2\/types\/product"}],"wp:featuredmedia":[{"embeddable":true,"href":"https:\/\/boreait.com\/fr\/wp-json\/wp\/v2\/media\/15657"}],"wp:attachment":[{"href":"https:\/\/boreait.com\/fr\/wp-json\/wp\/v2\/media?parent=17895"}],"wp:term":[{"taxonomy":"product_brand","embeddable":true,"href":"https:\/\/boreait.com\/fr\/wp-json\/wp\/v2\/product_brand?post=17895"},{"taxonomy":"product_cat","embeddable":true,"href":"https:\/\/boreait.com\/fr\/wp-json\/wp\/v2\/product_cat?post=17895"},{"taxonomy":"product_tag","embeddable":true,"href":"https:\/\/boreait.com\/fr\/wp-json\/wp\/v2\/product_tag?post=17895"}],"curies":[{"name":"wp","href":"https:\/\/api.w.org\/{rel}","templated":true}]}}