{"id":17894,"date":"2025-09-16T17:16:22","date_gmt":"2025-09-16T15:16:22","guid":{"rendered":"https:\/\/boreait.com\/fr\/?post_type=product&#038;p=17894"},"modified":"2025-09-16T17:17:14","modified_gmt":"2025-09-16T15:17:14","slug":"ecran-lcd-ne156fhm-nx1-nx2-nx3-nx5-156-fhd-ips-144-hz-mat-40-broches-neuf","status":"publish","type":"product","link":"https:\/\/boreait.com\/fr\/produit\/ecran-lcd-ne156fhm-nx1-nx2-nx3-nx5-156-fhd-ips-144-hz-mat-40-broches-neuf\/","title":{"rendered":"\u00c9cran LCD NE156FHM-NX1\/NX2\/NX3\/NX5 15,6&Prime; FHD IPS 144 Hz mat 40 broches neuf"},"content":{"rendered":"<p data-start=\"575\" data-end=\"853\"><strong>Mod\u00e8le d&rsquo;\u00e9cran LCD actuel\u00a0: n156hra-ea1 REV C1 \u2013 ENTI\u00c8REMENT COMPATIBLE AVEC LES \u00c9CRANS D&rsquo;ORDINATEUR PORTABLE NE156FHM-NX1, NX2, NX3 et NX5<\/strong><\/p>\n<p data-start=\"220\" data-end=\"810\">Am\u00e9liorez l&rsquo;affichage de votre ordinateur portable avec cet <strong data-start=\"301\" data-end=\"329\">\u00e9cran LCD 15,6 pouces haut de gamme<\/strong>, compatible avec les mod\u00e8les <strong data-start=\"354\" data-end=\"389\">NE156FHM-NX1, NX2, NX3 et NX5<\/strong>. Con\u00e7u <strong data-start=\"400\" data-end=\"444\">sans supports de fixation sup\u00e9rieurs et inf\u00e9rieurs<\/strong>, il est dot\u00e9 d&rsquo;un <strong data-start=\"460\" data-end=\"495\">\u00e9cran recto verso Ruban adh\u00e9sif pour une installation s\u00e9curis\u00e9e.<br data-start=\"520\" data-end=\"523\" \/>Cette <strong data-start=\"528\" data-end=\"557\">drapeau IPS FHD (1920\u00d71080)<\/strong> offre des images nettes et \u00e9clatantes avec de larges angles de vision et une <strong data-start=\"627\" data-end=\"649\">fr\u00e9quence de rafra\u00eechissement fluide de 144 Hz<\/strong>, id\u00e9ale pour les jeux, le design ou une utilisation quotidienne. La <strong data-start=\"700\" data-end=\"716\">finition mate<\/strong> r\u00e9duit les reflets, garantissant une exp\u00e9rience visuelle confortable, m\u00eame dans des environnements lumineux.<\/p>\n<p data-start=\"812\" data-end=\"833\"><strong data-start=\"812\" data-end=\"831\">Caract\u00e9ristiques\u00a0:<\/strong><\/p>\n<ul data-start=\"834\" data-end=\"1083\">\n<li data-start=\"834\" data-end=\"859\">\n<p data-start=\"836\" data-end=\"859\"><strong data-start=\"836\" data-end=\"845\">Taille\u00a0:<\/strong> 15,6 pouces<\/p>\n<\/li>\n<li data-start=\"860\" data-end=\"893\">\n<p data-start=\"862\" data-end=\"893\"><strong data-start=\"862\" data-end=\"877\">R\u00e9solution\u00a0:<\/strong> FHD 1920 \u00d7 1080<\/p>\n<\/li>\n<li data-start=\"894\" data-end=\"921\">\n<p data-start=\"896\" data-end=\"921\"><strong data-start=\"896\" data-end=\"913\">Fr\u00e9quence de rafra\u00eechissement\u00a0:<\/strong> 144 Hz<\/p>\n<\/li>\n<li data-start=\"922\" data-end=\"959\">\n<p data-start=\"924\" data-end=\"959\"><strong data-start=\"924\" data-end=\"939\">Type de dalle\u00a0: IPS, finition mate<\/p>\n<\/li>\n<li data-start=\"960\" data-end=\"989\">\n<p data-start=\"962\" data-end=\"989\"><strong data-start=\"962\" data-end=\"976\">Connecteur\u00a0: eDP 40 broches<\/p>\n<\/li>\n<li data-start=\"990\" data-end=\"1060\">\n<p data-start=\"992\" data-end=\"1060\"><strong data-start=\"992\" data-end=\"1005\">Montage\u00a0:<\/strong> Sans supports sup\u00e9rieurs\/inf\u00e9rieurs (ruban adh\u00e9sif inclus)<\/p>\n<\/li>\n<li data-start=\"1061\" data-end=\"1083\">\n<p data-start=\"1063\" data-end=\"1083\"><strong data-start=\"1063\" data-end=\"1077\">\u00c9tat\u00a0:<\/strong> Neuf<\/p>\n<\/li>\n<\/ul>\n<p data-start=\"1085\" data-end=\"1108\"><strong data-start=\"1085\" data-end=\"1106\">Contenu du colis\u00a0:<\/strong><\/p>\n<ul data-start=\"1109\" data-end=\"1207\">\n<li data-start=\"1109\" data-end=\"1171\">\n<p data-start=\"1111\" data-end=\"1171\">1 \u00e9cran LCD (compatible NE156FHM-NX1 \/ NX2 \/ NX3 \/ NX5)<\/p>\n<\/li>\n<li data-start=\"1172\" data-end=\"1207\">\n<p data-start=\"1174\" data-end=\"1207\">Ruban adh\u00e9sif double face<\/p>\n<\/li>\n<\/ul>\n<p data-start=\"1209\" data-end=\"1323\"><strong data-start=\"1209\" data-end=\"1218\">Remarque\u00a0:<\/strong> Veuillez v\u00e9rifier le mod\u00e8le d&rsquo;\u00e9cran et le type de connecteur de votre ordinateur portable avant l&rsquo;achat afin de garantir la compatibilit\u00e9.<\/p>\n<p>&nbsp;<\/p>\n","protected":false},"excerpt":{"rendered":"<p data-start=\"1330\" data-end=\"1505\">\u00c9cran LCD IPS FHD 15,6&Prime; (NE156FHM-NX1 \/ NX2 \/ NX3 \/ NX5), 144 Hz, mat, 40 broches, sans support. Ruban adh\u00e9sif inclus. \u00c9tat neuf.<\/p>\n","protected":false},"featured_media":15657,"template":"","meta":[],"product_brand":[],"product_cat":[105,95],"product_tag":[],"class_list":{"0":"post-17894","1":"product","2":"type-product","3":"status-publish","4":"has-post-thumbnail","6":"product_cat-15-6-new-laptop-screens-lcd-panels","7":"product_cat-new-laptop-screens-lcd-panels","9":"first","10":"instock","11":"taxable","12":"shipping-taxable","13":"purchasable","14":"product-type-simple"},"_links":{"self":[{"href":"https:\/\/boreait.com\/fr\/wp-json\/wp\/v2\/product\/17894","targetHints":{"allow":["GET"]}}],"collection":[{"href":"https:\/\/boreait.com\/fr\/wp-json\/wp\/v2\/product"}],"about":[{"href":"https:\/\/boreait.com\/fr\/wp-json\/wp\/v2\/types\/product"}],"wp:featuredmedia":[{"embeddable":true,"href":"https:\/\/boreait.com\/fr\/wp-json\/wp\/v2\/media\/15657"}],"wp:attachment":[{"href":"https:\/\/boreait.com\/fr\/wp-json\/wp\/v2\/media?parent=17894"}],"wp:term":[{"taxonomy":"product_brand","embeddable":true,"href":"https:\/\/boreait.com\/fr\/wp-json\/wp\/v2\/product_brand?post=17894"},{"taxonomy":"product_cat","embeddable":true,"href":"https:\/\/boreait.com\/fr\/wp-json\/wp\/v2\/product_cat?post=17894"},{"taxonomy":"product_tag","embeddable":true,"href":"https:\/\/boreait.com\/fr\/wp-json\/wp\/v2\/product_tag?post=17894"}],"curies":[{"name":"wp","href":"https:\/\/api.w.org\/{rel}","templated":true}]}}