{"id":17893,"date":"2025-09-16T17:16:22","date_gmt":"2025-09-16T15:16:22","guid":{"rendered":"https:\/\/boreait.com\/fr\/?post_type=product&#038;p=17893"},"modified":"2025-09-16T17:17:08","modified_gmt":"2025-09-16T15:17:08","slug":"ecran-lcd-mat-173-fhd-ips-144-hz-40-broches-edp-asus-tuf-fx706heb-hx","status":"publish","type":"product","link":"https:\/\/boreait.com\/fr\/produit\/ecran-lcd-mat-173-fhd-ips-144-hz-40-broches-edp-asus-tuf-fx706heb-hx\/","title":{"rendered":"\u00c9cran LCD mat 17,3&Prime; FHD IPS 144 Hz, 40 broches, EDP, ASUS TUF FX706HEB-HX"},"content":{"rendered":"<p><strong>Mod\u00e8le d&rsquo;\u00e9cran LCD actuel\u00a0: N173HCE-G33 REV C1 \/ NV173FHM-NY2 v8.1 \u2013 ENTI\u00c8REMENT COMPATIBLE AVEC L&rsquo;ASUS TUF A17 FA707R<\/strong><\/p>\n<p data-start=\"436\" data-end=\"803\">Am\u00e9liorez votre ordinateur portable ASUS TUF FX706HEB-HX avec cet \u00e9cran LCD de remplacement haut de gamme, con\u00e7u pour des images nettes et des performances fluides. Dot\u00e9 d&rsquo;une <strong data-start=\"622\" data-end=\"648\">finition mate de 17,3 pouces<\/strong> pour r\u00e9duire les reflets, d&rsquo;une <strong data-start=\"668\" data-end=\"702\">r\u00e9solution Full HD (1920 x 1080)<\/strong>, de la <strong data-start=\"704\" data-end=\"722\">technologie IPS<\/strong> pour de larges angles de vision et d&rsquo;une <strong data-start=\"754\" data-end=\"776\">fr\u00e9quence de rafra\u00eechissement de 144 Hz<\/strong> pour des mouvements ultra-fluides.<\/p>\n<p data-start=\"805\" data-end=\"1043\">Ce mod\u00e8le est livr\u00e9 <strong data-start=\"822\" data-end=\"857\">sans supports sup\u00e9rieur et inf\u00e9rieur<\/strong>, ce qui le rend id\u00e9al pour les installations n\u00e9cessitant une conception sans support. Il utilise un <strong data-start=\"942\" data-end=\"966\">connecteur EDP 40 broches<\/strong> et est fourni avec des <strong data-start=\"988\" data-end=\"1020\">bandes adh\u00e9sives double-face<\/strong> pour une fixation s\u00e9curis\u00e9e.<\/p>\n<p data-start=\"1045\" data-end=\"1060\"><strong data-start=\"1045\" data-end=\"1058\">Caract\u00e9ristiques\u00a0:<\/strong><\/p>\n<ul data-start=\"1061\" data-end=\"1347\">\n<li data-start=\"1061\" data-end=\"1108\">\n<p data-start=\"1063\" data-end=\"1108\">Compatible avec la s\u00e9rie ASUS TUF FX706HEB-HX<\/p>\n<\/li>\n<li data-start=\"1109\" data-end=\"1131\">\n<p data-start=\"1111\" data-end=\"1131\">Taille de l&rsquo;\u00e9cran\u00a0: 17,3\u00a0po<\/p>\n<\/li>\n<li data-start=\"1132\" data-end=\"1165\">\n<p data-start=\"1134\" data-end=\"1165\">R\u00e9solution\u00a0: Full HD 1920\u00a0x\u00a01080<\/p>\n<\/li>\n<li data-start=\"1166\" data-end=\"1203\">\n<p data-start=\"1168\" data-end=\"1203\">Type de dalle\u00a0: IPS, mat et antireflet<\/p>\n<\/li>\n<li data-start=\"1204\" data-end=\"1227\">\n<p data-start=\"1206\" data-end=\"1227\">Fr\u00e9quence de rafra\u00eechissement\u00a0: 144 Hz<\/p>\n<\/li>\n<li data-start=\"1228\" data-end=\"1253\">\n<p data-start=\"1230\" data-end=\"1253\">Connecteur\u00a0: EDP 40 broches<\/p>\n<\/li>\n<li data-start=\"1254\" data-end=\"1280\">\n<p data-start=\"1256\" data-end=\"1280\">Sans supports sup\u00e9rieur\/inf\u00e9rieur<\/p>\n<\/li>\n<li data-start=\"1281\" data-end=\"1322\">\n<p data-start=\"1283\" data-end=\"1322\">Bandes adh\u00e9sives double-face incluses<\/p>\n<\/li>\n<li data-start=\"1323\" data-end=\"1347\">\n<p data-start=\"1325\" data-end=\"1347\">\u00c9tat\u00a0: Neuf<\/p>\n<\/li>\n<\/ul>\n<p data-start=\"1349\" data-end=\"1497\">Id\u00e9al pour r\u00e9parer un \u00e9cran fissur\u00e9, vacillant ou qui ne r\u00e9pond plus, cet \u00e9cran garantit des couleurs vives, une exp\u00e9rience de jeu fluide et des performances fiables.<\/p>\n<p>&nbsp;<\/p>\n","protected":false},"excerpt":{"rendered":"<p>\u00c9cran LCD IPS FHD mat 17,3&Prime; de haute qualit\u00e9 pour ASUS TUF FX706HEB-HX. Taux de rafra\u00eechissement de 144 Hz, EDP 40 broches, sans supports sup\u00e9rieur\/inf\u00e9rieur. Bandes adh\u00e9sives double face incluses. Neuf.<\/p>\n","protected":false},"featured_media":15533,"template":"","meta":[],"product_brand":[],"product_cat":[96,95],"product_tag":[66],"class_list":{"0":"post-17893","1":"product","2":"type-product","3":"status-publish","4":"has-post-thumbnail","6":"product_cat-17-3","7":"product_cat-new-laptop-screens-lcd-panels","8":"product_tag-asus","10":"first","11":"instock","12":"taxable","13":"shipping-taxable","14":"purchasable","15":"product-type-simple"},"_links":{"self":[{"href":"https:\/\/boreait.com\/fr\/wp-json\/wp\/v2\/product\/17893","targetHints":{"allow":["GET"]}}],"collection":[{"href":"https:\/\/boreait.com\/fr\/wp-json\/wp\/v2\/product"}],"about":[{"href":"https:\/\/boreait.com\/fr\/wp-json\/wp\/v2\/types\/product"}],"wp:featuredmedia":[{"embeddable":true,"href":"https:\/\/boreait.com\/fr\/wp-json\/wp\/v2\/media\/15533"}],"wp:attachment":[{"href":"https:\/\/boreait.com\/fr\/wp-json\/wp\/v2\/media?parent=17893"}],"wp:term":[{"taxonomy":"product_brand","embeddable":true,"href":"https:\/\/boreait.com\/fr\/wp-json\/wp\/v2\/product_brand?post=17893"},{"taxonomy":"product_cat","embeddable":true,"href":"https:\/\/boreait.com\/fr\/wp-json\/wp\/v2\/product_cat?post=17893"},{"taxonomy":"product_tag","embeddable":true,"href":"https:\/\/boreait.com\/fr\/wp-json\/wp\/v2\/product_tag?post=17893"}],"curies":[{"name":"wp","href":"https:\/\/api.w.org\/{rel}","templated":true}]}}