{"id":17887,"date":"2025-09-16T17:16:00","date_gmt":"2025-09-16T15:16:00","guid":{"rendered":"https:\/\/boreait.com\/fr\/?post_type=product&#038;p=17887"},"modified":"2025-09-16T17:17:07","modified_gmt":"2025-09-16T15:17:07","slug":"ecran-lcd-ips-14-fhd-mat-30-broches-pour-hp-elitebook-840-g8-l76245-j91-neuf","status":"publish","type":"product","link":"https:\/\/boreait.com\/fr\/produit\/ecran-lcd-ips-14-fhd-mat-30-broches-pour-hp-elitebook-840-g8-l76245-j91-neuf\/","title":{"rendered":"\u00c9cran LCD IPS 14&Prime; FHD mat 30 broches pour HP EliteBook 840 G8 L76245-J91, neuf"},"content":{"rendered":"<p data-start=\"455\" data-end=\"826\">Mod\u00e8le d&rsquo;\u00e9cran LCD actuel\u00a0: <strong>B140HAN04.D \/ B140HAN07.1 \/ NV140FHM-N4T V8.2 \/ N140HCA-EEK<\/strong> \u2013 ENTI\u00c8REMENT COMPATIBLE AVEC L&rsquo;\u00c9CRAN D&rsquo;ORDINATEUR PORTABLE <strong>HP EliteBook 840 G8 (r\u00e9f\u00e9rence\u00a0: L76245-J91)<\/strong><\/p>\n<p data-start=\"455\" data-end=\"826\">Mettez \u00e0 niveau ou remplacez l&rsquo;\u00e9cran de votre HP EliteBook 840 G8 (mod\u00e8le 6A3P3AV) par cet \u00e9cran LCD 14 pouces <strong data-start=\"573\" data-end=\"586\">neuf<\/strong>, r\u00e9f\u00e9rence\u00a0: <strong data-start=\"619\" data-end=\"633\">L76245-J91<\/strong>.<br data-start=\"634\" data-end=\"637\" \/>Dot\u00e9 d&rsquo;une <strong data-start=\"647\" data-end=\"681\">r\u00e9solution Full HD (1920 \u00d7 1080)<\/strong>, d&rsquo;une <strong data-start=\"691\" data-end=\"709\">technologie IPS<\/strong> \u00e9clatante pour des angles de vision sup\u00e9rieurs et d&rsquo;une <strong data-start=\"745\" data-end=\"761\">finition mate<\/strong> r\u00e9duisant les reflets, il est id\u00e9al pour une utilisation professionnelle et quotidienne.<\/p>\n<p data-start=\"828\" data-end=\"847\"><strong data-start=\"828\" data-end=\"845\">Principales caract\u00e9ristiques\u00a0:<\/strong><\/p>\n<ul data-start=\"848\" data-end=\"1219\">\n<li data-start=\"848\" data-end=\"934\">\n<p data-start=\"850\" data-end=\"934\"><strong data-start=\"850\" data-end=\"868\">Compatibilit\u00e9\u00a0: HP EliteBook 840 G8, r\u00e9f\u00e9rence L76245-J91 (version non tactile)<\/p>\n<\/li>\n<li data-start=\"935\" data-end=\"952\">\n<p data-start=\"937\" data-end=\"952\"><strong data-start=\"937\" data-end=\"946\">Taille\u00a0: 14&Prime;<\/p>\n<\/li>\n<li data-start=\"953\" data-end=\"986\">\n<p data-start=\"955\" data-end=\"986\"><strong data-start=\"955\" data-end=\"970\">R\u00e9solution\u00a0: Full HD 1920 \u00d7 1080<\/p>\n<\/li>\n<li data-start=\"987\" data-end=\"1049\">\n<p data-start=\"989\" data-end=\"1049\"><strong data-start=\"989\" data-end=\"1004\">Type de dalle\u00a0: IPS \u2013 couleurs vives et angles de vision larges<\/p>\n<\/li>\n<li data-start=\"1050\" data-end=\"1085\">\n<p data-start=\"1052\" data-end=\"1085\"><strong data-start=\"1052\" data-end=\"1064\">Surface\u00a0: Mat \/ Antireflet<\/p>\n<\/li>\n<li data-start=\"1086\" data-end=\"1111\">\n<p data-start=\"1088\" data-end=\"1111\"><strong data-start=\"1088\" data-end=\"1102\">Connecteur\u00a0: 30 broches<\/p>\n<\/li>\n<li data-start=\"1112\" data-end=\"1191\">\n<p data-start=\"1114\" data-end=\"1191\"><strong data-start=\"1114\" data-end=\"1127\">Fixation\u00a0: Bandes adh\u00e9sives double face incluses pour une installation s\u00e9curis\u00e9e.<\/p>\n<\/li>\n<li data-start=\"1192\" data-end=\"1219\">\n<p data-start=\"1194\" data-end=\"1219\"><strong data-start=\"1194\" data-end=\"1208\">\u00c9tat\u00a0: 100\u00a0% neuf.<\/p>\n<\/li>\n<\/ul>\n<p data-start=\"1221\" data-end=\"1437\">Cet \u00e9cran de remplacement est enti\u00e8rement test\u00e9 avant exp\u00e9dition afin de garantir une qualit\u00e9 optimale et une installation facile. Id\u00e9al pour r\u00e9parer un \u00e9cran fissur\u00e9, avec des pixels morts ou faible luminosit\u00e9, il restaure les performances visuelles d&rsquo;origine de votre ordinateur portable.<\/p>\n<hr data-start=\"1439\" data-end=\"1442\" \/>\n","protected":false},"excerpt":{"rendered":"<p>\u00c9cran LCD 14&Prime; neuf pour HP EliteBook 840 G8 (6A3P3AV), r\u00e9f\u00e9rence L76245-J91. \u00c9cran mat IPS Full HD avec connecteur 30 broches. Non tactile. Adh\u00e9sifs double face inclus.<\/p>\n","protected":false},"featured_media":13454,"template":"","meta":[],"product_brand":[],"product_cat":[98,95],"product_tag":[61],"class_list":{"0":"post-17887","1":"product","2":"type-product","3":"status-publish","4":"has-post-thumbnail","6":"product_cat-14-new-laptop-screens-lcd-panels","7":"product_cat-new-laptop-screens-lcd-panels","8":"product_tag-hp","10":"first","11":"instock","12":"taxable","13":"shipping-taxable","14":"purchasable","15":"product-type-simple"},"_links":{"self":[{"href":"https:\/\/boreait.com\/fr\/wp-json\/wp\/v2\/product\/17887","targetHints":{"allow":["GET"]}}],"collection":[{"href":"https:\/\/boreait.com\/fr\/wp-json\/wp\/v2\/product"}],"about":[{"href":"https:\/\/boreait.com\/fr\/wp-json\/wp\/v2\/types\/product"}],"wp:featuredmedia":[{"embeddable":true,"href":"https:\/\/boreait.com\/fr\/wp-json\/wp\/v2\/media\/13454"}],"wp:attachment":[{"href":"https:\/\/boreait.com\/fr\/wp-json\/wp\/v2\/media?parent=17887"}],"wp:term":[{"taxonomy":"product_brand","embeddable":true,"href":"https:\/\/boreait.com\/fr\/wp-json\/wp\/v2\/product_brand?post=17887"},{"taxonomy":"product_cat","embeddable":true,"href":"https:\/\/boreait.com\/fr\/wp-json\/wp\/v2\/product_cat?post=17887"},{"taxonomy":"product_tag","embeddable":true,"href":"https:\/\/boreait.com\/fr\/wp-json\/wp\/v2\/product_tag?post=17887"}],"curies":[{"name":"wp","href":"https:\/\/api.w.org\/{rel}","templated":true}]}}