{"id":17884,"date":"2025-09-16T17:15:59","date_gmt":"2025-09-16T15:15:59","guid":{"rendered":"https:\/\/boreait.com\/fr\/?post_type=product&#038;p=17884"},"modified":"2025-09-16T17:17:06","modified_gmt":"2025-09-16T15:17:06","slug":"ecran-lcd-16-fhd-ips-mat-30-broches-pour-lenovo-ideapad-slim-3-16abr8","status":"publish","type":"product","link":"https:\/\/boreait.com\/fr\/produit\/ecran-lcd-16-fhd-ips-mat-30-broches-pour-lenovo-ideapad-slim-3-16abr8\/","title":{"rendered":"\u00c9cran LCD 16&Prime; FHD+ IPS mat 30 broches pour Lenovo IdeaPad Slim 3 16ABR8"},"content":{"rendered":"<p data-start=\"515\" data-end=\"812\"><strong>Mod\u00e8le d&rsquo;\u00e9cran LCD actuel\u00a0: N160JCE-ELL Rev C3 \u2013 ENTI\u00c8REMENT COMPATIBLE AVEC L&rsquo;\u00c9CRAN D&rsquo;ORDINATEUR PORTABLE Lenovo IdeaPad Slim 3 16ABR8<\/strong><\/p>\n<p data-start=\"664\" data-end=\"1072\">Am\u00e9liorez ou remplacez l&rsquo;\u00e9cran de votre Lenovo IdeaPad Slim 3 16ABR8 par ce tout nouvel \u00e9cran LCD de haute qualit\u00e9. Con\u00e7u pour un ajustement parfait et des performances optimales, cet \u00e9cran mesure <strong data-start=\"844\" data-end=\"857\">16 pouces<\/strong> et offre une <strong data-start=\"873\" data-end=\"909\">r\u00e9solution Full HD+ de 1920 x 1200<\/strong> pour des images nettes et d\u00e9taill\u00e9es. La <strong data-start=\"943\" data-end=\"956\">panneau IPS<\/strong> garantit des couleurs \u00e9clatantes et de larges angles de vision, ce qui le rend id\u00e9al pour le travail, le divertissement et tout ce qui se trouve entre les deux.<\/p>\n<p data-start=\"1074\" data-end=\"1335\">La <strong data-start=\"1078\" data-end=\"1105\">finition mate antireflet<\/strong> r\u00e9duit les reflets et la fatigue oculaire, offrant un confort visuel optimal dans diverses conditions d&rsquo;\u00e9clairage. Il utilise un <strong data-start=\"1213\" data-end=\"1244\">connecteur eDP 30 broches (19 mm)<\/strong> et est compatible avec la <strong data-start=\"1285\" data-end=\"1306\">version non tactile<\/strong> de la s\u00e9rie Slim 3 16ABR8.<\/p>\n<p data-start=\"1337\" data-end=\"1461\">Des <strong data-start=\"1350\" data-end=\"1383\">bandes de montage autocollantes<\/strong> sont incluses, permettant une installation plus rapide et plus s\u00fbre, sans support.<\/p>\n<p data-start=\"1463\" data-end=\"1484\"><strong data-start=\"1463\" data-end=\"1484\">Caract\u00e9ristiques du produit\u00a0:<\/strong><\/p>\n<ul data-start=\"1485\" data-end=\"1752\">\n<li data-start=\"1485\" data-end=\"1506\">\n<p data-start=\"1487\" data-end=\"1506\">\u00c9tat neuf<\/p>\n<\/li>\n<li data-start=\"1507\" data-end=\"1523\">\n<p data-start=\"1509\" data-end=\"1523\">\u00c9cran LCD 16&Prime;<\/p>\n<\/li>\n<li data-start=\"1524\" data-end=\"1553\">\n<p data-start=\"1526\" data-end=\"1553\">R\u00e9solution FHD+ 1920 x 1200<\/p>\n<\/li>\n<li data-start=\"1554\" data-end=\"1605\">\n<p data-start=\"1556\" data-end=\"1605\">Dalle IPS pour des couleurs et un affichage de qualit\u00e9 sup\u00e9rieure Angles<\/p>\n<\/li>\n<li data-start=\"1606\" data-end=\"1642\">\n<p data-start=\"1608\" data-end=\"1642\">Finition mate pour r\u00e9duire les reflets<\/p>\n<\/li>\n<li data-start=\"1643\" data-end=\"1674\">\n<p data-start=\"1645\" data-end=\"1674\">Connecteur eDP 30 broches (19 mm)<\/p>\n<\/li>\n<li data-start=\"1675\" data-end=\"1696\">\n<p data-start=\"1677\" data-end=\"1696\">Version non tactile<\/p>\n<\/li>\n<li data-start=\"1697\" data-end=\"1752\">\n<p data-start=\"1699\" data-end=\"1752\">Bandes autocollantes incluses pour une installation facile.<\/p>\n<\/li>\n<\/ul>\n<p data-start=\"1754\" data-end=\"1930\">Cet \u00e9cran de remplacement est soigneusement emball\u00e9 et pr\u00eat \u00e0 \u00eatre exp\u00e9di\u00e9. Id\u00e9al pour les techniciens ou les bricoleurs \u00e0 la recherche d&rsquo;un \u00e9cran de haute qualit\u00e9 et d&rsquo;une installation simple.<\/p>\n","protected":false},"excerpt":{"rendered":"<p>\u00c9cran LCD de remplacement neuf pour Lenovo IdeaPad Slim 3 16ABR8. Cet \u00e9cran mat 16 pouces Full HD+ (1920 x 1200) est dot\u00e9 de la technologie IPS pour de larges angles de vision et une clart\u00e9 \u00e9clatante. Il se connecte via une interface eDP 30 broches (19 mm). Des bandes autocollantes sont incluses pour une installation facile. Mod\u00e8le non tactile.<\/p>\n","protected":false},"featured_media":17913,"template":"","meta":[],"product_brand":[],"product_cat":[116,95],"product_tag":[],"class_list":{"0":"post-17884","1":"product","2":"type-product","3":"status-publish","4":"has-post-thumbnail","6":"product_cat-116","7":"product_cat-new-laptop-screens-lcd-panels","9":"first","10":"instock","11":"taxable","12":"shipping-taxable","13":"purchasable","14":"product-type-simple"},"_links":{"self":[{"href":"https:\/\/boreait.com\/fr\/wp-json\/wp\/v2\/product\/17884","targetHints":{"allow":["GET"]}}],"collection":[{"href":"https:\/\/boreait.com\/fr\/wp-json\/wp\/v2\/product"}],"about":[{"href":"https:\/\/boreait.com\/fr\/wp-json\/wp\/v2\/types\/product"}],"wp:featuredmedia":[{"embeddable":true,"href":"https:\/\/boreait.com\/fr\/wp-json\/wp\/v2\/media\/17913"}],"wp:attachment":[{"href":"https:\/\/boreait.com\/fr\/wp-json\/wp\/v2\/media?parent=17884"}],"wp:term":[{"taxonomy":"product_brand","embeddable":true,"href":"https:\/\/boreait.com\/fr\/wp-json\/wp\/v2\/product_brand?post=17884"},{"taxonomy":"product_cat","embeddable":true,"href":"https:\/\/boreait.com\/fr\/wp-json\/wp\/v2\/product_cat?post=17884"},{"taxonomy":"product_tag","embeddable":true,"href":"https:\/\/boreait.com\/fr\/wp-json\/wp\/v2\/product_tag?post=17884"}],"curies":[{"name":"wp","href":"https:\/\/api.w.org\/{rel}","templated":true}]}}