{"id":17877,"date":"2025-09-16T17:15:36","date_gmt":"2025-09-16T15:15:36","guid":{"rendered":"https:\/\/boreait.com\/fr\/?post_type=product&#038;p=17877"},"modified":"2025-09-16T17:17:06","modified_gmt":"2025-09-16T15:17:06","slug":"ecran-lcd-16-fhd-1920x1200-ips-mat-30-broches-non-tactile-neuf","status":"publish","type":"product","link":"https:\/\/boreait.com\/fr\/produit\/ecran-lcd-16-fhd-1920x1200-ips-mat-30-broches-non-tactile-neuf\/","title":{"rendered":"\u00c9cran LCD 16&Prime; FHD+ 1920&#215;1200 IPS Mat 30 broches Non tactile Neuf"},"content":{"rendered":"<p data-start=\"515\" data-end=\"812\">Am\u00e9liorez ou remplacez l&rsquo;\u00e9cran de votre ordinateur portable avec cet \u00e9cran LCD 16 pouces haut de gamme, con\u00e7u pour offrir des images nettes et \u00e9clatantes. Dot\u00e9 d&rsquo;une r\u00e9solution Full HD+ de 1920 x 1200 pixels et de la technologie IPS, il garantit de larges angles de vision et une reproduction fid\u00e8le des couleurs, id\u00e9al pour le travail comme pour les loisirs.<\/p>\n<p data-start=\"814\" data-end=\"1027\">Sa finition mate r\u00e9duit les reflets, ce qui le rend id\u00e9al pour les environnements lumineux. Ce panneau est \u00e9quip\u00e9 d&rsquo;un connecteur eDP 30 broches (19 mm) et est non tactile, adapt\u00e9 aux ordinateurs portables compatibles n\u00e9cessitant cette configuration sp\u00e9cifique.<\/p>\n<p data-start=\"1029\" data-end=\"1169\">Des bandes autocollantes sont incluses pour simplifier l&rsquo;installation et garantir un ajustement s\u00fbr et net sans outils de montage suppl\u00e9mentaires.<\/p>\n<p data-start=\"1171\" data-end=\"1192\"><strong data-start=\"1171\" data-end=\"1190\">Sp\u00e9cifications\u00a0:<\/strong><\/p>\n<ul data-start=\"1193\" data-end=\"1446\">\n<li data-start=\"1193\" data-end=\"1218\">\n<p data-start=\"1195\" data-end=\"1218\"><strong data-start=\"1195\" data-end=\"1204\">Taille\u00a0:<\/strong> 16,0 pouces<\/p>\n<\/li>\n<li data-start=\"1219\" data-end=\"1255\">\n<p data-start=\"1221\" data-end=\"1255\"><strong data-start=\"1221\" data-end=\"1236\">R\u00e9solution\u00a0:<\/strong> 1920 x 1200 (FHD+)<\/p>\n<\/li>\n<li data-start=\"1256\" data-end=\"1279\">\n<p data-start=\"1258\" data-end=\"1279\"><strong data-start=\"1258\" data-end=\"1273\">Type de dalle\u00a0:<\/strong> IPS<\/p>\n<\/li>\n<li data-start=\"1280\" data-end=\"1314\">\n<p data-start=\"1282\" data-end=\"1314\"><strong data-start=\"1282\" data-end=\"1293\">Finition\u00a0: Mat (antireflet)<\/p>\n<\/li>\n<li data-start=\"1315\" data-end=\"1351\">\n<p data-start=\"1317\" data-end=\"1351\"><strong data-start=\"1317\" data-end=\"1331\">Connecteur\u00a0: eDP 30 broches (19\u00a0mm)<\/p>\n<\/li>\n<li data-start=\"1352\" data-end=\"1369\">\n<p data-start=\"1354\" data-end=\"1369\"><strong data-start=\"1354\" data-end=\"1364\">Tactile\u00a0: Non<\/p>\n<\/li>\n<li data-start=\"1370\" data-end=\"1398\">\n<p data-start=\"1372\" data-end=\"1398\"><strong data-start=\"1372\" data-end=\"1386\">\u00c9tat\u00a0:<\/strong> Neuf<\/p>\n<\/li>\n<li data-start=\"1399\" data-end=\"1446\">\n<p data-start=\"1401\" data-end=\"1446\"><strong data-start=\"1401\" data-end=\"1414\">Adh\u00e9sif\u00a0:<\/strong> Bandes autocollantes incluses<\/p>\n<\/li>\n<\/ul>\n<p data-start=\"1448\" data-end=\"1554\">Id\u00e9al pour remplacer l&rsquo;\u00e9cran d&rsquo;un ordinateur portable avec cette configuration. Veuillez v\u00e9rifier la compatibilit\u00e9 avant l&rsquo;achat.<\/p>\n","protected":false},"excerpt":{"rendered":"<p>\u00c9cran LCD de remplacement 16&Prime; neuf pour ordinateur portable \u2013 r\u00e9solution FHD+ 1920 x 1200, dalle IPS avec finition mate. Connecteur 30 broches (19 mm), non tactile. Bandes autocollantes incluses pour une installation facile.<\/p>\n","protected":false},"featured_media":17913,"template":"","meta":[],"product_brand":[],"product_cat":[116,95],"product_tag":[],"class_list":{"0":"post-17877","1":"product","2":"type-product","3":"status-publish","4":"has-post-thumbnail","6":"product_cat-116","7":"product_cat-new-laptop-screens-lcd-panels","9":"first","10":"instock","11":"taxable","12":"shipping-taxable","13":"purchasable","14":"product-type-simple"},"_links":{"self":[{"href":"https:\/\/boreait.com\/fr\/wp-json\/wp\/v2\/product\/17877","targetHints":{"allow":["GET"]}}],"collection":[{"href":"https:\/\/boreait.com\/fr\/wp-json\/wp\/v2\/product"}],"about":[{"href":"https:\/\/boreait.com\/fr\/wp-json\/wp\/v2\/types\/product"}],"wp:featuredmedia":[{"embeddable":true,"href":"https:\/\/boreait.com\/fr\/wp-json\/wp\/v2\/media\/17913"}],"wp:attachment":[{"href":"https:\/\/boreait.com\/fr\/wp-json\/wp\/v2\/media?parent=17877"}],"wp:term":[{"taxonomy":"product_brand","embeddable":true,"href":"https:\/\/boreait.com\/fr\/wp-json\/wp\/v2\/product_brand?post=17877"},{"taxonomy":"product_cat","embeddable":true,"href":"https:\/\/boreait.com\/fr\/wp-json\/wp\/v2\/product_cat?post=17877"},{"taxonomy":"product_tag","embeddable":true,"href":"https:\/\/boreait.com\/fr\/wp-json\/wp\/v2\/product_tag?post=17877"}],"curies":[{"name":"wp","href":"https:\/\/api.w.org\/{rel}","templated":true}]}}