{"id":17876,"date":"2025-09-16T17:15:36","date_gmt":"2025-09-16T15:15:36","guid":{"rendered":"https:\/\/boreait.com\/fr\/?post_type=product&#038;p=17876"},"modified":"2025-09-16T17:17:05","modified_gmt":"2025-09-16T15:17:05","slug":"ecran-lcd-ips-156-fhd-144-hz-lp156wfj-spb3-mat-edp-40-broches-neuf","status":"publish","type":"product","link":"https:\/\/boreait.com\/fr\/produit\/ecran-lcd-ips-156-fhd-144-hz-lp156wfj-spb3-mat-edp-40-broches-neuf\/","title":{"rendered":"\u00c9cran LCD IPS 15,6&Prime; FHD 144 Hz LP156WFJ-SPB3 mat eDP 40 broches, neuf"},"content":{"rendered":"<p data-start=\"575\" data-end=\"853\"><strong>Mod\u00e8le d&rsquo;\u00e9cran LCD actuel\u00a0: n156hra-ea1 REV C1 \u2013 ENTI\u00c8REMENT COMPATIBLE AVEC L&rsquo;\u00c9CRAN D&rsquo;ORDINATEUR PORTABLE LP156WFJ-SPB3<\/strong><\/p>\n<p data-start=\"619\" data-end=\"926\">Am\u00e9liorez l&rsquo;affichage de votre ordinateur portable avec ce <strong data-start=\"657\" data-end=\"695\">tout nouvel \u00e9cran LCD LP156WFJ-SPB3<\/strong>, con\u00e7u pour des performances, une clart\u00e9 et une fluidit\u00e9 visuelle optimales. Con\u00e7u pour les ordinateurs portables 15,6&Prime;, il offre une r\u00e9solution <strong data-start=\"789\" data-end=\"812\">Full HD (1920 x 1080)<\/strong> et un impressionnant taux de rafra\u00eechissement de <strong data-start=\"842\" data-end=\"864\">144 Hz<\/strong>, id\u00e9al pour les jeux, le travail cr\u00e9atif ou le multit\u00e2che \u00e0 grande vitesse.<\/p>\n<p data-start=\"928\" data-end=\"1187\">Sa <strong data-start=\"932\" data-end=\"948\">finition mate<\/strong> r\u00e9duit les reflets et la fatigue oculaire, tandis que la <strong data-start=\"990\" data-end=\"1008\">technologie IPS<\/strong> offre des couleurs \u00e9clatantes et des angles de vision larges. Cet \u00e9cran utilise un <strong data-start=\"1077\" data-end=\"1101\">connecteur eDP 40 broches<\/strong> et est compatible avec une large gamme de mod\u00e8les d&rsquo;ordinateurs portables compatibles. Configuration.<\/p>\n<h3 data-start=\"1189\" data-end=\"1206\">Principales caract\u00e9ristiques\u00a0:<\/h3>\n<ul data-start=\"1207\" data-end=\"1554\">\n<li data-start=\"1207\" data-end=\"1235\">\n<p data-start=\"1209\" data-end=\"1235\"><strong data-start=\"1209\" data-end=\"1219\">Mod\u00e8le\u00a0:<\/strong> LP156WFJ-SPB3<\/p>\n<\/li>\n<li data-start=\"1236\" data-end=\"1261\">\n<p data-start=\"1238\" data-end=\"1261\"><strong data-start=\"1238\" data-end=\"1247\">Taille\u00a0:<\/strong> 15,6 pouces<\/p>\n<\/li>\n<li data-start=\"1262\" data-end=\"1301\">\n<p data-start=\"1264\" data-end=\"1301\"><strong data-start=\"1264\" data-end=\"1279\">R\u00e9solution\u00a0:<\/strong> Full HD (1920 \u00d7 1080)<\/p>\n<\/li>\n<li data-start=\"1302\" data-end=\"1329\">\n<p data-start=\"1304\" data-end=\"1329\"><strong data-start=\"1304\" data-end=\"1321\">Fr\u00e9quence de rafra\u00eechissement\u00a0:<\/strong> 144\u00a0Hz<\/p>\n<\/li>\n<li data-start=\"1330\" data-end=\"1362\">\n<p data-start=\"1332\" data-end=\"1362\"><strong data-start=\"1332\" data-end=\"1349\">Affichage Type\u00a0: IPS, mat<\/p>\n<\/li>\n<li data-start=\"1363\" data-end=\"1392\">\n<p data-start=\"1365\" data-end=\"1392\"><strong data-start=\"1365\" data-end=\"1379\">Connecteur\u00a0: eDP 40 broches<\/p>\n<\/li>\n<li data-start=\"1393\" data-end=\"1421\">\n<p data-start=\"1395\" data-end=\"1421\"><strong data-start=\"1395\" data-end=\"1409\">\u00c9tat\u00a0: Neuf<\/p>\n<\/li>\n<li data-start=\"1422\" data-end=\"1478\">\n<p data-start=\"1424\" data-end=\"1478\"><strong data-start=\"1424\" data-end=\"1446\">Supports de montage\u00a0:<\/strong> Non inclus (haut et bas)<\/p>\n<\/li>\n<li data-start=\"1479\" data-end=\"1554\">\n<p data-start=\"1481\" data-end=\"1554\"><strong data-start=\"1481\" data-end=\"1498\">Installation\u00a0:<\/strong> Ruban adh\u00e9sif double-face inclus pour une installation facile.<\/p>\n<\/li>\n<\/ul>\n<p data-start=\"1556\" data-end=\"1687\">Veuillez v\u00e9rifier la compatibilit\u00e9 avec votre ordinateur portable avant l&rsquo;achat. En cas de doute, n&rsquo;h\u00e9sitez pas \u00e0 nous contacter en nous indiquant le num\u00e9ro de mod\u00e8le de votre ordinateur portable.<\/p>\n","protected":false},"excerpt":{"rendered":"<p>\u00c9cran LCD IPS 15,6&Prime; neuf (LP156WFJ-SPB3) avec r\u00e9solution Full HD, fr\u00e9quence de rafra\u00eechissement de 144 Hz et finition mate. Il est dot\u00e9 d&rsquo;une interface eDP 40 broches et d&rsquo;un ruban adh\u00e9sif double face pour une installation facile. Supports de montage sup\u00e9rieurs et inf\u00e9rieurs non inclus.<\/p>\n","protected":false},"featured_media":15657,"template":"","meta":[],"product_brand":[],"product_cat":[105,95],"product_tag":[],"class_list":{"0":"post-17876","1":"product","2":"type-product","3":"status-publish","4":"has-post-thumbnail","6":"product_cat-15-6-new-laptop-screens-lcd-panels","7":"product_cat-new-laptop-screens-lcd-panels","9":"first","10":"instock","11":"taxable","12":"shipping-taxable","13":"purchasable","14":"product-type-simple"},"_links":{"self":[{"href":"https:\/\/boreait.com\/fr\/wp-json\/wp\/v2\/product\/17876","targetHints":{"allow":["GET"]}}],"collection":[{"href":"https:\/\/boreait.com\/fr\/wp-json\/wp\/v2\/product"}],"about":[{"href":"https:\/\/boreait.com\/fr\/wp-json\/wp\/v2\/types\/product"}],"wp:featuredmedia":[{"embeddable":true,"href":"https:\/\/boreait.com\/fr\/wp-json\/wp\/v2\/media\/15657"}],"wp:attachment":[{"href":"https:\/\/boreait.com\/fr\/wp-json\/wp\/v2\/media?parent=17876"}],"wp:term":[{"taxonomy":"product_brand","embeddable":true,"href":"https:\/\/boreait.com\/fr\/wp-json\/wp\/v2\/product_brand?post=17876"},{"taxonomy":"product_cat","embeddable":true,"href":"https:\/\/boreait.com\/fr\/wp-json\/wp\/v2\/product_cat?post=17876"},{"taxonomy":"product_tag","embeddable":true,"href":"https:\/\/boreait.com\/fr\/wp-json\/wp\/v2\/product_tag?post=17876"}],"curies":[{"name":"wp","href":"https:\/\/api.w.org\/{rel}","templated":true}]}}