{"id":17875,"date":"2025-09-16T17:15:36","date_gmt":"2025-09-16T15:15:36","guid":{"rendered":"https:\/\/boreait.com\/fr\/?post_type=product&#038;p=17875"},"modified":"2025-09-16T17:17:05","modified_gmt":"2025-09-16T15:17:05","slug":"ecran-lcd-ips-fhd-156-m156nvf4-r0-mat-40-broches-sans-supports-144-hz","status":"publish","type":"product","link":"https:\/\/boreait.com\/fr\/produit\/ecran-lcd-ips-fhd-156-m156nvf4-r0-mat-40-broches-sans-supports-144-hz\/","title":{"rendered":"\u00c9cran LCD IPS FHD 15,6&Prime; M156NVF4 R0, mat, 40 broches, sans supports, 144 Hz"},"content":{"rendered":"<p data-start=\"575\" data-end=\"853\"><strong>Mod\u00e8le d&rsquo;\u00e9cran LCD actuel\u00a0: n156hra-ea1 REV C1 \u2013 ENTI\u00c8REMENT COMPATIBLE AVEC L&rsquo;\u00c9CRAN D&rsquo;ORDINATEUR PORTABLE M156NVF4 R0<\/strong><\/p>\n<p data-start=\"575\" data-end=\"853\">Am\u00e9liorez l&rsquo;affichage de votre ordinateur portable avec cet <strong data-start=\"630\" data-end=\"656\">\u00e9cran LCD M156NVF4 R0<\/strong> hautes performances, con\u00e7u pour offrir des images fluides et des couleurs \u00e9clatantes. Avec une r\u00e9solution <strong data-start=\"720\" data-end=\"753\">15,6 pouces Full HD (1920 x 1080)<\/strong> et une <strong data-start=\"769\" data-end=\"791\">fr\u00e9quence de rafra\u00eechissement de 144 Hz<\/strong>, il est id\u00e9al pour les joueurs, les cr\u00e9atifs et les professionnels.<\/p>\n<p data-start=\"855\" data-end=\"1204\">La technologie <strong data-start=\"859\" data-end=\"887\">IPS (In-Plane Switching)<\/strong> garantit des couleurs et une luminosit\u00e9 homog\u00e8nes sous tous les angles, tandis que la <strong data-start=\"965\" data-end=\"981\">finition mate<\/strong> r\u00e9duit les reflets pour un confort visuel optimal, m\u00eame en pleine lumi\u00e8re. Le panneau utilise un <strong data-start=\"1062\" data-end=\"1086\">connecteur eDP 40 broches<\/strong> et offre une conception fine et sans support, id\u00e9ale pour les ordinateurs portables qui n&rsquo;en ont pas besoin ou qui sont mont\u00e9s s\u00e9par\u00e9ment.<\/p>\n<p data-start=\"1206\" data-end=\"1354\">Pour une installation facile, le <strong data-start=\"1236\" data-end=\"1283\">ruban adh\u00e9sif double face inclus<\/strong> facilite le montage en toute s\u00e9curit\u00e9, sans outils ni pi\u00e8ces suppl\u00e9mentaires.<\/p>\n<h4 data-start=\"1356\" data-end=\"1379\">\ud83d\udd27 Sp\u00e9cifications\u00a0:<\/h4>\n<ul data-start=\"1380\" data-end=\"1732\">\n<li data-start=\"1380\" data-end=\"1406\">\n<p data-start=\"1382\" data-end=\"1406\"><strong data-start=\"1382\" data-end=\"1391\">Mod\u00e8le<\/strong>\u00a0: M156NVF4 R0<\/p>\n<\/li>\n<li data-start=\"1407\" data-end=\"1432\">\n<p data-start=\"1409\" data-end=\"1432\"><strong data-start=\"1409\" data-end=\"1417\">Taille<\/strong>\u00a0: 15,6 pouces<\/p>\n<\/li>\n<li data-start=\"1433\" data-end=\"1472\">\n<p data-start=\"1435\" data-end=\"1472\"><strong data-start=\"1435\" data-end=\"1449\">R\u00e9solution<\/strong>\u00a0: Full HD (1920 x 1080)<\/p>\n<\/li>\n<li data-start=\"1473\" data-end=\"1496\">\n<p data-start=\"1475\" data-end=\"1496\"><strong data-start=\"1475\" data-end=\"1489\">Type de dalle<\/strong>\u00a0: IPS<\/p>\n<\/li>\n<li data-start=\"1497\" data-end=\"1524\">\n<p data-start=\"1499\" data-end=\"1524\"><strong data-start=\"1499\" data-end=\"1515\">Fr\u00e9quence de rafra\u00eechissement<\/strong>\u00a0: 144\u00a0Hz<\/p>\n<\/li>\n<li data-start=\"1525\" data-end=\"1560\">\n<p data-start=\"1527\" data-end=\"1560\"><strong data-start=\"1527\" data-end=\"1538\">Surface<\/strong>\u00a0: Mat \/ Antireflet<\/p>\n<\/li>\n<li data-start=\"1561\" data-end=\"1590\">\n<p data-start=\"1563\" data-end=\"1590\"><strong data-start=\"1563\" data-end=\"1576\">Connecteur<\/strong>\u00a0: eDP 40 broches<\/p>\n<\/li>\n<li data-start=\"1591\" data-end=\"1646\">\n<p data-start=\"1593\" data-end=\"1646\"><strong data-start=\"1593\" data-end=\"1605\">Supports<\/strong>\u00a0: Non inclus (supports sup\u00e9rieur et inf\u00e9rieur non inclus)<\/p>\n<\/li>\n<li data-start=\"1647\" data-end=\"1705\">\n<p data-start=\"1649\" data-end=\"1705\"><strong data-start=\"1649\" data-end=\"1659\">Suppl\u00e9ments<\/strong>\u00a0: Livr\u00e9 avec du ruban adh\u00e9sif double face.<\/p>\n<\/li>\n<li data-start=\"1706\" data-end=\"1732\">\n<p data-start=\"1708\" data-end=\"1732\"><strong data-start=\"1708\" data-end=\"1721\">\u00c9tat<\/strong>\u00a0: Neuf.<\/p>\n<\/li>\n<\/ul>\n<p data-start=\"1734\" data-end=\"1868\">\u2705 Qualit\u00e9 test\u00e9e pour l&rsquo;int\u00e9grit\u00e9 des pixels et les performances. Remplacement id\u00e9al pour une large gamme d&rsquo;ordinateurs portables 15,6 pouces compatibles avec les dalles IPS 144 Hz.<\/p>\n","protected":false},"excerpt":{"rendered":"<p>\u00c9cran LCD IPS mat FHD 15,6&Prime; M156NVF4 R0 neuf pour ordinateur portable. Il dispose d&rsquo;un taux de rafra\u00eechissement de 144 Hz, d&rsquo;un connecteur eDP 40 broches et d&rsquo;un ruban adh\u00e9sif double face pour une installation facile. Supports sup\u00e9rieur et inf\u00e9rieur non inclus.<\/p>\n","protected":false},"featured_media":15657,"template":"","meta":[],"product_brand":[],"product_cat":[105,95],"product_tag":[],"class_list":{"0":"post-17875","1":"product","2":"type-product","3":"status-publish","4":"has-post-thumbnail","6":"product_cat-15-6-new-laptop-screens-lcd-panels","7":"product_cat-new-laptop-screens-lcd-panels","9":"first","10":"instock","11":"taxable","12":"shipping-taxable","13":"purchasable","14":"product-type-simple"},"_links":{"self":[{"href":"https:\/\/boreait.com\/fr\/wp-json\/wp\/v2\/product\/17875","targetHints":{"allow":["GET"]}}],"collection":[{"href":"https:\/\/boreait.com\/fr\/wp-json\/wp\/v2\/product"}],"about":[{"href":"https:\/\/boreait.com\/fr\/wp-json\/wp\/v2\/types\/product"}],"wp:featuredmedia":[{"embeddable":true,"href":"https:\/\/boreait.com\/fr\/wp-json\/wp\/v2\/media\/15657"}],"wp:attachment":[{"href":"https:\/\/boreait.com\/fr\/wp-json\/wp\/v2\/media?parent=17875"}],"wp:term":[{"taxonomy":"product_brand","embeddable":true,"href":"https:\/\/boreait.com\/fr\/wp-json\/wp\/v2\/product_brand?post=17875"},{"taxonomy":"product_cat","embeddable":true,"href":"https:\/\/boreait.com\/fr\/wp-json\/wp\/v2\/product_cat?post=17875"},{"taxonomy":"product_tag","embeddable":true,"href":"https:\/\/boreait.com\/fr\/wp-json\/wp\/v2\/product_tag?post=17875"}],"curies":[{"name":"wp","href":"https:\/\/api.w.org\/{rel}","templated":true}]}}