{"id":17874,"date":"2025-09-16T17:15:36","date_gmt":"2025-09-16T15:15:36","guid":{"rendered":"https:\/\/boreait.com\/fr\/?post_type=product&#038;p=17874"},"modified":"2025-09-16T17:17:04","modified_gmt":"2025-09-16T15:17:04","slug":"ecran-lcd-hp-zbook-15-g5-l08936-nd1-156-fhd-144-hz-ips-mat-neuf","status":"publish","type":"product","link":"https:\/\/boreait.com\/fr\/produit\/ecran-lcd-hp-zbook-15-g5-l08936-nd1-156-fhd-144-hz-ips-mat-neuf\/","title":{"rendered":"\u00c9cran LCD HP ZBook 15 G5 L08936-ND1 15,6&Prime; FHD 144 Hz IPS mat, neuf"},"content":{"rendered":"<p><strong>Mod\u00e8le d&rsquo;\u00e9cran LCD actuel\u00a0: n156hra-ea1 REV C1 \u2013 ENTI\u00c8REMENT COMPATIBLE AVEC L&rsquo;\u00c9CRAN D&rsquo;ORDINATEUR PORTABLE L08936-ND1 &#8211; HP ZBook 15 G5<\/strong><\/p>\n<p data-start=\"734\" data-end=\"1035\">Restaurez l&rsquo;image nette de votre HP ZBook 15 G5 avec cet \u00e9cran LCD de remplacement de haute qualit\u00e9 (Mod\u00e8le\u00a0: L08936-ND1). Con\u00e7u pour une compatibilit\u00e9 optimale, ce tout nouveau panneau offre une clart\u00e9, une vitesse et une pr\u00e9cision des couleurs exceptionnelles, id\u00e9al pour une utilisation professionnelle et quotidienne.<\/p>\n<p data-start=\"1037\" data-end=\"1056\"><strong data-start=\"1037\" data-end=\"1054\">Caract\u00e9ristiques principales\u00a0:<\/strong><\/p>\n<ul data-start=\"1057\" data-end=\"1580\">\n<li data-start=\"1057\" data-end=\"1082\">\n<p data-start=\"1059\" data-end=\"1082\"><strong data-start=\"1059\" data-end=\"1069\">Mod\u00e8le\u00a0:<\/strong> L08936-ND1<\/p>\n<\/li>\n<li data-start=\"1083\" data-end=\"1120\">\n<p data-start=\"1085\" data-end=\"1120\"><strong data-start=\"1085\" data-end=\"1103\">Compatibilit\u00e9\u00a0: HP ZBook 15 G5<\/p>\n<\/li>\n<li data-start=\"1121\" data-end=\"1146\">\n<p data-start=\"1123\" data-end=\"1146\"><strong data-start=\"1123\" data-end=\"1132\">Taille\u00a0: 15,6 pouces<\/p>\n<\/li>\n<li data-start=\"1147\" data-end=\"1186\">\n<p data-start=\"1149\" data-end=\"1186\"><strong data-start=\"1149\" data-end=\"1164\">R\u00e9solution\u00a0: Full HD (1920 x 1080)<\/p>\n<\/li>\n<li data-start=\"1187\" data-end=\"1257\">\n<p data-start=\"1189\" data-end=\"1257\"><strong data-start=\"1189\" data-end=\"1206\">Fr\u00e9quence de rafra\u00eechissement\u00a0:<\/strong> 144\u00a0Hz \u2013 performances fluides pour les t\u00e2ches \u00e0 mouvements intenses<\/p>\n<\/li>\n<li data-start=\"1258\" data-end=\"1327\">\n<p data-start=\"1260\" data-end=\"1327\"><strong data-start=\"1260\" data-end=\"1275\">Type de dalle\u00a0:<\/strong> IPS \u2013 angles de vision larges et couleurs r\u00e9alistes<\/p>\n<\/li>\n<li data-start=\"1328\" data-end=\"1387\">\n<p data-start=\"1330\" data-end=\"1387\"><strong data-start=\"1330\" data-end=\"1342\">Surface\u00a0:<\/strong> Mate \u2013 antireflet pour un confort de visionnage optimal.<\/p>\n<\/li>\n<li data-start=\"1388\" data-end=\"1417\">\n<p data-start=\"1390\" data-end=\"1417\"><strong data-start=\"1390\" data-end=\"1404\">Connecteur\u00a0:<\/strong> eDP 40 broches.<\/p>\n<\/li>\n<li data-start=\"1418\" \u200b\u200bdata-end=\"1474\">\n<p data-start=\"1420\" data-end=\"1474\"><strong data-start=\"1420\" data-end=\"1433\">Supports\u00a0:<\/strong> <em data-start=\"1434\" data-end=\"1472\">Supports sup\u00e9rieur et inf\u00e9rieur non inclus.<\/em><\/p>\n<\/li>\n<li data-start=\"1475\" data-end=\"1551\">\n<p data-start=\"1477\" data-end=\"1551\"><strong data-start=\"1477\" data-end=\"1494\">Installation\u00a0:<\/strong> Ruban adh\u00e9sif double face inclus pour une fixation s\u00fbre.<\/p>\n<\/li>\n<li data-start=\"1552\" data-end=\"1580\">\n<p data-start=\"1554\" data-end=\"1580\"><strong data-start=\"1554\" data-end=\"1568\">\u00c9tat\u00a0:<\/strong> Neuf.<\/p>\n<\/li>\n<\/ul>\n<p data-start=\"1582\" data-end=\"1844\"><strong data-start=\"1582\" data-end=\"1609\">Pourquoi choisir cet \u00e9cran\u00a0?<\/strong><br data-start=\"1609\" data-end=\"1612\" \/>Cet \u00e9cran remplace directement votre \u00e9cran d&rsquo;origine et r\u00e9pond aux normes de qualit\u00e9 OEM. Que vous r\u00e9pariez un \u00e9cran endommag\u00e9 ou optiez pour un \u00e9cran mat haute r\u00e9solution, cet \u00e9cran vous garantit une exp\u00e9rience visuelle impeccable.<\/p>\n","protected":false},"excerpt":{"rendered":"<p>\u00c9cran LCD de remplacement neuf pour HP ZBook 15 G5 (L08936-ND1). Il est dot\u00e9 d&rsquo;un \u00e9cran mat Full HD de 15,6 pouces avec un taux de rafra\u00eechissement de 144 Hz, d&rsquo;un connecteur eDP 40 broches et d&rsquo;une dalle IPS \u00e9clatante. Les supports sup\u00e9rieur et inf\u00e9rieur ne sont pas inclus. Un ruban adh\u00e9sif double face est fourni pour une installation facile.<\/p>\n","protected":false},"featured_media":15657,"template":"","meta":[],"product_brand":[],"product_cat":[105,95],"product_tag":[],"class_list":{"0":"post-17874","1":"product","2":"type-product","3":"status-publish","4":"has-post-thumbnail","6":"product_cat-15-6-new-laptop-screens-lcd-panels","7":"product_cat-new-laptop-screens-lcd-panels","9":"first","10":"instock","11":"taxable","12":"shipping-taxable","13":"purchasable","14":"product-type-simple"},"_links":{"self":[{"href":"https:\/\/boreait.com\/fr\/wp-json\/wp\/v2\/product\/17874","targetHints":{"allow":["GET"]}}],"collection":[{"href":"https:\/\/boreait.com\/fr\/wp-json\/wp\/v2\/product"}],"about":[{"href":"https:\/\/boreait.com\/fr\/wp-json\/wp\/v2\/types\/product"}],"wp:featuredmedia":[{"embeddable":true,"href":"https:\/\/boreait.com\/fr\/wp-json\/wp\/v2\/media\/15657"}],"wp:attachment":[{"href":"https:\/\/boreait.com\/fr\/wp-json\/wp\/v2\/media?parent=17874"}],"wp:term":[{"taxonomy":"product_brand","embeddable":true,"href":"https:\/\/boreait.com\/fr\/wp-json\/wp\/v2\/product_brand?post=17874"},{"taxonomy":"product_cat","embeddable":true,"href":"https:\/\/boreait.com\/fr\/wp-json\/wp\/v2\/product_cat?post=17874"},{"taxonomy":"product_tag","embeddable":true,"href":"https:\/\/boreait.com\/fr\/wp-json\/wp\/v2\/product_tag?post=17874"}],"curies":[{"name":"wp","href":"https:\/\/api.w.org\/{rel}","templated":true}]}}