{"id":17863,"date":"2025-09-16T17:15:09","date_gmt":"2025-09-16T15:15:09","guid":{"rendered":"https:\/\/boreait.com\/fr\/?post_type=product&#038;p=17863"},"modified":"2025-10-15T14:12:31","modified_gmt":"2025-10-15T12:12:31","slug":"ecran-lcd-hp-15s-ea1034nm-156-fhd-ips-mat-30-broches-edp-neuf","status":"publish","type":"product","link":"https:\/\/boreait.com\/fr\/produit\/ecran-lcd-hp-15s-ea1034nm-156-fhd-ips-mat-30-broches-edp-neuf\/","title":{"rendered":"\u00c9cran LCD HP 15s-ea1034nm 15,6&Prime; FHD IPS mat 30 broches EDP neuf"},"content":{"rendered":"<p data-start=\"692\" data-end=\"1004\"><strong>Mod\u00e8le d&rsquo;\u00e9cran LCD actuel\u00a0: B156HAN02.1 &#8211; Enti\u00e8rement compatible avec HP 15s-ea1034nm<\/strong><\/p>\n<p data-start=\"692\" data-end=\"1004\">Am\u00e9liorez ou remplacez l&rsquo;\u00e9cran endommag\u00e9 de votre ordinateur portable avec ce <strong data-start=\"749\" data-end=\"811\">\u00e9cran LCD de remplacement neuf compatible avec HP 15s-ea1034nm<\/strong>. Con\u00e7u pour offrir des images d&rsquo;une nettet\u00e9 exceptionnelle et une pr\u00e9cision des couleurs sup\u00e9rieure, cet \u00e9cran IPS Full HD de 15,6 pouces garantit une exp\u00e9rience dynamique et immersive, id\u00e9ale pour le travail, les \u00e9tudes ou les loisirs.<\/p>\n<p data-start=\"1006\" data-end=\"1023\"><strong data-start=\"1006\" data-end=\"1023\">Principales caract\u00e9ristiques\u00a0:<\/strong><\/p>\n<ul data-start=\"1024\" data-end=\"1333\">\n<li data-start=\"1024\" data-end=\"1067\">\n<p data-start=\"1026\" data-end=\"1067\"><strong data-start=\"1026\" data-end=\"1044\">Compatibilit\u00e9\u00a0:<\/strong> HP s\u00e9rie 15s-ea1034nm<\/p>\n<\/li>\n<li data-start=\"1068\" data-end=\"1091\">\n<p data-start=\"1070\" data-end=\"1091\"><strong data-start=\"1070\" data-end=\"1079\">Taille\u00a0: 15,6 pouces<\/p>\n<\/li>\n<li data-start=\"1092\" data-end=\"1131\">\n<p data-start=\"1094\" data-end=\"1131\"><strong data-start=\"1094\" data-end=\"1109\">R\u00e9solution\u00a0: Full HD (1920 x 1080)<\/p>\n<\/li>\n<li data-start=\"1132\" data-end=\"1198\">\n<p data-start=\"1134\" data-end=\"1198\"><strong data-start=\"1134\" data-end=\"1149\">Type de dalle\u00a0: IPS (In-Plane Switching) pour de larges angles de vision.<\/p>\n<\/li>\n<li data-start=\"1199\" data-end=\"1237\">\n<p data-start=\"1201\" data-end=\"1237\"><strong data-start=\"1201\" data-end=\"1212\">Finition\u00a0:<\/strong> Rev\u00eatement mat antireflet.<\/p>\n<\/li>\n<li data-start=\"1238\" data-end=\"1280\">\n<p data-start=\"1240\" data-end=\"1280\"><strong data-start=\"1240\" data-end=\"1254\">Connecteur\u00a0:<\/strong> EDP 30 broches (en bas \u00e0 droite).<\/p>\n<\/li>\n<li data-start=\"1281\" data-end=\"1312\">\n<p data-start=\"1283\" data-end=\"1312\"><strong data-start=\"1283\" data-end=\"1297\">\u00c9tat\u00a0: 100\u00a0% neuf<\/p>\n<\/li>\n<li data-start=\"1313\" data-end=\"1333\">\n<p data-start=\"1315\" data-end=\"1333\"><strong data-start=\"1315\" data-end=\"1329\">R\u00e9tro\u00e9clairage\u00a0: LED<\/p>\n<\/li>\n<\/ul>\n<p data-start=\"1335\" data-end=\"1619\"><strong data-start=\"1335\" data-end=\"1362\">Pourquoi choisir cet \u00e9cran\u00a0?<\/strong><\/p>\n<p>Cet \u00e9cran est fabriqu\u00e9 selon les normes OEM les plus strictes pour une installation facile et une compatibilit\u00e9 parfaite. Que vous soyez technicien ou bricoleur, voici une solution fiable et \u00e9conomique pour restaurer les performances d&rsquo;origine de l&rsquo;\u00e9cran de votre ordinateur portable.<\/p>\n<p data-start=\"1621\" data-end=\"1731\"><strong data-start=\"1621\" data-end=\"1637\">Remarque\u00a0:<\/strong> Les supports ne sont pas inclus. V\u00e9rifiez les sp\u00e9cifications de votre \u00e9cran actuel et l&#8217;emplacement des connecteurs avant l&rsquo;achat.<\/p>\n","protected":false},"excerpt":{"rendered":"<p data-start=\"321\" data-end=\"501\">Remplacez votre \u00e9cran cass\u00e9 ou faiblement \u00e9clair\u00e9 par ce tout nouvel \u00e9cran LCD IPS mat FHD 15,6&Prime; pour HP 15s-ea1034nm. Il est dot\u00e9 d&rsquo;un connecteur EDP 30 broches, d&rsquo;une clart\u00e9 d&rsquo;affichage de haute qualit\u00e9 et de larges angles de vision.<\/p>\n","protected":false},"featured_media":16978,"template":"","meta":[],"product_brand":[],"product_cat":[105,95],"product_tag":[],"class_list":{"0":"post-17863","1":"product","2":"type-product","3":"status-publish","4":"has-post-thumbnail","6":"product_cat-15-6-new-laptop-screens-lcd-panels","7":"product_cat-new-laptop-screens-lcd-panels","9":"first","10":"instock","11":"taxable","12":"shipping-taxable","13":"purchasable","14":"product-type-simple"},"_links":{"self":[{"href":"https:\/\/boreait.com\/fr\/wp-json\/wp\/v2\/product\/17863","targetHints":{"allow":["GET"]}}],"collection":[{"href":"https:\/\/boreait.com\/fr\/wp-json\/wp\/v2\/product"}],"about":[{"href":"https:\/\/boreait.com\/fr\/wp-json\/wp\/v2\/types\/product"}],"wp:featuredmedia":[{"embeddable":true,"href":"https:\/\/boreait.com\/fr\/wp-json\/wp\/v2\/media\/16978"}],"wp:attachment":[{"href":"https:\/\/boreait.com\/fr\/wp-json\/wp\/v2\/media?parent=17863"}],"wp:term":[{"taxonomy":"product_brand","embeddable":true,"href":"https:\/\/boreait.com\/fr\/wp-json\/wp\/v2\/product_brand?post=17863"},{"taxonomy":"product_cat","embeddable":true,"href":"https:\/\/boreait.com\/fr\/wp-json\/wp\/v2\/product_cat?post=17863"},{"taxonomy":"product_tag","embeddable":true,"href":"https:\/\/boreait.com\/fr\/wp-json\/wp\/v2\/product_tag?post=17863"}],"curies":[{"name":"wp","href":"https:\/\/api.w.org\/{rel}","templated":true}]}}