{"id":17861,"date":"2025-09-16T17:15:09","date_gmt":"2025-09-16T15:15:09","guid":{"rendered":"https:\/\/boreait.com\/fr\/?post_type=product&#038;p=17861"},"modified":"2025-10-15T14:12:32","modified_gmt":"2025-10-15T12:12:32","slug":"ecran-lcd-pour-lenovo-thinkpad-t15-gen-1-156-fhd-ips-mat-neuf","status":"publish","type":"product","link":"https:\/\/boreait.com\/fr\/produit\/ecran-lcd-pour-lenovo-thinkpad-t15-gen-1-156-fhd-ips-mat-neuf\/","title":{"rendered":"\u00c9cran LCD pour Lenovo ThinkPad T15 Gen 1 \u2013 15,6&Prime; FHD IPS Mat (Neuf)"},"content":{"rendered":"<p><strong><span data-sheets-root=\"1\">Mod\u00e8le d&rsquo;\u00e9cran LCD actuel\u00a0: B156HAN02.1 &#8211; Enti\u00e8rement compatible avec le Lenovo ThinkPad T15 Gen1<\/span><\/strong><\/p>\n<p data-start=\"551\" data-end=\"938\">Redonnez \u00e0 votre Lenovo ThinkPad T15 Gen1 toute sa qualit\u00e9 d&rsquo;affichage gr\u00e2ce \u00e0 cet \u00e9cran LCD de remplacement haut de gamme. Con\u00e7u pour une adaptation parfaite et des performances sup\u00e9rieures, cet \u00e9cran de 15,6 pouces offre une r\u00e9solution Full HD (1920 x 1080) avec la technologie IPS pour des images nettes et des angles de vision larges. La finition mate r\u00e9duit les reflets, ce qui le rend id\u00e9al pour une utilisation prolong\u00e9e dans toutes les conditions d&rsquo;\u00e9clairage.<\/p>\n<p data-start=\"940\" data-end=\"961\"><strong data-start=\"940\" data-end=\"959\">Sp\u00e9cifications\u00a0:<\/strong><\/p>\n<ul data-start=\"962\" data-end=\"1195\">\n<li data-start=\"962\" data-end=\"1010\">\n<p data-start=\"964\" data-end=\"1010\"><strong data-start=\"964\" data-end=\"982\">Compatibilit\u00e9\u00a0:<\/strong> Lenovo ThinkPad T15 Gen 1<\/p>\n<\/li>\n<li data-start=\"1011\" data-end=\"1036\">\n<p data-start=\"1013\" data-end=\"1036\"><strong data-start=\"1013\" data-end=\"1022\">Taille\u00a0: 15,6 pouces<\/p>\n<\/li>\n<li data-start=\"1037\" data-end=\"1076\">\n<p data-start=\"1039\" data-end=\"1076\"><strong data-start=\"1039\" data-end=\"1054\">R\u00e9solution\u00a0: Full HD (1920 x 1080)<\/p>\n<\/li>\n<li data-start=\"1077\" data-end=\"1106\">\n<p data-start=\"1079\" data-end=\"1106\"><strong data-start=\"1079\" data-end=\"1093\">Connecteur\u00a0: eDP 30 broches<\/p>\n<\/li>\n<li data-start=\"1107\" data-end=\"1130\">\n<p data-start=\"1109\" data-end=\"1130\"><strong data-start=\"1109\" data-end=\"1124\">Type de dalle\u00a0: IPS<\/p>\n<\/li>\n<li data-start=\"1131\" data-end=\"1166\">\n<p data-start=\"1133\" data-end=\"1166\"><strong data-start=\"1133\" data-end=\"1145\">Surface\u00a0: Mat \/ Antireflet<\/p>\n<\/li>\n<li data-start=\"1167\" data-end=\"1195\">\n<p data-start=\"1169\" data-end=\"1195\"><strong data-start=\"1169\" data-end=\"1183\">\u00c9tat\u00a0: Neuf<\/p>\n<\/li>\n<\/ul>\n<p data-start=\"1197\" data-end=\"1357\">Que votre \u00e9cran d&rsquo;origine soit fissur\u00e9, faiblement \u00e9clair\u00e9 ou non fonctionnel, ce remplacement offre une solution fiable, avec une qualit\u00e9 et une clart\u00e9 identiques \u00e0 celles de l&rsquo;original.<\/p>\n<p data-start=\"1359\" data-end=\"1497\"><strong data-start=\"1359\" data-end=\"1368\">Remarque\u00a0:<\/strong> Veuillez v\u00e9rifier la compatibilit\u00e9 en faisant correspondre le connecteur et le type d&rsquo;\u00e9cran avant l&rsquo;achat. Une installation par un professionnel est recommand\u00e9e.<\/p>\n","protected":false},"excerpt":{"rendered":"<p data-start=\"321\" data-end=\"501\">\u00c9cran LCD de remplacement neuf pour Lenovo ThinkPad T15 Gen 1. \u00c9cran mat Full HD de 15,6 pouces avec technologie IPS et connecteur eDP 30 broches. Clart\u00e9 parfaite et angles de vision larges.<\/p>\n","protected":false},"featured_media":16978,"template":"","meta":[],"product_brand":[],"product_cat":[105,95],"product_tag":[],"class_list":{"0":"post-17861","1":"product","2":"type-product","3":"status-publish","4":"has-post-thumbnail","6":"product_cat-15-6-new-laptop-screens-lcd-panels","7":"product_cat-new-laptop-screens-lcd-panels","9":"first","10":"instock","11":"taxable","12":"shipping-taxable","13":"purchasable","14":"product-type-simple"},"_links":{"self":[{"href":"https:\/\/boreait.com\/fr\/wp-json\/wp\/v2\/product\/17861","targetHints":{"allow":["GET"]}}],"collection":[{"href":"https:\/\/boreait.com\/fr\/wp-json\/wp\/v2\/product"}],"about":[{"href":"https:\/\/boreait.com\/fr\/wp-json\/wp\/v2\/types\/product"}],"wp:featuredmedia":[{"embeddable":true,"href":"https:\/\/boreait.com\/fr\/wp-json\/wp\/v2\/media\/16978"}],"wp:attachment":[{"href":"https:\/\/boreait.com\/fr\/wp-json\/wp\/v2\/media?parent=17861"}],"wp:term":[{"taxonomy":"product_brand","embeddable":true,"href":"https:\/\/boreait.com\/fr\/wp-json\/wp\/v2\/product_brand?post=17861"},{"taxonomy":"product_cat","embeddable":true,"href":"https:\/\/boreait.com\/fr\/wp-json\/wp\/v2\/product_cat?post=17861"},{"taxonomy":"product_tag","embeddable":true,"href":"https:\/\/boreait.com\/fr\/wp-json\/wp\/v2\/product_tag?post=17861"}],"curies":[{"name":"wp","href":"https:\/\/api.w.org\/{rel}","templated":true}]}}