{"id":17860,"date":"2025-09-16T17:15:09","date_gmt":"2025-09-16T15:15:09","guid":{"rendered":"https:\/\/boreait.com\/fr\/?post_type=product&#038;p=17860"},"modified":"2025-09-16T17:17:01","modified_gmt":"2025-09-16T15:17:01","slug":"ecran-lcd-mat-full-hd-156-b156htn03-8-30-broches-neuf-supports-inclus","status":"publish","type":"product","link":"https:\/\/boreait.com\/fr\/produit\/ecran-lcd-mat-full-hd-156-b156htn03-8-30-broches-neuf-supports-inclus\/","title":{"rendered":"\u00c9cran LCD mat Full HD 15,6&Prime; B156HTN03.8 | 30 broches | Neuf | Supports inclus"},"content":{"rendered":"<p data-start=\"696\" data-end=\"852\"><strong><span data-sheets-root=\"1\">Mod\u00e8le d&rsquo;\u00e9cran LCD actuel\u00a0: NV156FHM-N46 \/ B156HAN02.1 \/ LP156WF6-SPB1-SPK1-SPA1 \u2013 ENTI\u00c8REMENT COMPATIBLE AVEC L&rsquo;\u00c9CRAN D&rsquo;ORDINATEUR PORTABLE B156HTN03.8<\/span><\/strong><\/p>\n<p data-start=\"696\" data-end=\"852\">Redonnez vie \u00e0 votre ordinateur portable avec le <strong data-start=\"734\" data-end=\"778\">nouvel \u00e9cran LCD Full HD B156HTN03.8 de 15,6 pouces<\/strong>, con\u00e7u pour une qualit\u00e9 d&rsquo;affichage nette et une installation fluide.<\/p>\n<p data-start=\"854\" data-end=\"1148\">Cet \u00e9cran est dot\u00e9 d&rsquo;un <strong data-start=\"877\" data-end=\"901\">R\u00e9solution 1920 x 1080<\/strong> avec une <strong data-start=\"909\" data-end=\"938\">finition mate (antireflet)<\/strong>, id\u00e9ale pour r\u00e9duire les reflets et am\u00e9liorer la visibilit\u00e9 en ext\u00e9rieur ou dans les pi\u00e8ces lumineuses. Dot\u00e9 de la <strong data-start=\"1033\" data-end=\"1051\">technologie IPS<\/strong>, il garantit des couleurs \u00e9clatantes et de larges angles de vision, id\u00e9al pour le travail, le multim\u00e9dia et une utilisation g\u00e9n\u00e9rale.<\/p>\n<p data-start=\"1150\" data-end=\"1406\">L&rsquo;\u00e9cran est livr\u00e9 avec des <strong data-start=\"1164\" data-end=\"1200\">supports de montage sup\u00e9rieur et inf\u00e9rieur<\/strong> pr\u00e9-install\u00e9s, facilitant son installation s\u00e9curis\u00e9e dans le ch\u00e2ssis de votre ordinateur portable. L&rsquo;\u00e9cran se connecte via une <strong data-start=\"1302\" data-end=\"1326\">interface eDP 30 broches<\/strong> et est <strong data-start=\"1334\" data-end=\"1347\">non tactile<\/strong>, compatible avec de nombreux ordinateurs portables 15,6&Prime; \u00e9quip\u00e9s de ce type d&rsquo;\u00e9cran.<\/p>\n<p data-start=\"1408\" data-end=\"1427\">\u2705 <strong data-start=\"1410\" data-end=\"1427\">Caract\u00e9ristiques principales\u00a0:<\/strong><\/p>\n<ul data-start=\"1428\" data-end=\"1716\">\n<li data-start=\"1428\" data-end=\"1459\">\n<p data-start=\"1430\" data-end=\"1459\">Mod\u00e8le d&rsquo;\u00e9cran\u00a0: <strong data-start=\"1444\" data-end=\"1459\">B156HTN03.8<\/strong><\/p>\n<\/li>\n<li data-start=\"1460\" data-end=\"1481\">\n<p data-start=\"1462\" data-end=\"1481\">Taille\u00a0: <strong data-start=\"1468\" data-end=\"1481\">15,6 pouces<\/strong><\/p>\n<\/li>\n<li data-start=\"1482\" data-end=\"1521\">\n<p data-start=\"1484\" data-end=\"1521\">R\u00e9solution\u00a0: <strong data-start=\"1496\" data-end=\"1521\">1920 x 1080 (Full HD)<\/strong><\/p>\n<\/li>\n<li data-start=\"1522\" data-end=\"1555\">\n<p data-start=\"1524\" data-end=\"1555\">Type de dalle\u00a0: <strong data-start=\"1536\" data-end=\"1555\">IPS r\u00e9tro\u00e9clair\u00e9e par LED<\/strong><\/p>\n<\/li>\n<li data-start=\"1556\" data-end=\"1589\">\n<p data-start=\"1558\" data-end=\"1589\">Surface\u00a0: <strong data-start=\"1567\" data-end=\"1589\">Mat (antireflet)<\/strong><\/p>\n<\/li>\n<li data-start=\"1590\" data-end=\"1617\">\n<p data-start=\"1592\" data-end=\"1617\">Connecteur\u00a0: <strong data-start=\"1603\" data-end=\"1617\">eDP 30 broches<\/strong><\/p>\n<\/li>\n<li data-start=\"1618\" data-end=\"1640\">\n<p data-start=\"1620\" data-end=\"1640\">Tactile\u00a0: <strong data-start=\"1627\" data-end=\"1640\">Non tactile<\/strong><\/p>\n<\/li>\n<li data-start=\"1641\" data-end=\"1689\">\n<p data-start=\"1643\" data-end=\"1689\">Supports\u00a0: <strong data-start=\"1653\" data-end=\"1689\">Supports sup\u00e9rieur et inf\u00e9rieur inclus<\/strong><\/p>\n<\/li>\n<li data-start=\"1690\" data-end=\"1716\">\n<p data-start=\"1692\" data-end=\"1716\">\u00c9tat\u00a0: <strong data-start=\"1703\" data-end=\"1716\">Neuf<\/strong><\/p>\n<\/li>\n<\/ul>\n<p data-start=\"1718\" data-end=\"1918\">\ud83d\udd27 <strong data-start=\"1721\" data-end=\"1743\">Remarque concernant l&rsquo;installation\u00a0:<\/strong><br data-start=\"1743\" data-end=\"1746\" \/>Une installation professionnelle est recommand\u00e9e. Veuillez v\u00e9rifier la compatibilit\u00e9 en faisant correspondre le mod\u00e8le, la taille, la r\u00e9solution, le connecteur et les supports de l&rsquo;\u00e9cran \u00e0 votre \u00e9cran d&rsquo;origine.<\/p>\n","protected":false},"excerpt":{"rendered":"<p>Am\u00e9liorez l&rsquo;\u00e9cran de votre ordinateur portable avec ce tout nouvel \u00e9cran LCD Full HD B156HTN03.8 de 15,6 pouces. Il offre une r\u00e9solution nette de 1920 x 1080, une finition mate et des supports sup\u00e9rieurs et inf\u00e9rieurs pour une fixation s\u00e9curis\u00e9e. Cette dalle IPS non tactile \u00e0 r\u00e9tro\u00e9clairage LED \u00e0 30 broches offre des images nettes et de larges angles de vision. Compatible avec les ordinateurs portables \u00e0 interface eDP.<\/p>\n","protected":false},"featured_media":15197,"template":"","meta":[],"product_brand":[],"product_cat":[105,95],"product_tag":[],"class_list":{"0":"post-17860","1":"product","2":"type-product","3":"status-publish","4":"has-post-thumbnail","6":"product_cat-15-6-new-laptop-screens-lcd-panels","7":"product_cat-new-laptop-screens-lcd-panels","9":"first","10":"instock","11":"taxable","12":"shipping-taxable","13":"purchasable","14":"product-type-simple"},"_links":{"self":[{"href":"https:\/\/boreait.com\/fr\/wp-json\/wp\/v2\/product\/17860","targetHints":{"allow":["GET"]}}],"collection":[{"href":"https:\/\/boreait.com\/fr\/wp-json\/wp\/v2\/product"}],"about":[{"href":"https:\/\/boreait.com\/fr\/wp-json\/wp\/v2\/types\/product"}],"wp:featuredmedia":[{"embeddable":true,"href":"https:\/\/boreait.com\/fr\/wp-json\/wp\/v2\/media\/15197"}],"wp:attachment":[{"href":"https:\/\/boreait.com\/fr\/wp-json\/wp\/v2\/media?parent=17860"}],"wp:term":[{"taxonomy":"product_brand","embeddable":true,"href":"https:\/\/boreait.com\/fr\/wp-json\/wp\/v2\/product_brand?post=17860"},{"taxonomy":"product_cat","embeddable":true,"href":"https:\/\/boreait.com\/fr\/wp-json\/wp\/v2\/product_cat?post=17860"},{"taxonomy":"product_tag","embeddable":true,"href":"https:\/\/boreait.com\/fr\/wp-json\/wp\/v2\/product_tag?post=17860"}],"curies":[{"name":"wp","href":"https:\/\/api.w.org\/{rel}","templated":true}]}}