{"id":17859,"date":"2025-09-16T17:15:08","date_gmt":"2025-09-16T15:15:08","guid":{"rendered":"https:\/\/boreait.com\/fr\/?post_type=product&#038;p=17859"},"modified":"2025-09-16T17:17:01","modified_gmt":"2025-09-16T15:17:01","slug":"ecran-lcd-dell-inspiron-7580-156-fhd-led-mat-edp-supports-30-broches","status":"publish","type":"product","link":"https:\/\/boreait.com\/fr\/produit\/ecran-lcd-dell-inspiron-7580-156-fhd-led-mat-edp-supports-30-broches\/","title":{"rendered":"\u00c9cran LCD Dell Inspiron 7580 15,6&Prime; FHD LED mat eDP, supports 30 broches"},"content":{"rendered":"<p data-start=\"642\" data-end=\"917\"><strong><span data-sheets-root=\"1\">Mod\u00e8le d&rsquo;\u00e9cran LCD\u00a0: NV156FHM-N46 \/ B156HAN02.1 \/ LP156WF6-SPB1-SPK1-SPA1 \u2013 ENTI\u00c8REMENT COMPATIBLE AVEC L&rsquo;\u00c9CRAN D&rsquo;ORDINATEUR PORTABLE<\/span><\/strong><strong data-start=\"816\" data-end=\"847\">Dell Inspiron 7580<\/strong><\/p>\n<p data-start=\"642\" data-end=\"917\">Am\u00e9liorez ou remplacez l&rsquo;\u00e9cran de votre ordinateur portable Dell Inspiron 7580 par cet <strong data-start=\"722\" data-end=\"753\">\u00e9cran LCD Full HD 15,6 pouces<\/strong> de haute qualit\u00e9. Sp\u00e9cialement con\u00e7u pour le <strong data-start=\"785\" data-end=\"804\">mod\u00e8le non tactile<\/strong>, cet \u00e9cran offre une r\u00e9solution nette de 1920 x 1080 avec une <strong data-start=\"868\" data-end=\"884\">finition mate<\/strong> lisse pour r\u00e9duire les reflets.<\/p>\n<p data-start=\"919\" data-end=\"1164\">Il est dot\u00e9 d&rsquo;un <strong data-start=\"933\" data-end=\"957\">connecteur eDP 30 broches<\/strong>, d&rsquo;un <strong data-start=\"959\" data-end=\"976\">r\u00e9tro\u00e9clairage LED<\/strong> et de la technologie <strong data-start=\"982\" data-end=\"994\">panneau PS<\/strong>, garantissant des images \u00e9clatantes et une luminosit\u00e9 constante. L&rsquo;\u00e9cran est livr\u00e9 avec des <strong data-start=\"1079\" data-end=\"1106\">supports sup\u00e9rieurs et inf\u00e9rieurs<\/strong> pr\u00e9-fix\u00e9s, ce qui facilite et s\u00e9curise l&rsquo;installation.<\/p>\n<p data-start=\"1166\" data-end=\"1286\">Ce panneau est <strong data-start=\"1180\" data-end=\"1193\">neuf<\/strong>, test\u00e9 pour sa qualit\u00e9 et sa compatibilit\u00e9. Id\u00e9al pour les \u00e9crans fissur\u00e9s, scintillants ou pr\u00e9sentant des pixels morts.<\/p>\n<p data-start=\"1288\" data-end=\"1307\"><strong data-start=\"1288\" data-end=\"1307\">Sp\u00e9cifications\u00a0:<\/strong><\/p>\n<ul data-start=\"1308\" data-end=\"1629\">\n<li data-start=\"1308\" data-end=\"1382\">\n<p data-start=\"1310\" data-end=\"1382\"><strong data-start=\"1310\" data-end=\"1341\">Mod\u00e8les d&rsquo;ordinateurs portables compatibles\u00a0:<\/strong> Dell Inspiron 7580 (version non tactile)<\/p>\n<\/li>\n<li data-start=\"1383\" data-end=\"1408\">\n<p data-start=\"1385\" data-end=\"1408\"><strong data-start=\"1385\" data-end=\"1394\">Taille\u00a0: 15,6 pouces<\/p>\n<\/li>\n<li data-start=\"1409\" data-end=\"1450\">\n<p data-start=\"1411\" data-end=\"1450\"><strong data-start=\"1411\" data-end=\"1426\">R\u00e9solution\u00a0: 1920 x 1080 (Full HD)<\/p>\n<\/li>\n<li data-start=\"1451\" data-end=\"1480\">\n<p data-start=\"1453\" data-end=\"1480\"><strong data-start=\"1453\" data-end=\"1467\">Connecteur\u00a0: eDP 30 broches<\/p>\n<\/li>\n<li data-start=\"1481\" data-end=\"1516\">\n<p data-start=\"1483\" data-end=\"1516\"><strong data-start=\"1483\" data-end=\"1495\">Surface\u00a0:<\/strong> Mate \/ Antireflet<\/p>\n<\/li>\n<li data-start=\"1517\" data-end=\"1550\">\n<p data-start=\"1519\" data-end=\"1550\"><strong data-start=\"1519\" data-end=\"1534\">Technologie\u00a0:<\/strong> LED, panneau PS<\/p>\n<\/li>\n<li data-start=\"1551\" data-end=\"1603\">\n<p data-start=\"1553\" data-end=\"1603\"><strong data-start=\"1553\" data-end=\"1575\">Supports de montage\u00a0:<\/strong> inclus (dessus et (en bas)<\/p>\n<\/li>\n<li data-start=\"1604\" data-end=\"1629\">\n<p data-start=\"1606\" data-end=\"1629\"><strong data-start=\"1606\" data-end=\"1620\">\u00c9tat\u00a0:<\/strong> 100\u00a0% neuf<\/p>\n<\/li>\n<\/ul>\n<p data-start=\"1631\" data-end=\"1764\"><strong data-start=\"1631\" data-end=\"1640\">Remarque\u00a0:<\/strong> Veuillez v\u00e9rifier le mod\u00e8le de votre ordinateur portable et les caract\u00e9ristiques de son \u00e9cran avant l&rsquo;achat. Cet \u00e9cran n&rsquo;est pas compatible avec les versions tactiles.<\/p>\n","protected":false},"excerpt":{"rendered":"<p>\u00c9cran LCD de remplacement 15,6&Prime; neuf pour Dell Inspiron 7580 (non tactile). Dot\u00e9 d&rsquo;un \u00e9cran mat Full HD 1920 x 1080, d&rsquo;un connecteur eDP 30 broches et de supports de fixation sup\u00e9rieurs et inf\u00e9rieurs, il s&rsquo;adapte parfaitement \u00e0 votre ordinateur portable gr\u00e2ce \u00e0 sa qualit\u00e9 d&rsquo;affichage LED \u00e9clatante et \u00e0 la technologie de dalle PS.<\/p>\n","protected":false},"featured_media":15197,"template":"","meta":[],"product_brand":[],"product_cat":[105,95],"product_tag":[],"class_list":{"0":"post-17859","1":"product","2":"type-product","3":"status-publish","4":"has-post-thumbnail","6":"product_cat-15-6-new-laptop-screens-lcd-panels","7":"product_cat-new-laptop-screens-lcd-panels","9":"first","10":"instock","11":"taxable","12":"shipping-taxable","13":"purchasable","14":"product-type-simple"},"_links":{"self":[{"href":"https:\/\/boreait.com\/fr\/wp-json\/wp\/v2\/product\/17859","targetHints":{"allow":["GET"]}}],"collection":[{"href":"https:\/\/boreait.com\/fr\/wp-json\/wp\/v2\/product"}],"about":[{"href":"https:\/\/boreait.com\/fr\/wp-json\/wp\/v2\/types\/product"}],"wp:featuredmedia":[{"embeddable":true,"href":"https:\/\/boreait.com\/fr\/wp-json\/wp\/v2\/media\/15197"}],"wp:attachment":[{"href":"https:\/\/boreait.com\/fr\/wp-json\/wp\/v2\/media?parent=17859"}],"wp:term":[{"taxonomy":"product_brand","embeddable":true,"href":"https:\/\/boreait.com\/fr\/wp-json\/wp\/v2\/product_brand?post=17859"},{"taxonomy":"product_cat","embeddable":true,"href":"https:\/\/boreait.com\/fr\/wp-json\/wp\/v2\/product_cat?post=17859"},{"taxonomy":"product_tag","embeddable":true,"href":"https:\/\/boreait.com\/fr\/wp-json\/wp\/v2\/product_tag?post=17859"}],"curies":[{"name":"wp","href":"https:\/\/api.w.org\/{rel}","templated":true}]}}