{"id":17852,"date":"2025-09-16T17:14:42","date_gmt":"2025-09-16T15:14:42","guid":{"rendered":"https:\/\/boreait.com\/fr\/?post_type=product&#038;p=17852"},"modified":"2025-09-16T17:17:00","modified_gmt":"2025-09-16T15:17:00","slug":"nouvel-ecran-lcd-pour-acer-a315-51-346z-156-fhd-mat-supports-30-broches","status":"publish","type":"product","link":"https:\/\/boreait.com\/fr\/produit\/nouvel-ecran-lcd-pour-acer-a315-51-346z-156-fhd-mat-supports-30-broches\/","title":{"rendered":"Nouvel \u00e9cran LCD pour Acer A315-51-346Z 15,6&Prime; FHD mat, supports 30 broches"},"content":{"rendered":"<p data-start=\"680\" data-end=\"850\"><strong><span data-sheets-root=\"1\">Mod\u00e8le d&rsquo;\u00e9cran LCD\u00a0: NV156FHM-N46 \/ B156HAN02.1 \/ LP156WF6-SPB1-SPK1-SPA1 \u2013 ENTI\u00c8REMENT COMPATIBLE AVEC L&rsquo;\u00c9CRAN D&rsquo;ORDINATEUR PORTABLE Acer A315-51-346Z<\/span><\/strong><\/p>\n<p data-start=\"680\" data-end=\"850\">Am\u00e9liorez ou remplacez l&rsquo;\u00e9cran de votre ordinateur portable avec cet <strong data-start=\"741\" data-end=\"785\">\u00e9cran LCD LED Full HD (1920 x 1080) de 15,6 pouces<\/strong> de haute qualit\u00e9, sp\u00e9cialement con\u00e7u pour l&rsquo;<strong data-start=\"816\" data-end=\"847\">Acer A315-51-346Z<\/strong>.<\/p>\n<p data-start=\"852\" data-end=\"1111\">Cette dalle mate <strong data-start=\"857\" data-end=\"870\">non tactile<\/strong> offre un affichage net et antireflet, avec des images \u00e9clatantes et des performances fiables. Dot\u00e9e de la technologie <strong data-start=\"985\" data-end=\"1017\">PS (Plane to Line Switching)<\/strong> et d&rsquo;un connecteur <strong data-start=\"1036\" data-end=\"1050\">eDP 30 broches<\/strong>, elle garantit compatibilit\u00e9 et facilit\u00e9 d&rsquo;installation.<\/p>\n<p data-start=\"1113\" data-end=\"1208\">L&rsquo;\u00e9cran est \u00e9quip\u00e9 de <strong data-start=\"1133\" data-end=\"1160\">supports sup\u00e9rieur et inf\u00e9rieur<\/strong>, ce qui en fait un choix id\u00e9al pour votre mod\u00e8le Acer.<\/p>\n<h3 data-start=\"1210\" data-end=\"1238\">\ud83d\udd27 <strong data-start=\"1217\" data-end=\"1236\">Sp\u00e9cifications\u00a0:<\/strong><\/h3>\n<ul data-start=\"1239\" data-end=\"1557\">\n<li data-start=\"1239\" data-end=\"1285\">\n<p data-start=\"1241\" data-end=\"1285\"><strong data-start=\"1241\" data-end=\"1265\">Mod\u00e8les compatibles\u00a0:<\/strong> Acer A315-51-346Z<\/p>\n<\/li>\n<li data-start=\"1286\" data-end=\"1318\">\n<p data-start=\"1288\" data-end=\"1318\"><strong data-start=\"1288\" data-end=\"1304\">Taille de l&rsquo;\u00e9cran\u00a0:<\/strong> 15,6 pouces<\/p>\n<\/li>\n<li data-start=\"1319\" data-end=\"1358\">\n<p data-start=\"1321\" data-end=\"1358\"><strong data-start=\"1321\" data-end=\"1336\">R\u00e9solution\u00a0:<\/strong> Full HD 1920 x 1080<\/p>\n<\/li>\n<li data-start=\"1359\" data-end=\"1394\">\n<p data-start=\"1361\" data-end=\"1394\"><strong data-start=\"1361\" data-end=\"1373\">Surface\u00a0:<\/strong> Mate \/ Antireflet<\/p>\n<\/li>\n<li data-start=\"1395\" data-end=\"1424\">\n<p data-start=\"1397\" data-end=\"1424\"><strong data-start=\"1397\" data-end=\"1411\">Connecteur\u00a0: eDP 30 broches<\/p>\n<\/li>\n<li data-start=\"1425\" data-end=\"1456\">\n<p data-start=\"1427\" data-end=\"1456\"><strong data-start=\"1427\" data-end=\"1436\">Type\u00a0: LCD LED, panneau PS<\/p>\n<\/li>\n<li data-start=\"1457\" data-end=\"1486\">\n<p data-start=\"1459\" data-end=\"1486\"><strong data-start=\"1459\" data-end=\"1469\">Tactile\u00a0: Non (non tactile)<\/p>\n<\/li>\n<li data-start=\"1487\" data-end=\"1528\">\n<p data-start=\"1489\" data-end=\"1528\"><strong data-start=\"1489\" data-end=\"1502\">Supports\u00a0:<\/strong> inclus (haut et bas)<\/p>\n<\/li>\n<li data-start=\"1529\" data-end=\"1557\">\n<p data-start=\"1531\" data-end=\"1557\"><strong data-start=\"1531\" data-end=\"1545\">\u00c9tat\u00a0:<\/strong> Neuf<\/p>\n<\/li>\n<\/ul>\n<p data-start=\"1559\" data-end=\"1718\">Redonnez \u00e0 votre \u00e9cran un aspect neuf gr\u00e2ce \u00e0 ce panneau de remplacement haut de gamme, id\u00e9al pour les professionnels, les \u00e9tudiants et tous ceux qui recherchent un \u00e9cran d&rsquo;ordinateur portable fiable.<\/p>\n","protected":false},"excerpt":{"rendered":"<p>\u00c9cran LED mat Full HD 15,6&Prime; neuf pour ordinateurs portables Acer A315-51-346Z. Dot\u00e9 d&rsquo;un connecteur eDP 30 broches et de supports de montage sup\u00e9rieurs et inf\u00e9rieurs. \u00c9cran non tactile.<\/p>\n","protected":false},"featured_media":15197,"template":"","meta":[],"product_brand":[],"product_cat":[105,95],"product_tag":[],"class_list":{"0":"post-17852","1":"product","2":"type-product","3":"status-publish","4":"has-post-thumbnail","6":"product_cat-15-6-new-laptop-screens-lcd-panels","7":"product_cat-new-laptop-screens-lcd-panels","9":"first","10":"instock","11":"taxable","12":"shipping-taxable","13":"purchasable","14":"product-type-simple"},"_links":{"self":[{"href":"https:\/\/boreait.com\/fr\/wp-json\/wp\/v2\/product\/17852","targetHints":{"allow":["GET"]}}],"collection":[{"href":"https:\/\/boreait.com\/fr\/wp-json\/wp\/v2\/product"}],"about":[{"href":"https:\/\/boreait.com\/fr\/wp-json\/wp\/v2\/types\/product"}],"wp:featuredmedia":[{"embeddable":true,"href":"https:\/\/boreait.com\/fr\/wp-json\/wp\/v2\/media\/15197"}],"wp:attachment":[{"href":"https:\/\/boreait.com\/fr\/wp-json\/wp\/v2\/media?parent=17852"}],"wp:term":[{"taxonomy":"product_brand","embeddable":true,"href":"https:\/\/boreait.com\/fr\/wp-json\/wp\/v2\/product_brand?post=17852"},{"taxonomy":"product_cat","embeddable":true,"href":"https:\/\/boreait.com\/fr\/wp-json\/wp\/v2\/product_cat?post=17852"},{"taxonomy":"product_tag","embeddable":true,"href":"https:\/\/boreait.com\/fr\/wp-json\/wp\/v2\/product_tag?post=17852"}],"curies":[{"name":"wp","href":"https:\/\/api.w.org\/{rel}","templated":true}]}}