{"id":17851,"date":"2025-09-16T17:14:41","date_gmt":"2025-09-16T15:14:41","guid":{"rendered":"https:\/\/boreait.com\/fr\/?post_type=product&#038;p=17851"},"modified":"2025-09-16T17:16:59","modified_gmt":"2025-09-16T15:16:59","slug":"nouvel-ecran-lcd-hp-17-ca1032nm-173-hd-mat-30-broches-avec-supports","status":"publish","type":"product","link":"https:\/\/boreait.com\/fr\/produit\/nouvel-ecran-lcd-hp-17-ca1032nm-173-hd-mat-30-broches-avec-supports\/","title":{"rendered":"Nouvel \u00e9cran LCD HP 17-ca1032nm 17,3&Prime; HD+ mat 30 broches avec supports"},"content":{"rendered":"<p data-start=\"715\" data-end=\"789\"><strong data-start=\"715\" data-end=\"789\"><span data-sheets-root=\"1\">Mod\u00e8le d&rsquo;\u00e9cran LCD\u00a0: NT173WDM-N27 \u2013 ENTI\u00c8REMENT COMPATIBLE AVEC L&rsquo;\u00c9CRAN D&rsquo;ORDINATEUR PORTABLE HP 17-ca 1032\u00a0nm<\/span><\/strong><\/p>\n<p data-start=\"715\" data-end=\"789\"><strong data-start=\"715\" data-end=\"789\">\u00c9cran LCD de remplacement compatible pour HP 17-ca1032\u00a0nm \u2013 17,3\u00a0pouces HD+ mat<\/strong><\/p>\n<p data-start=\"791\" data-end=\"1052\">Redonnez vie \u00e0 votre ordinateur portable HP 17-ca1032\u00a0nm avec cet \u00e9cran LCD de remplacement neuf et de haute qualit\u00e9. Con\u00e7u sp\u00e9cifiquement pour le mod\u00e8le 17,3\u00a0pouces, cet \u00e9cran Offre une r\u00e9solution HD+ nette de 1600 x 900 pixels avec une finition mate pour r\u00e9duire les reflets au quotidien.<\/p>\n<h3 data-start=\"1054\" data-end=\"1077\">\u2705 <strong data-start=\"1060\" data-end=\"1077\">Caract\u00e9ristiques principales\u00a0:<\/strong><\/h3>\n<ul data-start=\"1078\" data-end=\"1425\">\n<li data-start=\"1078\" data-end=\"1110\">\n<p data-start=\"1080\" data-end=\"1110\"><strong data-start=\"1080\" data-end=\"1096\">Taille de l&rsquo;\u00e9cran\u00a0:<\/strong> 17,3 pouces<\/p>\n<\/li>\n<li data-start=\"1111\" data-end=\"1143\">\n<p data-start=\"1113\" data-end=\"1143\"><strong data-start=\"1113\" data-end=\"1128\">R\u00e9solution\u00a0:<\/strong> HD+ 1600 x 900<\/p>\n<\/li>\n<li data-start=\"1144\" data-end=\"1176\">\n<p data-start=\"1146\" data-end=\"1176\"><strong data-start=\"1146\" data-end=\"1161\">Type de dalle\u00a0:<\/strong> LED, non IPS<\/p>\n<\/li>\n<li data-start=\"1177\" data-end=\"1211\">\n<p data-start=\"1179\" data-end=\"1211\"><strong data-start=\"1179\" data-end=\"1190\">Finition\u00a0: Mat (antireflet)<\/p>\n<\/li>\n<li data-start=\"1212\" data-end=\"1283\">\n<p data-start=\"1214\" data-end=\"1283\"><strong data-start=\"1214\" data-end=\"1228\">Connecteur\u00a0: eDP 30 broches (en bas \u00e0 droite, face \u00e0 l&rsquo;arri\u00e8re de l&rsquo;\u00e9cran)<\/p>\n<\/li>\n<li data-start=\"1284\" data-end=\"1308\">\n<p data-start=\"1286\" data-end=\"1308\"><strong data-start=\"1286\" data-end=\"1296\">Tactile\u00a0: Non tactile<\/p>\n<\/li>\n<li data-start=\"1309\" data-end=\"1391\">\n<p data-start=\"1311\" data-end=\"1391\"><strong data-start=\"1311\" data-end=\"1324\">Montage\u00a0:<\/strong> Comprend des <strong data-start=\"1334\" data-end=\"1367\">supports m\u00e9talliques sup\u00e9rieurs et inf\u00e9rieurs<\/strong> pour une installation facile.<\/p>\n<\/li>\n<li data-start=\"1392\" data-end=\"1425\">\n<p data-start=\"1394\" data-end=\"1425\"><strong data-start=\"1394\" data-end=\"1408\">\u00c9tat\u00a0:<\/strong> 100\u00a0% neuf.<\/p>\n<\/li>\n<\/ul>\n<p data-start=\"1427\" data-end=\"1651\">Cet \u00e9cran est id\u00e9al pour les utilisateurs qui recherchent une solution fiable et abordable pour r\u00e9parer un \u00e9cran d&rsquo;ordinateur portable fissur\u00e9, faiblement \u00e9clair\u00e9 ou qui ne r\u00e9pond plus. Il est facile \u00e0 installer et compatible avec plusieurs mod\u00e8les de la s\u00e9rie HP 17-ca utilisant les m\u00eames sp\u00e9cifications.<\/p>\n<p data-start=\"1653\" data-end=\"1847\">\u26a0\ufe0f <strong data-start=\"1656\" data-end=\"1665\">Remarque\u00a0:<\/strong> Veuillez v\u00e9rifier les sp\u00e9cifications de votre \u00e9cran actuel (taille, r\u00e9solution, type de connecteur et supports de montage) avant de commander, car il existe plusieurs variantes au sein de la s\u00e9rie 17-ca.<\/p>\n","protected":false},"excerpt":{"rendered":"<p>\u00c9cran LCD de remplacement 17,3&Prime; neuf pour HP 17-ca1032nm. R\u00e9solution HD+ 1600 x 900, finition mate, connecteur eDP 30 broches et supports de montage sup\u00e9rieurs et inf\u00e9rieurs inclus. Dalle non tactile et non IPS. Id\u00e9al pour restaurer la clart\u00e9 de l&rsquo;\u00e9cran de votre ordinateur portable.<\/p>\n","protected":false},"featured_media":16272,"template":"","meta":[],"product_brand":[],"product_cat":[96,95],"product_tag":[],"class_list":{"0":"post-17851","1":"product","2":"type-product","3":"status-publish","4":"has-post-thumbnail","6":"product_cat-17-3","7":"product_cat-new-laptop-screens-lcd-panels","9":"first","10":"instock","11":"taxable","12":"shipping-taxable","13":"purchasable","14":"product-type-simple"},"_links":{"self":[{"href":"https:\/\/boreait.com\/fr\/wp-json\/wp\/v2\/product\/17851","targetHints":{"allow":["GET"]}}],"collection":[{"href":"https:\/\/boreait.com\/fr\/wp-json\/wp\/v2\/product"}],"about":[{"href":"https:\/\/boreait.com\/fr\/wp-json\/wp\/v2\/types\/product"}],"wp:featuredmedia":[{"embeddable":true,"href":"https:\/\/boreait.com\/fr\/wp-json\/wp\/v2\/media\/16272"}],"wp:attachment":[{"href":"https:\/\/boreait.com\/fr\/wp-json\/wp\/v2\/media?parent=17851"}],"wp:term":[{"taxonomy":"product_brand","embeddable":true,"href":"https:\/\/boreait.com\/fr\/wp-json\/wp\/v2\/product_brand?post=17851"},{"taxonomy":"product_cat","embeddable":true,"href":"https:\/\/boreait.com\/fr\/wp-json\/wp\/v2\/product_cat?post=17851"},{"taxonomy":"product_tag","embeddable":true,"href":"https:\/\/boreait.com\/fr\/wp-json\/wp\/v2\/product_tag?post=17851"}],"curies":[{"name":"wp","href":"https:\/\/api.w.org\/{rel}","templated":true}]}}