{"id":17841,"date":"2025-09-16T17:14:15","date_gmt":"2025-09-16T15:14:15","guid":{"rendered":"https:\/\/boreait.com\/fr\/?post_type=product&#038;p=17841"},"modified":"2026-02-09T11:59:13","modified_gmt":"2026-02-09T10:59:13","slug":"carte-mere-pour-ordinateur-portable-lenovo-717222-252-piece-dorigine-testee-vendeur-dans-lue","status":"publish","type":"product","link":"https:\/\/boreait.com\/fr\/produit\/carte-mere-pour-ordinateur-portable-lenovo-717222-252-piece-dorigine-testee-vendeur-dans-lue\/","title":{"rendered":"Carte m\u00e8re pour ordinateur portable Lenovo 717222-252 | Pi\u00e8ce d&rsquo;origine test\u00e9e, vendeur dans l&rsquo;UE"},"content":{"rendered":"<p data-start=\"621\" data-end=\"843\">Vous recherchez une carte m\u00e8re de remplacement d&rsquo;origine pour votre ordinateur portable Lenovo\u00a0? Cette <strong data-start=\"696\" data-end=\"729\">carte m\u00e8re Lenovo 717222-252<\/strong> est une pi\u00e8ce d&rsquo;origine de haute qualit\u00e9, enti\u00e8rement test\u00e9e et v\u00e9rifi\u00e9e pour ses performances et sa fiabilit\u00e9.<\/p>\n<p data-start=\"845\" data-end=\"1117\">Id\u00e9ale pour restaurer les fonctionnalit\u00e9s de votre syst\u00e8me Lenovo, cette carte est parfaite pour r\u00e9soudre les probl\u00e8mes de d\u00e9marrage, les pannes de courant ou autres probl\u00e8mes li\u00e9s \u00e0 la carte m\u00e8re. Que vous soyez un atelier de r\u00e9paration, un revendeur ou un passionn\u00e9 de bricolage, c&rsquo;est une option fiable pour votre projet de r\u00e9paration.<\/p>\n<h3 data-start=\"1119\" data-end=\"1138\">\ud83d\udd27 D\u00e9tails cl\u00e9s\u00a0:<\/h3>\n<ul data-start=\"1139\" data-end=\"1474\">\n<li data-start=\"1139\" data-end=\"1170\">\n<p data-start=\"1141\" data-end=\"1170\"><strong data-start=\"1141\" data-end=\"1157\">R\u00e9f\u00e9rence\u00a0:<\/strong> 717222-252<\/p>\n<\/li>\n<li data-start=\"1171\" data-end=\"1252\">\n<p data-start=\"1173\" data-end=\"1252\"><strong data-start=\"1173\" data-end=\"1197\">Compatibilit\u00e9 des marques\u00a0: Ordinateurs portables Lenovo (v\u00e9rifiez la compatibilit\u00e9 avant l&rsquo;achat)<\/p>\n<\/li>\n<li data-start=\"1253\" data-end=\"1302\">\n<p data-start=\"1255\" data-end=\"1302\"><strong data-start=\"1255\" data-end=\"1269\">\u00c9tat\u00a0: Occasion, enti\u00e8rement fonctionnel, test\u00e9<\/p>\n<\/li>\n<li data-start=\"1303\" data-end=\"1366\">\n<p data-start=\"1305\" data-end=\"1366\"><strong data-start=\"1305\" data-end=\"1316\">Photos\u00a0: Images r\u00e9elles de la carte m\u00e8re que vous recevrez<\/p>\n<\/li>\n<li data-start=\"1367\" data-end=\"1474\">\n<p data-start=\"1369\" data-end=\"1474\"><strong data-start=\"1369\" data-end=\"1386\">Installation\u00a0:<\/strong> Aucune instruction n&rsquo;est fournie, mais nous serons ravis de r\u00e9pondre \u00e0 vos questions de base. Envoyez-nous simplement un message\u00a0!<\/p>\n<\/li>\n<\/ul>\n<p data-start=\"1476\" data-end=\"1721\">Nous sommes sp\u00e9cialis\u00e9s dans les <strong data-start=\"1493\" data-end=\"1509\">pi\u00e8ces d\u00e9tach\u00e9es pour ordinateurs portables<\/strong> et comprenons l&rsquo;importance de recevoir le composant exact que vous recherchez. C&rsquo;est pourquoi chaque produit que nous proposons, y compris cette carte m\u00e8re, est accompagn\u00e9 de photos r\u00e9elles\u00a0: vous recevrez exactement ce que vous voyez.<\/p>\n<p data-start=\"1723\" data-end=\"1795\">\ud83d\udce6 <strong data-start=\"1726\" data-end=\"1755\">Livraison rapide depuis l&rsquo;Europe<\/strong><br data-start=\"1755\" data-end=\"1758\" \/>\ud83d\udcac <strong data-start=\"1761\" data-end=\"1795\">Des questions\u00a0? Contactez-nous \u00e0 tout moment\u00a0!<\/strong><\/p>\n","protected":false},"excerpt":{"rendered":"<p>Carte m\u00e8re d&rsquo;ordinateur portable Lenovo d&rsquo;origine, r\u00e9f\u00e9rence 717222-252. Authentique, test\u00e9e et pr\u00eate \u00e0 installer. Exp\u00e9di\u00e9e depuis l&rsquo;UE.<\/p>\n","protected":false},"featured_media":17910,"template":"","meta":[],"product_brand":[],"product_cat":[63],"product_tag":[62],"class_list":{"0":"post-17841","1":"product","2":"type-product","3":"status-publish","4":"has-post-thumbnail","6":"product_cat-motherboards-board-parts","7":"product_tag-lenovo","9":"first","10":"instock","11":"taxable","12":"shipping-taxable","13":"purchasable","14":"product-type-simple"},"_links":{"self":[{"href":"https:\/\/boreait.com\/fr\/wp-json\/wp\/v2\/product\/17841","targetHints":{"allow":["GET"]}}],"collection":[{"href":"https:\/\/boreait.com\/fr\/wp-json\/wp\/v2\/product"}],"about":[{"href":"https:\/\/boreait.com\/fr\/wp-json\/wp\/v2\/types\/product"}],"wp:featuredmedia":[{"embeddable":true,"href":"https:\/\/boreait.com\/fr\/wp-json\/wp\/v2\/media\/17910"}],"wp:attachment":[{"href":"https:\/\/boreait.com\/fr\/wp-json\/wp\/v2\/media?parent=17841"}],"wp:term":[{"taxonomy":"product_brand","embeddable":true,"href":"https:\/\/boreait.com\/fr\/wp-json\/wp\/v2\/product_brand?post=17841"},{"taxonomy":"product_cat","embeddable":true,"href":"https:\/\/boreait.com\/fr\/wp-json\/wp\/v2\/product_cat?post=17841"},{"taxonomy":"product_tag","embeddable":true,"href":"https:\/\/boreait.com\/fr\/wp-json\/wp\/v2\/product_tag?post=17841"}],"curies":[{"name":"wp","href":"https:\/\/api.w.org\/{rel}","templated":true}]}}