{"id":17839,"date":"2025-09-16T17:14:15","date_gmt":"2025-09-16T15:14:15","guid":{"rendered":"https:\/\/boreait.com\/fr\/?post_type=product&#038;p=17839"},"modified":"2026-02-09T11:58:51","modified_gmt":"2026-02-09T10:58:51","slug":"charniere-lcd-pour-lenovo-ideapad-3-17are05-81w5-piece-dorigine-pour-ordinateur-portable","status":"publish","type":"product","link":"https:\/\/boreait.com\/fr\/produit\/charniere-lcd-pour-lenovo-ideapad-3-17are05-81w5-piece-dorigine-pour-ordinateur-portable\/","title":{"rendered":"Charni\u00e8re LCD pour Lenovo IdeaPad 3 17ARE05 81W5 | Pi\u00e8ce d&rsquo;origine pour ordinateur portable"},"content":{"rendered":"<p data-start=\"578\" data-end=\"832\">Vous recherchez une pi\u00e8ce de rechange de haute qualit\u00e9 pour votre Lenovo IdeaPad 3\u00a0? Ce <strong data-start=\"654\" data-end=\"673\">cache charni\u00e8re LCD<\/strong> est sp\u00e9cialement con\u00e7u pour le <strong data-start=\"707\" data-end=\"748\">Lenovo IdeaPad 3 17ARE05 (mod\u00e8le 81W5)<\/strong> et est id\u00e9al si votre cache charni\u00e8re actuel est cass\u00e9, fissur\u00e9 ou manquant.<\/p>\n<p data-start=\"834\" data-end=\"859\">\ud83d\udee0\ufe0f <strong data-start=\"838\" data-end=\"859\">Caract\u00e9ristiques du produit\u00a0:<\/strong><\/p>\n<ul data-start=\"860\" data-end=\"1209\">\n<li data-start=\"860\" data-end=\"931\">\n<p data-start=\"862\" data-end=\"931\">\u2705 <strong data-start=\"864\" data-end=\"887\">Ordinateur portable d&rsquo;origine Pi\u00e8ce<\/strong> \u2013 il ne s&rsquo;agit pas d&rsquo;un remplacement g\u00e9n\u00e9rique ou tiers.<\/p>\n<\/li>\n<li data-start=\"932\" data-end=\"993\">\n<p data-start=\"934\" data-end=\"993\">\u2705 Compatible uniquement avec le <strong data-start=\"952\" data-end=\"987\">Lenovo IdeaPad 3 17ARE05 (81W5)<\/strong>.<\/p>\n<\/li>\n<li data-start=\"994\" data-end=\"1052\">\n<p data-start=\"996\" data-end=\"1052\">\u2705 Con\u00e7u pour prot\u00e9ger et dissimuler la charni\u00e8re de l&rsquo;\u00e9cran.<\/p>\n<\/li>\n<li data-start=\"1053\" data-end=\"1107\">\n<p data-start=\"1055\" data-end=\"1107\">\u2705 Construction en plastique robuste pour une longue dur\u00e9e de vie Compatible.<\/p>\n<\/li>\n<li data-start=\"1108\" data-end=\"1163\">\n<p data-start=\"1110\" data-end=\"1163\">\u2705 <strong data-start=\"1112\" data-end=\"1127\">Photos r\u00e9elles<\/strong>\u00a0: vous recevez exactement ce que vous voyez.<\/p>\n<\/li>\n<li data-start=\"1164\" data-end=\"1209\">\n<p data-start=\"1166\" data-end=\"1209\">\u2705 Soigneusement inspect\u00e9 et pr\u00eat \u00e0 installer.<\/p>\n<\/li>\n<\/ul>\n<p data-start=\"1211\" data-end=\"1470\">\ud83d\udca1 Cette pi\u00e8ce est id\u00e9ale pour les utilisateurs qui r\u00e9parent leur ordinateur portable \u00e0 domicile ou pour les techniciens \u00e0 la recherche de pi\u00e8ces d\u00e9tach\u00e9es fiables. Bien que nous ne fournissions pas d&rsquo;instructions d&rsquo;installation, n&rsquo;h\u00e9sitez pas \u00e0 nous contacter si vous avez besoin d&rsquo;aide ou des questions concernant la compatibilit\u00e9.<\/p>\n<p data-start=\"1472\" data-end=\"1532\">\ud83d\uddfa\ufe0f <strong data-start=\"1476\" data-end=\"1532\">Exp\u00e9di\u00e9 depuis l&rsquo;Europe et disponible dans le monde entier.<\/strong><\/p>\n<p data-start=\"1534\" data-end=\"1684\">Redonnez \u00e0 votre ordinateur portable son aspect d&rsquo;origine avec ce cache charni\u00e8re d&rsquo;origine\u00a0! Disponible d\u00e8s maintenant chez <strong data-start=\"1619\" data-end=\"1633\">Siggmo<\/strong>, votre fournisseur de confiance pour des <strong data-start=\"1667\" data-end=\"1683\">pi\u00e8ces d\u00e9tach\u00e9es pour ordinateurs portables<\/strong> de qualit\u00e9.<\/p>\n","protected":false},"excerpt":{"rendered":"<p>Cache charni\u00e8re LCD d&rsquo;origine pour Lenovo IdeaPad 3 17ARE05 (81W5). Pi\u00e8ce de rechange id\u00e9ale pour les caches charni\u00e8res endommag\u00e9s ou manquants.<\/p>\n","protected":false},"featured_media":17901,"template":"","meta":[],"product_brand":[],"product_cat":[52],"product_tag":[62],"class_list":{"0":"post-17839","1":"product","2":"type-product","3":"status-publish","4":"has-post-thumbnail","6":"product_cat-laptop-housing","7":"product_tag-lenovo","9":"first","10":"instock","11":"taxable","12":"shipping-taxable","13":"purchasable","14":"product-type-simple"},"_links":{"self":[{"href":"https:\/\/boreait.com\/fr\/wp-json\/wp\/v2\/product\/17839","targetHints":{"allow":["GET"]}}],"collection":[{"href":"https:\/\/boreait.com\/fr\/wp-json\/wp\/v2\/product"}],"about":[{"href":"https:\/\/boreait.com\/fr\/wp-json\/wp\/v2\/types\/product"}],"wp:featuredmedia":[{"embeddable":true,"href":"https:\/\/boreait.com\/fr\/wp-json\/wp\/v2\/media\/17901"}],"wp:attachment":[{"href":"https:\/\/boreait.com\/fr\/wp-json\/wp\/v2\/media?parent=17839"}],"wp:term":[{"taxonomy":"product_brand","embeddable":true,"href":"https:\/\/boreait.com\/fr\/wp-json\/wp\/v2\/product_brand?post=17839"},{"taxonomy":"product_cat","embeddable":true,"href":"https:\/\/boreait.com\/fr\/wp-json\/wp\/v2\/product_cat?post=17839"},{"taxonomy":"product_tag","embeddable":true,"href":"https:\/\/boreait.com\/fr\/wp-json\/wp\/v2\/product_tag?post=17839"}],"curies":[{"name":"wp","href":"https:\/\/api.w.org\/{rel}","templated":true}]}}