{"id":17837,"date":"2025-09-16T17:14:14","date_gmt":"2025-09-16T15:14:14","guid":{"rendered":"https:\/\/boreait.com\/fr\/?post_type=product&#038;p=17837"},"modified":"2025-09-16T17:16:30","modified_gmt":"2025-09-16T15:16:30","slug":"ensemble-panneau-de-s-avant-dell-optiplex-790-et-990-sff","status":"publish","type":"product","link":"https:\/\/boreait.com\/fr\/produit\/ensemble-panneau-de-s-avant-dell-optiplex-790-et-990-sff\/","title":{"rendered":"Ensemble panneau d&rsquo;E\/S avant Dell Optiplex 790 et 990 SFF"},"content":{"rendered":"<p data-start=\"750\" data-end=\"1037\">Ceci est un <strong data-start=\"760\" data-end=\"826\">panneau d&rsquo;E\/S avant d&rsquo;origine pour Dell Optiplex 790 et 990 SFF<\/strong>, comprenant <strong data-start=\"838\" data-end=\"884\">ports USB, prises audio et voyants LED<\/strong>. Enti\u00e8rement fonctionnel, il a \u00e9t\u00e9 soigneusement retir\u00e9 des unit\u00e9s en \u00e9tat de marche. Id\u00e9al pour restaurer la connectivit\u00e9 du panneau avant ou remplacer une pi\u00e8ce d&rsquo;origine endommag\u00e9e.<\/p>\n<p data-start=\"1039\" data-end=\"1280\">Que vous r\u00e9pariez un PC \u00e0 domicile ou que vous recherchiez des <strong data-start=\"1094\" data-end=\"1110\">pi\u00e8ces d\u00e9tach\u00e9es pour ordinateurs portables<\/strong> de qualit\u00e9 pour votre entreprise, ce composant offre une solution \u00e9conomique et fiable. Il est compatible avec les versions <strong data-start=\"1208\" data-end=\"1235\">Small Form Factor (SFF)<\/strong> des s\u00e9ries Optiplex 790 et 990.<\/p>\n<p data-start=\"1282\" data-end=\"1299\"><strong data-start=\"1282\" data-end=\"1299\">Principales caract\u00e9ristiques\u00a0:<\/strong><\/p>\n<ul data-start=\"1300\" data-end=\"1625\">\n<li data-start=\"1300\" data-end=\"1354\">\n<p data-start=\"1302\" data-end=\"1354\">Compatible avec les ordinateurs Dell Optiplex 790 et Mod\u00e8les 990 SFF<\/p>\n<\/li>\n<li data-start=\"1355\" data-end=\"1424\">\n<p data-start=\"1357\" data-end=\"1424\">Comprend 2 ports USB 2.0, des prises d&rsquo;entr\u00e9e\/sortie audio et des voyants LED.<\/p>\n<\/li>\n<li data-start=\"1425\" data-end=\"1484\">\n<p data-start=\"1427\" data-end=\"1484\">Propre, enti\u00e8rement test\u00e9 et en excellent \u00e9tat de fonctionnement.<\/p>\n<\/li>\n<li data-start=\"1485\" data-end=\"1547\">\n<p data-start=\"1487\" data-end=\"1547\">Photos r\u00e9elles du produit\u00a0: ce que vous voyez est exactement ce que vous obtenez.<\/p>\n<\/li>\n<li data-start=\"1548\" data-end=\"1625\">\n<p data-start=\"1550\" data-end=\"1625\">Pas d&rsquo;instructions d&rsquo;installation incluses, mais n&rsquo;h\u00e9sitez pas \u00e0 nous contacter pour obtenir de l&rsquo;aide.<\/p>\n<\/li>\n<\/ul>\n<p data-start=\"1627\" data-end=\"1812\">Cette pi\u00e8ce est id\u00e9ale pour les assembleurs de syst\u00e8mes, les reconditionneurs ou toute personne ayant besoin de composants Dell authentiques. Elle b\u00e9n\u00e9ficie de l&rsquo;engagement de siggmo en mati\u00e8re de qualit\u00e9 pour les <strong data-start=\"1774\" data-end=\"1790\">pi\u00e8ces d\u00e9tach\u00e9es pour ordinateurs portables<\/strong> et les ordinateurs de bureau.<\/p>\n","protected":false},"excerpt":{"rendered":"<p>Panneau avant d&rsquo;origine avec ports USB, audio et LED pour ordinateurs de bureau Dell Optiplex 790 et 990 SFF. D\u00e9mont\u00e9 et test\u00e9 avec soin. Photos du produit.<\/p>\n","protected":false},"featured_media":17899,"template":"","meta":[],"product_brand":[],"product_cat":[63],"product_tag":[53],"class_list":{"0":"post-17837","1":"product","2":"type-product","3":"status-publish","4":"has-post-thumbnail","6":"product_cat-motherboards-board-parts","7":"product_tag-dell","9":"first","10":"instock","11":"taxable","12":"shipping-taxable","13":"purchasable","14":"product-type-simple"},"_links":{"self":[{"href":"https:\/\/boreait.com\/fr\/wp-json\/wp\/v2\/product\/17837","targetHints":{"allow":["GET"]}}],"collection":[{"href":"https:\/\/boreait.com\/fr\/wp-json\/wp\/v2\/product"}],"about":[{"href":"https:\/\/boreait.com\/fr\/wp-json\/wp\/v2\/types\/product"}],"wp:featuredmedia":[{"embeddable":true,"href":"https:\/\/boreait.com\/fr\/wp-json\/wp\/v2\/media\/17899"}],"wp:attachment":[{"href":"https:\/\/boreait.com\/fr\/wp-json\/wp\/v2\/media?parent=17837"}],"wp:term":[{"taxonomy":"product_brand","embeddable":true,"href":"https:\/\/boreait.com\/fr\/wp-json\/wp\/v2\/product_brand?post=17837"},{"taxonomy":"product_cat","embeddable":true,"href":"https:\/\/boreait.com\/fr\/wp-json\/wp\/v2\/product_cat?post=17837"},{"taxonomy":"product_tag","embeddable":true,"href":"https:\/\/boreait.com\/fr\/wp-json\/wp\/v2\/product_tag?post=17837"}],"curies":[{"name":"wp","href":"https:\/\/api.w.org\/{rel}","templated":true}]}}