{"id":17827,"date":"2025-09-16T17:13:49","date_gmt":"2025-09-16T15:13:49","guid":{"rendered":"https:\/\/boreait.com\/fr\/?post_type=product&#038;p=17827"},"modified":"2025-09-16T17:16:12","modified_gmt":"2025-09-16T15:16:12","slug":"carte-modem-pci-pour-ordinateur-portable-ibm-390x-10l1296-piece-dorigine-pour-ordinateur-portable","status":"publish","type":"product","link":"https:\/\/boreait.com\/fr\/produit\/carte-modem-pci-pour-ordinateur-portable-ibm-390x-10l1296-piece-dorigine-pour-ordinateur-portable\/","title":{"rendered":"Carte modem PCI pour ordinateur portable IBM 390X 10L1296 \u2013 Pi\u00e8ce d&rsquo;origine pour ordinateur portable"},"content":{"rendered":"<p data-start=\"661\" data-end=\"888\">Vous recherchez une <strong data-start=\"687\" data-end=\"705\">carte modem PCI<\/strong> de remplacement pour votre ordinateur portable IBM ThinkPad 390X vintage\u00a0? Voici la <strong data-start=\"761\" data-end=\"796\">carte modem IBM 10L1296 d&rsquo;origine<\/strong>, test\u00e9e et pr\u00eate \u00e0 installer. Id\u00e9ale pour restaurer ou r\u00e9parer votre syst\u00e8me ThinkPad classique.<\/p>\n<p data-start=\"890\" data-end=\"1055\">Cette pi\u00e8ce est id\u00e9ale pour les collectionneurs d&rsquo;ordinateurs portables, les reconditionneurs ou les techniciens travaillant sur des ordinateurs portables anciens. Il s&rsquo;agit d&rsquo;une <strong data-start=\"1004\" data-end=\"1027\">pi\u00e8ce d&rsquo;origine pour ordinateur portable<\/strong>, et non d&rsquo;une alternative g\u00e9n\u00e9rique.<\/p>\n<p data-start=\"1057\" data-end=\"1376\">\u2714\ufe0f <strong data-start=\"1060\" data-end=\"1080\">Mod\u00e8le compatible<\/strong>\u00a0: IBM ThinkPad 390X<br data-start=\"1099\" data-end=\"1102\" \/>\u2714\ufe0f <strong data-start=\"1105\" data-end=\"1120\">R\u00e9f\u00e9rence<\/strong>\u00a0: 10L1296<br data-start=\"1129\" data-end=\"1132\" \/>\u2714\ufe0f <strong data-start=\"1135\" data-end=\"1143\">Type<\/strong>\u00a0: Carte modem PCI interne<br data-start=\"1168\" data-end=\"1171\" \/>\u2714\ufe0f <strong data-start=\"1174\" data-end=\"1187\">\u00c9tat<\/strong> : Utilis\u00e9, enti\u00e8rement fonctionnel<br data-start=\"1211\" data-end=\"1214\" \/>\u2714\ufe0f <strong data-start=\"1217\" data-end=\"1227\">R\u00e9gion<\/strong> : Exp\u00e9di\u00e9 depuis l&rsquo;Europe, exp\u00e9dition dans le monde entier disponible<br data-start=\"1276\" data-end=\"1279\" \/>\u2714\ufe0f <strong data-start=\"1282\" data-end=\"1292\">Photos<\/strong> : Photos r\u00e9elles de l&rsquo;article \u2014 aucune image de stock. Ce que vous voyez est exactement ce que vous recevrez.<\/p>\n<hr data-start=\"1378\" data-end=\"1381\" \/>\n<p data-start=\"1383\" data-end=\"1486\"><strong data-start=\"1383\" data-end=\"1392\">Remarque\u00a0:<\/strong> Les instructions d&rsquo;installation ne sont pas fournies, mais n&rsquo;h\u00e9sitez pas \u00e0 nous contacter si vous avez besoin d&rsquo;aide.<\/p>\n<p data-start=\"1488\" data-end=\"1630\">Que vous restauriez une machine classique ou que vous recherchiez des <strong data-start=\"1543\" data-end=\"1572\">pi\u00e8ces d\u00e9tach\u00e9es pour ordinateur portable difficiles \u00e0 trouver<\/strong>, cette carte modem PCI d&rsquo;origine vous sera d&rsquo;une grande aide.<\/p>\n","protected":false},"excerpt":{"rendered":"<p>Carte modem PCI IBM 390X authentique (10L1296) pour ordinateurs portables ThinkPad vintage. Photos des pi\u00e8ces d&rsquo;origine\u00a0: ce que vous voyez est ce que vous obtenez.<\/p>\n","protected":false},"featured_media":17890,"template":"","meta":[],"product_brand":[],"product_cat":[63],"product_tag":[62],"class_list":{"0":"post-17827","1":"product","2":"type-product","3":"status-publish","4":"has-post-thumbnail","6":"product_cat-motherboards-board-parts","7":"product_tag-lenovo","9":"first","10":"instock","11":"taxable","12":"shipping-taxable","13":"purchasable","14":"product-type-simple"},"_links":{"self":[{"href":"https:\/\/boreait.com\/fr\/wp-json\/wp\/v2\/product\/17827","targetHints":{"allow":["GET"]}}],"collection":[{"href":"https:\/\/boreait.com\/fr\/wp-json\/wp\/v2\/product"}],"about":[{"href":"https:\/\/boreait.com\/fr\/wp-json\/wp\/v2\/types\/product"}],"wp:featuredmedia":[{"embeddable":true,"href":"https:\/\/boreait.com\/fr\/wp-json\/wp\/v2\/media\/17890"}],"wp:attachment":[{"href":"https:\/\/boreait.com\/fr\/wp-json\/wp\/v2\/media?parent=17827"}],"wp:term":[{"taxonomy":"product_brand","embeddable":true,"href":"https:\/\/boreait.com\/fr\/wp-json\/wp\/v2\/product_brand?post=17827"},{"taxonomy":"product_cat","embeddable":true,"href":"https:\/\/boreait.com\/fr\/wp-json\/wp\/v2\/product_cat?post=17827"},{"taxonomy":"product_tag","embeddable":true,"href":"https:\/\/boreait.com\/fr\/wp-json\/wp\/v2\/product_tag?post=17827"}],"curies":[{"name":"wp","href":"https:\/\/api.w.org\/{rel}","templated":true}]}}