{"id":17820,"date":"2025-09-16T17:13:26","date_gmt":"2025-09-16T15:13:26","guid":{"rendered":"https:\/\/boreait.com\/fr\/?post_type=product&#038;p=17820"},"modified":"2025-09-16T17:16:08","modified_gmt":"2025-09-16T15:16:08","slug":"module-de-memoire-pour-ordinateur-portable-ibm-390x-ram-05p4794-128-mo-pc100-100-mhz-cl2-non-ecc","status":"publish","type":"product","link":"https:\/\/boreait.com\/fr\/produit\/module-de-memoire-pour-ordinateur-portable-ibm-390x-ram-05p4794-128-mo-pc100-100-mhz-cl2-non-ecc\/","title":{"rendered":"Module de m\u00e9moire pour ordinateur portable IBM 390X RAM 05P4794 128 Mo PC100 100 MHz CL2 non ECC"},"content":{"rendered":"<p data-start=\"633\" data-end=\"837\">Mettez \u00e0 niveau votre IBM ThinkPad 390X vintage avec ce module de m\u00e9moire pour ordinateur portable IBM 05P4794 authentique. Con\u00e7ue sp\u00e9cifiquement pour les syst\u00e8mes h\u00e9rit\u00e9s, cette m\u00e9moire SDRAM PC100 de 128 Mo offre des performances et une compatibilit\u00e9 fiables.<\/p>\n<p data-start=\"839\" data-end=\"865\">\ud83d\udd27 <strong data-start=\"842\" data-end=\"865\">Caract\u00e9ristiques principales\u00a0:<\/strong><\/p>\n<ul data-start=\"866\" data-end=\"1132\">\n<li data-start=\"866\" data-end=\"887\">\n<p data-start=\"868\" data-end=\"887\">Capacit\u00e9\u00a0: <strong data-start=\"878\" data-end=\"887\">128 Mo<\/strong><\/p>\n<\/li>\n<li data-start=\"888\" data-end=\"915\">\n<p data-start=\"890\" data-end=\"915\">Vitesse\u00a0: <strong data-start=\"897\" data-end=\"915\">100 MHz (PC100)<\/strong><\/p>\n<\/li>\n<li data-start=\"916\" data-end=\"954\">\n<p data-start=\"918\" data-end=\"954\">Type\u00a0: <strong data-start=\"924\" data-end=\"954\">SDRAM, non ECC, sans tampon<\/strong><\/p>\n<\/li>\n<li data-start=\"955\" data-end=\"977\">\n<p data-start=\"957\" data-end=\"977\">Latence CAS\u00a0: <strong data-start=\"970\" data-end=\"977\">CL2<\/strong><\/p>\n<\/li>\n<li data-start=\"978\" data-end=\"1004\">\n<p data-start=\"980\" data-end=\"1004\">R\u00e9f\u00e9rence\u00a0: <strong data-start=\"993\" data-end=\"1004\">05P4794<\/strong><\/p>\n<\/li>\n<li data-start=\"1005\" data-end=\"1046\">\n<p data-start=\"1007\" data-end=\"1046\">Mod\u00e8le compatible\u00a0: <strong data-start=\"1025\" data-end=\"1046\">IBM ThinkPad 390X<\/strong><\/p>\n<\/li>\n<li data-start=\"1047\" data-end=\"1092\">\n<p data-start=\"1049\" data-end=\"1092\">\u00c9tat\u00a0: <strong data-start=\"1060\" data-end=\"1092\">Test\u00e9 et fonctionne parfaitement<\/strong><\/p>\n<\/li>\n<li data-start=\"1093\" data-end=\"1132\">\n<p data-start=\"1095\" data-end=\"1132\">Format\u00a0: <strong data-start=\"1108\" data-end=\"1132\">Module SO-DIMM de la taille d&rsquo;un ordinateur portable<\/strong><\/p>\n<\/li>\n<\/ul>\n<p data-start=\"1134\" data-end=\"1412\">Que vous restauriez un vieil ordinateur portable ou que vous entreteniez un \u00e9quipement industriel, cette pi\u00e8ce IBM d&rsquo;origine garantit stabilit\u00e9 et performances optimales. Toutes les pi\u00e8ces sont soigneusement inspect\u00e9es et manipul\u00e9es, et les photos pr\u00e9sent\u00e9es dans la liste repr\u00e9sentent l&rsquo;<strong data-start=\"1364\" data-end=\"1393\">article exact que vous recevrez<\/strong>\u00a0; aucune image d&rsquo;archive\u00a0!<\/p>\n<p data-start=\"1414\" data-end=\"1493\">\ud83d\udcac <strong data-start=\"1417\" data-end=\"1450\">Besoin d&rsquo;aide concernant la compatibilit\u00e9\u00a0?<\/strong> Je serai ravi de vous aider\u00a0; envoyez-moi un message.<\/p>\n<p data-start=\"1495\" data-end=\"1604\">\ud83e\udde0 <em data-start=\"1498\" data-end=\"1604\">Remarque\u00a0: Aucune notice d&rsquo;installation n&rsquo;est fournie. Si vous avez besoin d&rsquo;aide, n&rsquo;h\u00e9sitez pas \u00e0 nous contacter.<\/em><\/p>\n<p data-start=\"1606\" data-end=\"1812\">Cet article fait partie de notre gamme croissante de <strong data-start=\"1648\" data-end=\"1664\">pi\u00e8ces d\u00e9tach\u00e9es pour ordinateurs portables<\/strong>, provenant d&rsquo;Europe et exp\u00e9di\u00e9es dans le monde entier. Id\u00e9al pour les collectionneurs, les ateliers de r\u00e9paration ou toute personne souhaitant pr\u00e9server le mat\u00e9riel informatique classique.<\/p>\n","protected":false},"excerpt":{"rendered":"<p>Module de m\u00e9moire PC100 fiable de 128 Mo pour IBM ThinkPad 390X. Non ECC, sans tampon, CL2 \u2014 enti\u00e8rement test\u00e9, pi\u00e8ce d&rsquo;origine.<\/p>\n","protected":false},"featured_media":17889,"template":"","meta":[],"product_brand":[],"product_cat":[115,72],"product_tag":[],"class_list":{"0":"post-17820","1":"product","2":"type-product","3":"status-publish","4":"has-post-thumbnail","6":"product_cat-ddr1","7":"product_cat-ram-memory","9":"first","10":"instock","11":"taxable","12":"shipping-taxable","13":"purchasable","14":"product-type-simple"},"_links":{"self":[{"href":"https:\/\/boreait.com\/fr\/wp-json\/wp\/v2\/product\/17820","targetHints":{"allow":["GET"]}}],"collection":[{"href":"https:\/\/boreait.com\/fr\/wp-json\/wp\/v2\/product"}],"about":[{"href":"https:\/\/boreait.com\/fr\/wp-json\/wp\/v2\/types\/product"}],"wp:featuredmedia":[{"embeddable":true,"href":"https:\/\/boreait.com\/fr\/wp-json\/wp\/v2\/media\/17889"}],"wp:attachment":[{"href":"https:\/\/boreait.com\/fr\/wp-json\/wp\/v2\/media?parent=17820"}],"wp:term":[{"taxonomy":"product_brand","embeddable":true,"href":"https:\/\/boreait.com\/fr\/wp-json\/wp\/v2\/product_brand?post=17820"},{"taxonomy":"product_cat","embeddable":true,"href":"https:\/\/boreait.com\/fr\/wp-json\/wp\/v2\/product_cat?post=17820"},{"taxonomy":"product_tag","embeddable":true,"href":"https:\/\/boreait.com\/fr\/wp-json\/wp\/v2\/product_tag?post=17820"}],"curies":[{"name":"wp","href":"https:\/\/api.w.org\/{rel}","templated":true}]}}