{"id":17817,"date":"2025-09-16T17:13:26","date_gmt":"2025-09-16T15:13:26","guid":{"rendered":"https:\/\/boreait.com\/fr\/?post_type=product&#038;p=17817"},"modified":"2025-09-16T17:15:54","modified_gmt":"2025-09-16T15:15:54","slug":"carte-led-et-cable-pour-ordinateur-portable-ibm-thinkpad-390x-2626-10l1154-piece-dorigine","status":"publish","type":"product","link":"https:\/\/boreait.com\/fr\/produit\/carte-led-et-cable-pour-ordinateur-portable-ibm-thinkpad-390x-2626-10l1154-piece-dorigine\/","title":{"rendered":"Carte LED et c\u00e2ble pour ordinateur portable IBM ThinkPad 390X 2626 (10L1154), pi\u00e8ce d&rsquo;origine"},"content":{"rendered":"<p data-start=\"459\" data-end=\"708\">Vous recherchez des pi\u00e8ces d&rsquo;ordinateur portable d&rsquo;origine pour r\u00e9parer ou restaurer votre IBM ThinkPad 390X vintage\u00a0? Cette <strong data-start=\"551\" data-end=\"604\">carte LED et c\u00e2ble pour IBM ThinkPad 390X (FRU 10L1154)<\/strong> est un <strong data-start=\"610\" data-end=\"639\">composant d&rsquo;origine test\u00e9<\/strong> provenant d&rsquo;un appareil en \u00e9tat de marche, compatible avec les <strong data-start=\"687\" data-end=\"707\">mod\u00e8les Type 2626<\/strong>.<\/p>\n<p data-start=\"710\" data-end=\"960\">Cette pi\u00e8ce comprend la carte LED et le c\u00e2ble de connexion, essentiels au bon affichage des voyants d&rsquo;\u00e9tat du syst\u00e8me, tels que l&rsquo;alimentation, la batterie et l&rsquo;activit\u00e9 du disque dur. Il est id\u00e9al pour les techniciens, les reconditionneurs ou les passionn\u00e9s de ThinkPad travaillant sur des syst\u00e8mes anciens.<\/p>\n<p data-start=\"962\" data-end=\"987\">\ud83d\udd39 <strong data-start=\"965\" data-end=\"985\">D\u00e9tails du produit\u00a0:<\/strong><\/p>\n<ul data-start=\"988\" data-end=\"1312\">\n<li data-start=\"988\" data-end=\"1043\">\n<p data-start=\"990\" data-end=\"1043\"><strong data-start=\"990\" data-end=\"1010\">Mod\u00e8le compatible<\/strong>\u00a0: IBM ThinkPad 390X (Type 2626)<\/p>\n<\/li>\n<li data-start=\"1044\" data-end=\"1078\">\n<p data-start=\"1046\" data-end=\"1078\"><strong data-start=\"1046\" data-end=\"1067\">FRU \/ Num\u00e9ro de pi\u00e8ce<\/strong>\u00a0: 10L1154<\/p>\n<\/li>\n<li data-start=\"1079\" data-end=\"1144\">\n<p data-start=\"1081\" data-end=\"1144\"><strong data-start=\"1081\" data-end=\"1093\">Comprend<\/strong>\u00a0: Carte d&rsquo;indicateur LED + c\u00e2ble de connexion d&rsquo;origine<\/p>\n<\/li>\n<li data-start=\"1145\" data-end=\"1184\">\n<p data-start=\"1147\" data-end=\"1184\"><strong data-start=\"1147\" data-end=\"1160\">\u00c9tat<\/strong>\u00a0: Occasion, test\u00e9 et fonctionnel<\/p>\n<\/li>\n<li data-start=\"1185\" data-end=\"1258\">\n<p data-start=\"1187\" data-end=\"1258\"><strong data-start=\"1187\" data-end=\"1197\">Photos<\/strong>\u00a0: Images r\u00e9elles du produit\u00a0; vous recevrez ce que vous voyez.<\/p>\n<\/li>\n<li data-start=\"1259\" data-end=\"1312\">\n<p data-start=\"1261\" data-end=\"1312\"><strong data-start=\"1261\" data-end=\"1273\">Livraison<\/strong>\u00a0: Livraison rapide dans le monde entier depuis l&rsquo;Europe.<\/p>\n<\/li>\n<\/ul>\n<p data-start=\"1314\" data-end=\"1491\">Il s&rsquo;agit d&rsquo;un composant ancien qui n&rsquo;est plus fabriqu\u00e9, ce qui en fait une pi\u00e8ce rare pour les projets de restauration. Toutes les pi\u00e8ces d\u00e9tach\u00e9es pour ordinateurs portables que nous vendons sont manipul\u00e9es avec soin et emball\u00e9es soigneusement avant l&rsquo;exp\u00e9dition.<\/p>\n<blockquote data-start=\"1493\" data-end=\"1639\">\n<p data-start=\"1495\" data-end=\"1639\">\u2139\ufe0f Nous ne fournissons <strong data-start=\"1504\" data-end=\"1544\">pas d&rsquo;instructions de remplacement<\/strong>, mais n&rsquo;h\u00e9sitez pas \u00e0 nous contacter si vous avez besoin d&rsquo;aide pour d\u00e9terminer la compatibilit\u00e9 ou si vous avez besoin de plus d&rsquo;informations.<\/p>\n<\/blockquote>\n","protected":false},"excerpt":{"rendered":"<p>Carte LED et jeu de c\u00e2bles IBM d&rsquo;origine (FRU 10L1154) pour ThinkPad 390X (type 2626). Pi\u00e8ce 100 % authentique \u2013 photos du produit r\u00e9el incluses.<\/p>\n","protected":false},"featured_media":17882,"template":"","meta":[],"product_brand":[],"product_cat":[63],"product_tag":[62],"class_list":{"0":"post-17817","1":"product","2":"type-product","3":"status-publish","4":"has-post-thumbnail","6":"product_cat-motherboards-board-parts","7":"product_tag-lenovo","9":"first","10":"instock","11":"taxable","12":"shipping-taxable","13":"purchasable","14":"product-type-simple"},"_links":{"self":[{"href":"https:\/\/boreait.com\/fr\/wp-json\/wp\/v2\/product\/17817","targetHints":{"allow":["GET"]}}],"collection":[{"href":"https:\/\/boreait.com\/fr\/wp-json\/wp\/v2\/product"}],"about":[{"href":"https:\/\/boreait.com\/fr\/wp-json\/wp\/v2\/types\/product"}],"wp:featuredmedia":[{"embeddable":true,"href":"https:\/\/boreait.com\/fr\/wp-json\/wp\/v2\/media\/17882"}],"wp:attachment":[{"href":"https:\/\/boreait.com\/fr\/wp-json\/wp\/v2\/media?parent=17817"}],"wp:term":[{"taxonomy":"product_brand","embeddable":true,"href":"https:\/\/boreait.com\/fr\/wp-json\/wp\/v2\/product_brand?post=17817"},{"taxonomy":"product_cat","embeddable":true,"href":"https:\/\/boreait.com\/fr\/wp-json\/wp\/v2\/product_cat?post=17817"},{"taxonomy":"product_tag","embeddable":true,"href":"https:\/\/boreait.com\/fr\/wp-json\/wp\/v2\/product_tag?post=17817"}],"curies":[{"name":"wp","href":"https:\/\/api.w.org\/{rel}","templated":true}]}}