{"id":17808,"date":"2025-09-16T17:13:02","date_gmt":"2025-09-16T15:13:02","guid":{"rendered":"https:\/\/boreait.com\/fr\/?post_type=product&#038;p=17808"},"modified":"2025-09-16T17:15:33","modified_gmt":"2025-09-16T15:15:33","slug":"clavier-simple-pour-lenovo-thinkbook-15-g2-itl-sn20z38643-pieces-detachees-pour-ordinateur-portable","status":"publish","type":"product","link":"https:\/\/boreait.com\/fr\/produit\/clavier-simple-pour-lenovo-thinkbook-15-g2-itl-sn20z38643-pieces-detachees-pour-ordinateur-portable\/","title":{"rendered":"Clavier simple pour Lenovo ThinkBook 15 G2 ITL SN20Z38643 | Pi\u00e8ces d\u00e9tach\u00e9es pour ordinateur portable"},"content":{"rendered":"<p data-start=\"661\" data-end=\"894\">Vous cherchez \u00e0 remplacer une touche us\u00e9e ou manquante sur votre clavier Lenovo ThinkBook 15 G2 ITL\u00a0? Ce <strong data-start=\"756\" data-end=\"816\">clavier simple Lenovo d&rsquo;origine (r\u00e9f\u00e9rence\u00a0: SN20Z38643)<\/strong> est id\u00e9al pour restaurer les fonctionnalit\u00e9s d&rsquo;origine de votre ordinateur portable.<\/p>\n<p data-start=\"896\" data-end=\"1384\">\u2714\ufe0f <strong data-start=\"899\" data-end=\"919\">Mod\u00e8le compatible<\/strong>\u00a0: Lenovo ThinkBook 15 G2 ITL<br data-start=\"947\" data-end=\"950\" \/>\u2714\ufe0f <strong data-start=\"953\" data-end=\"984\">R\u00e9f\u00e9rence Lenovo d&rsquo;origine<\/strong>\u00a0: SN20Z38643<br data-start=\"996\" data-end=\"999\" \/>\u2714\ufe0f <strong data-start=\"1002\" data-end=\"1015\">\u00c9tat<\/strong>\u00a0: Occasion, mais enti\u00e8rement fonctionnel \u2013 soigneusement entretenu D\u00e9mont\u00e9, nettoy\u00e9 et test\u00e9<br data-start=\"1083\" data-end=\"1086\" \/>\u2714\ufe0f <strong data-start=\"1089\" data-end=\"1102\">Type d&rsquo;article<\/strong>\u00a0: Touche de clavier individuelle avec charni\u00e8re et capuchon<br data-start=\"1146\" data-end=\"1149\" \/>\u2714\ufe0f <strong data-start=\"1152\" data-end=\"1162\">Photos<\/strong>\u00a0: Les photos de cette annonce montrent l&rsquo;article exact que vous recevrez\u00a0; aucune surprise\u00a0!<br data-start=\"1243\" data-end=\"1246\" \/>\u2714\ufe0f <strong data-start=\"1249\" data-end=\"1260\">Assistance<\/strong>\u00a0: Nous ne fournissons pas d&rsquo;instructions d&rsquo;installation, mais si vous avez besoin d&rsquo;aide ou des questions de compatibilit\u00e9, n&rsquo;h\u00e9sitez pas \u00e0 nous contacter.<\/p>\n<p data-start=\"1386\" data-end=\"1573\">Que ce soit Vous avez perdu une touche, cass\u00e9 une charni\u00e8re ou simplement besoin de remettre de l&rsquo;ordre dans votre clavier Lenovo\u00a0? Cette <strong data-start=\"1489\" data-end=\"1511\">pi\u00e8ce d&rsquo;origine pour ordinateur portable Lenovo<\/strong> vous permet d&rsquo;\u00e9conomiser et d&rsquo;\u00e9viter de remplacer le clavier entier.<\/p>\n<p data-start=\"1575\" data-end=\"1651\">\ud83e\udde9 <strong data-start=\"1578\" data-end=\"1586\">Remarque<\/strong>\u00a0: Cette offre concerne une <strong data-start=\"1610\" data-end=\"1629\">touche unique<\/strong>, et non un clavier complet.<\/p>\n","protected":false},"excerpt":{"rendered":"<p>Touche de clavier unique d&rsquo;origine pour Lenovo ThinkBook 15 G2 ITL (r\u00e9f\u00e9rence SN20Z38643). Id\u00e9ale pour remplacer les touches endommag\u00e9es ou manquantes. Les photos montrent la pi\u00e8ce que vous recevrez.<\/p>\n","protected":false},"featured_media":17870,"template":"","meta":[],"product_brand":[],"product_cat":[60],"product_tag":[62],"class_list":{"0":"post-17808","1":"product","2":"type-product","3":"status-publish","4":"has-post-thumbnail","6":"product_cat-individual-keyboard-keys","7":"product_tag-lenovo","9":"first","10":"instock","11":"taxable","12":"shipping-taxable","13":"purchasable","14":"product-type-simple"},"_links":{"self":[{"href":"https:\/\/boreait.com\/fr\/wp-json\/wp\/v2\/product\/17808","targetHints":{"allow":["GET"]}}],"collection":[{"href":"https:\/\/boreait.com\/fr\/wp-json\/wp\/v2\/product"}],"about":[{"href":"https:\/\/boreait.com\/fr\/wp-json\/wp\/v2\/types\/product"}],"wp:featuredmedia":[{"embeddable":true,"href":"https:\/\/boreait.com\/fr\/wp-json\/wp\/v2\/media\/17870"}],"wp:attachment":[{"href":"https:\/\/boreait.com\/fr\/wp-json\/wp\/v2\/media?parent=17808"}],"wp:term":[{"taxonomy":"product_brand","embeddable":true,"href":"https:\/\/boreait.com\/fr\/wp-json\/wp\/v2\/product_brand?post=17808"},{"taxonomy":"product_cat","embeddable":true,"href":"https:\/\/boreait.com\/fr\/wp-json\/wp\/v2\/product_cat?post=17808"},{"taxonomy":"product_tag","embeddable":true,"href":"https:\/\/boreait.com\/fr\/wp-json\/wp\/v2\/product_tag?post=17808"}],"curies":[{"name":"wp","href":"https:\/\/api.w.org\/{rel}","templated":true}]}}