{"id":17805,"date":"2025-09-16T17:13:01","date_gmt":"2025-09-16T15:13:01","guid":{"rendered":"https:\/\/boreait.com\/fr\/?post_type=product&#038;p=17805"},"modified":"2025-09-16T17:15:16","modified_gmt":"2025-09-16T15:15:16","slug":"memoire-ram-ddr-pc2700s-512-mo-333-mhz-cl2-5-so-dimm-pour-ordinateur-portable-testee-et-fonctionnelle","status":"publish","type":"product","link":"https:\/\/boreait.com\/fr\/produit\/memoire-ram-ddr-pc2700s-512-mo-333-mhz-cl2-5-so-dimm-pour-ordinateur-portable-testee-et-fonctionnelle\/","title":{"rendered":"M\u00e9moire RAM DDR PC2700S 512 Mo 333 MHz CL2.5 SO-DIMM pour ordinateur portable \u2013 Test\u00e9e et fonctionnelle"},"content":{"rendered":"<p data-start=\"658\" data-end=\"985\">Vous souhaitez mettre \u00e0 niveau ou r\u00e9parer votre ancien ordinateur portable avec des pi\u00e8ces d\u00e9tach\u00e9es d&rsquo;origine\u00a0? Ce <strong data-start=\"739\" data-end=\"788\">module RAM DDR PC2700S-2533-1-Z SO-DIMM 512\u00a0Mo<\/strong> est un choix fiable pour les anciens syst\u00e8mes n\u00e9cessitant de la m\u00e9moire DDR1. Fonctionnant \u00e0 <strong data-start=\"867\" data-end=\"886\">333\u00a0MHz (PC2700)<\/strong> avec une <strong data-start=\"894\" data-end=\"924\">latence CAS de 2,5 (CL2,5)<\/strong>, il est con\u00e7u pour des performances stables sur les ordinateurs portables compatibles.<\/p>\n<p data-start=\"987\" data-end=\"1270\">Que vous restauriez un ancien ordinateur portable pour des cas d&rsquo;utilisation sp\u00e9cifiques ou que vous ayez besoin d&rsquo;un remplacement compatible pour votre configuration actuelle, ce module est test\u00e9 et garanti. Il est compatible avec les ordinateurs portables \u00e9quip\u00e9s d&#8217;emplacements SO-DIMM DDR1 200 broches et prend en charge les syst\u00e8mes con\u00e7us pour la m\u00e9moire DDR 333 MHz.<\/p>\n<ul data-start=\"1272\" data-end=\"1595\">\n<li data-start=\"1272\" data-end=\"1295\">\n<p data-start=\"1274\" data-end=\"1295\"><strong data-start=\"1274\" data-end=\"1287\">Capacit\u00e9\u00a0:<\/strong> 512 Mo<\/p>\n<\/li>\n<li data-start=\"1296\" data-end=\"1328\">\n<p data-start=\"1298\" data-end=\"1328\"><strong data-start=\"1298\" data-end=\"1307\">Type\u00a0: DDR (DDR1) SO-DIMM<\/p>\n<\/li>\n<li data-start=\"1329\" data-end=\"1359\">\n<p data-start=\"1331\" data-end=\"1359\"><strong data-start=\"1331\" data-end=\"1341\">Vitesse\u00a0: 333\u00a0MHz (PC2700)<\/p>\n<\/li>\n<li data-start=\"1360\" data-end=\"1386\">\n<p data-start=\"1362\" data-end=\"1386\"><strong data-start=\"1362\" data-end=\"1378\">Latence CAS\u00a0: CL2.5<\/p>\n<\/li>\n<li data-start=\"1387\" data-end=\"1424\">\n<p data-start=\"1389\" data-end=\"1424\"><strong data-start=\"1389\" data-end=\"1405\">R\u00e9f\u00e9rence\u00a0: PC2700S-2533-1-Z<\/p>\n<\/li>\n<li data-start=\"1425\" data-end=\"1461\">\n<p data-start=\"1427\" data-end=\"1461\"><strong data-start=\"1427\" data-end=\"1443\">Format\u00a0: SO-DIMM 200 broches<\/p>\n<\/li>\n<li data-start=\"1462\" data-end=\"1511\">\n<p data-start=\"1464\" data-end=\"1511\"><strong data-start=\"1464\" data-end=\"1478\">\u00c9tat\u00a0: D&rsquo;occasion, enti\u00e8rement test\u00e9 et fonctionnel<\/p>\n<\/li>\n<li data-start=\"1512\" data-end=\"1595\">\n<p data-start=\"1514\" data-end=\"1595\"><strong data-start=\"1514\" data-end=\"1525\">Photos\u00a0:<\/strong> L&rsquo;annonce pr\u00e9sente des <strong data-start=\"1547\" data-end=\"1593\">photos r\u00e9elles du module que vous recevrez<\/strong><\/p>\n<\/li>\n<\/ul>\n<p data-start=\"1597\" data-end=\"1808\">Nous sommes sp\u00e9cialis\u00e9s dans la vente de pi\u00e8ces d\u00e9tach\u00e9es d&rsquo;origine et test\u00e9es pour ordinateurs portables en Europe et dans le monde entier. Bien que nous ne fournissions pas d&rsquo;instructions d&rsquo;installation, n&rsquo;h\u00e9sitez pas \u00e0 <strong data-start=\"1735\" data-end=\"1785\">nous contacter pour toute question d&rsquo;aide ou de compatibilit\u00e9<\/strong>\u00a0; nous serons ravis de vous aider.<\/p>\n","protected":false},"excerpt":{"rendered":"<p>512 Mo de RAM DDR PC2700S SO-DIMM pour ordinateur portable, cadenc\u00e9e \u00e0 333 MHz avec une latence CL2.5. Id\u00e9ale pour les anciens ordinateurs portables. Enti\u00e8rement test\u00e9e, photos r\u00e9elles fournies.<\/p>\n","protected":false},"featured_media":17866,"template":"","meta":[],"product_brand":[],"product_cat":[77,72],"product_tag":[],"class_list":{"0":"post-17805","1":"product","2":"type-product","3":"status-publish","4":"has-post-thumbnail","6":"product_cat-ddr2","7":"product_cat-ram-memory","9":"first","10":"instock","11":"taxable","12":"shipping-taxable","13":"purchasable","14":"product-type-simple"},"_links":{"self":[{"href":"https:\/\/boreait.com\/fr\/wp-json\/wp\/v2\/product\/17805","targetHints":{"allow":["GET"]}}],"collection":[{"href":"https:\/\/boreait.com\/fr\/wp-json\/wp\/v2\/product"}],"about":[{"href":"https:\/\/boreait.com\/fr\/wp-json\/wp\/v2\/types\/product"}],"wp:featuredmedia":[{"embeddable":true,"href":"https:\/\/boreait.com\/fr\/wp-json\/wp\/v2\/media\/17866"}],"wp:attachment":[{"href":"https:\/\/boreait.com\/fr\/wp-json\/wp\/v2\/media?parent=17805"}],"wp:term":[{"taxonomy":"product_brand","embeddable":true,"href":"https:\/\/boreait.com\/fr\/wp-json\/wp\/v2\/product_brand?post=17805"},{"taxonomy":"product_cat","embeddable":true,"href":"https:\/\/boreait.com\/fr\/wp-json\/wp\/v2\/product_cat?post=17805"},{"taxonomy":"product_tag","embeddable":true,"href":"https:\/\/boreait.com\/fr\/wp-json\/wp\/v2\/product_tag?post=17805"}],"curies":[{"name":"wp","href":"https:\/\/api.w.org\/{rel}","templated":true}]}}