{"id":17798,"date":"2025-09-16T17:12:35","date_gmt":"2025-09-16T15:12:35","guid":{"rendered":"https:\/\/boreait.com\/fr\/?post_type=product&#038;p=17798"},"modified":"2026-02-09T11:11:39","modified_gmt":"2026-02-09T10:11:39","slug":"carte-modem-ibm-lenovo-thinkpad-r50e-39t0061-pour-x40-piece-dorigine-pour-ordinateur-portable","status":"publish","type":"product","link":"https:\/\/boreait.com\/fr\/produit\/carte-modem-ibm-lenovo-thinkpad-r50e-39t0061-pour-x40-piece-dorigine-pour-ordinateur-portable\/","title":{"rendered":"Carte modem IBM Lenovo ThinkPad R50e 39T0061 pour X40 \u2013 Pi\u00e8ce d&rsquo;origine pour ordinateur portable"},"content":{"rendered":"<p data-start=\"438\" data-end=\"737\">Vous recherchez une carte modem de remplacement fiable pour votre ordinateur portable\u00a0? Cette <strong data-start=\"509\" data-end=\"580\">carte modem IBM Lenovo ThinkPad R50e d&rsquo;origine (r\u00e9f\u00e9rence\u00a0: 39T0061)<\/strong> est exactement ce qu&rsquo;il vous faut. Sp\u00e9cialement con\u00e7ue pour les mod\u00e8les <strong data-start=\"633\" data-end=\"658\">ThinkPad X40 et R50e<\/strong>, cette pi\u00e8ce d&rsquo;origine garantit une compatibilit\u00e9 totale et des performances optimales.<\/p>\n<p data-start=\"739\" data-end=\"759\">\ud83d\udca1 <strong data-start=\"742\" data-end=\"759\">Caract\u00e9ristiques principales\u00a0:<\/strong><\/p>\n<ul data-start=\"760\" data-end=\"1068\">\n<li data-start=\"760\" data-end=\"787\">\n<p data-start=\"762\" data-end=\"787\"><strong data-start=\"762\" data-end=\"771\">Marque<\/strong>\u00a0: IBM \/ Lenovo<\/p>\n<\/li>\n<li data-start=\"788\" data-end=\"835\">\n<p data-start=\"790\" data-end=\"835\"><strong data-start=\"790\" data-end=\"813\">Mod\u00e8les compatibles<\/strong>\u00a0: ThinkPad R50e, X40<\/p>\n<\/li>\n<li data-start=\"836\" data-end=\"870\">\n<p data-start=\"838\" data-end=\"870\"><strong data-start=\"838\" data-end=\"859\">R\u00e9f\u00e9rence (P\/N)<\/strong>\u00a0: 39T0061<\/p>\n<\/li>\n<li data-start=\"871\" data-end=\"905\">\n<p data-start=\"873\" data-end=\"905\"><strong data-start=\"873\" data-end=\"881\">Type<\/strong>\u00a0: Carte modem interne<\/p>\n<\/li>\n<li data-start=\"906\" data-end=\"959\">\n<p data-start=\"908\" data-end=\"959\"><strong data-start=\"908\" data-end=\"921\">\u00c9tat<\/strong>\u00a0: Occasion \u2013 Enti\u00e8rement test\u00e9 et fonctionnel<\/p>\n<\/li>\n<li data-start=\"960\" data-end=\"1023\">\n<p data-start=\"962\" data-end=\"1023\"><strong data-start=\"962\" data-end=\"978\">Authenticit\u00e9<\/strong>\u00a0: 100\u00a0% original, pas de clone ni de pi\u00e8ce de rechange<\/p>\n<\/li>\n<li data-start=\"1024\" data-end=\"1068\">\n<p data-start=\"1026\" data-end=\"1068\"><strong data-start=\"1026\" data-end=\"1038\">Livraison<\/strong>\u00a0: Livraison internationale disponible<\/p>\n<\/li>\n<\/ul>\n<p data-start=\"1070\" data-end=\"1213\">\ud83d\uddbc <strong data-start=\"1073\" data-end=\"1105\">Ce que vous voyez est ce que vous obtenez<\/strong>\u00a0:<br data-start=\"1106\" data-end=\"1109\" \/>Toutes les photos de cette annonce sont des images r\u00e9elles de la carte modem que vous recevrez\u00a0; aucune image d&rsquo;archive\u00a0!<\/p>\n<p data-start=\"1215\" data-end=\"1369\">\ud83d\udce9 <strong data-start=\"1218\" data-end=\"1232\">Besoin d&rsquo;aide\u00a0?<\/strong><br data-start=\"1232\" data-end=\"1235\" \/>Bien que nous ne fournissions pas d&rsquo;instructions d&rsquo;installation, n&rsquo;h\u00e9sitez pas \u00e0 nous contacter si vous avez des questions sur la compatibilit\u00e9 ou besoin de conseils.<\/p>\n<p data-start=\"1371\" data-end=\"1621\">\ud83d\udd27 Que vous r\u00e9pariez, mettiez \u00e0 niveau ou restauriez votre mod\u00e8le classique ThinkPad\u00a0: cette pi\u00e8ce est un excellent choix pour votre collection de <strong data-start=\"1484\" data-end=\"1500\">pi\u00e8ces d\u00e9tach\u00e9es pour ordinateur portable<\/strong>. Commandez d\u00e8s aujourd&rsquo;hui chez <strong data-start=\"1530\" data-end=\"1544\">siggmo<\/strong>, votre fournisseur de confiance de composants d&rsquo;origine pour ordinateurs portables en Europe et dans le monde entier.<\/p>\n","protected":false},"excerpt":{"rendered":"<p>Carte modem IBM ThinkPad R50e d&rsquo;origine (r\u00e9f\u00e9rence\u00a0: 39T0061), compatible avec X40. Enti\u00e8rement test\u00e9e et pr\u00eate \u00e0 installer. Photos r\u00e9elles.<\/p>\n","protected":false},"featured_media":17865,"template":"","meta":[],"product_brand":[],"product_cat":[63],"product_tag":[62],"class_list":{"0":"post-17798","1":"product","2":"type-product","3":"status-publish","4":"has-post-thumbnail","6":"product_cat-motherboards-board-parts","7":"product_tag-lenovo","9":"first","10":"instock","11":"taxable","12":"shipping-taxable","13":"purchasable","14":"product-type-simple"},"_links":{"self":[{"href":"https:\/\/boreait.com\/fr\/wp-json\/wp\/v2\/product\/17798","targetHints":{"allow":["GET"]}}],"collection":[{"href":"https:\/\/boreait.com\/fr\/wp-json\/wp\/v2\/product"}],"about":[{"href":"https:\/\/boreait.com\/fr\/wp-json\/wp\/v2\/types\/product"}],"wp:featuredmedia":[{"embeddable":true,"href":"https:\/\/boreait.com\/fr\/wp-json\/wp\/v2\/media\/17865"}],"wp:attachment":[{"href":"https:\/\/boreait.com\/fr\/wp-json\/wp\/v2\/media?parent=17798"}],"wp:term":[{"taxonomy":"product_brand","embeddable":true,"href":"https:\/\/boreait.com\/fr\/wp-json\/wp\/v2\/product_brand?post=17798"},{"taxonomy":"product_cat","embeddable":true,"href":"https:\/\/boreait.com\/fr\/wp-json\/wp\/v2\/product_cat?post=17798"},{"taxonomy":"product_tag","embeddable":true,"href":"https:\/\/boreait.com\/fr\/wp-json\/wp\/v2\/product_tag?post=17798"}],"curies":[{"name":"wp","href":"https:\/\/api.w.org\/{rel}","templated":true}]}}