{"id":17796,"date":"2025-09-16T17:12:35","date_gmt":"2025-09-16T15:12:35","guid":{"rendered":"https:\/\/boreait.com\/fr\/?post_type=product&#038;p=17796"},"modified":"2025-09-16T17:14:59","modified_gmt":"2025-09-16T15:14:59","slug":"memoire-ram-patriot-1-go-ddr-333-pc2700-pour-ordinateur-portable-so-dimm-200-broches-piece-de-memoire-testee","status":"publish","type":"product","link":"https:\/\/boreait.com\/fr\/produit\/memoire-ram-patriot-1-go-ddr-333-pc2700-pour-ordinateur-portable-so-dimm-200-broches-piece-de-memoire-testee\/","title":{"rendered":"M\u00e9moire RAM Patriot 1 Go DDR 333 PC2700 pour ordinateur portable \u2013 SO-DIMM 200 broches \u2013 Pi\u00e8ce de m\u00e9moire test\u00e9e"},"content":{"rendered":"<p data-start=\"687\" data-end=\"947\">Mettez \u00e0 niveau votre ancien ordinateur portable avec ce module de m\u00e9moire authentique <strong data-start=\"731\" data-end=\"773\">Patriot Signature 1 Go DDR 333 (PC2700)<\/strong>. Con\u00e7ue pour \u00eatre compatible avec une large gamme d&rsquo;ordinateurs portables d&rsquo;ancienne g\u00e9n\u00e9ration, cette <strong data-start=\"858\" data-end=\"881\">RAM SO-DIMM 200 broches<\/strong> am\u00e9liore les performances de votre syst\u00e8me de mani\u00e8re simple et \u00e9conomique.<\/p>\n<p data-start=\"949\" data-end=\"1293\">Ce module est id\u00e9al pour remplacer une m\u00e9moire d\u00e9fectueuse ou mettre \u00e0 niveau la RAM existante des ordinateurs portables compatibles DDR 333. Particuli\u00e8rement utile pour r\u00e9parer ou restaurer des machines anciennes, il fait partie de notre inventaire soigneusement s\u00e9lectionn\u00e9 de <strong data-start=\"1188\" data-end=\"1204\">pi\u00e8ces d\u00e9tach\u00e9es pour ordinateurs portables<\/strong>\u00a0; chacune d&rsquo;elles est test\u00e9e et photographi\u00e9e individuellement pour que vous sachiez exactement ce que vous obtenez.<\/p>\n<hr data-start=\"1295\" data-end=\"1298\" \/>\n<h3 data-start=\"1300\" data-end=\"1329\">\u2705 <strong data-start=\"1306\" data-end=\"1329\">Points forts du produit\u00a0:<\/strong><\/h3>\n<ul data-start=\"1331\" data-end=\"1675\">\n<li data-start=\"1331\" data-end=\"1363\">\n<p data-start=\"1333\" data-end=\"1363\"><strong data-start=\"1333\" data-end=\"1343\">Marque\u00a0: Patriot Signature<\/p>\n<\/li>\n<li data-start=\"1364\" data-end=\"1385\">\n<p data-start=\"1366\" data-end=\"1385\"><strong data-start=\"1366\" data-end=\"1379\">Capacit\u00e9\u00a0: 1\u00a0Go<\/p>\n<\/li>\n<li data-start=\"1386\" data-end=\"1410\">\n<p data-start=\"1388\" data-end=\"1410\"><strong data-start=\"1388\" data-end=\"1404\">Type de m\u00e9moire\u00a0: DDR<\/p>\n<\/li>\n<li data-start=\"1411\" data-end=\"1443\">\n<p data-start=\"1413\" data-end=\"1443\"><strong data-start=\"1413\" data-end=\"1423\">Vitesse\u00a0: DDR 333 (PC 2700)<\/p>\n<\/li>\n<li data-start=\"1444\" data-end=\"1480\">\n<p data-start=\"1446\" data-end=\"1480\"><strong data-start=\"1446\" data-end=\"1462\">Format\u00a0: SO-DIMM 200 broches<\/p>\n<\/li>\n<li data-start=\"1481\" data-end=\"1530\">\n<p data-start=\"1483\" data-end=\"1530\"><strong data-start=\"1483\" data-end=\"1497\">\u00c9tat\u00a0: Occasion, enti\u00e8rement test\u00e9 et fonctionnel<\/p>\n<\/li>\n<li data-start=\"1531\" data-end=\"1610\">\n<p data-start=\"1533\" data-end=\"1610\"><strong data-start=\"1533\" data-end=\"1551\">Compatibilit\u00e9\u00a0:<\/strong> Compatible avec les ordinateurs portables prenant en charge la m\u00e9moire DDR 333 PC2700.<\/p>\n<\/li>\n<li data-start=\"1611\" data-end=\"1675\">\n<p data-start=\"1613\" data-end=\"1675\"><strong data-start=\"1613\" data-end=\"1629\">Photos r\u00e9elles\u00a0:<\/strong> Ce que vous voyez est exactement ce que vous recevrez.<\/p>\n<\/li>\n<\/ul>\n<hr data-start=\"1677\" data-end=\"1680\" \/>\n<p data-start=\"1682\" data-end=\"1918\">\ud83d\udca1 <strong data-start=\"1685\" data-end=\"1701\">Remarque\u00a0:<\/strong><br data-start=\"1701\" data-end=\"1704\" \/>Cet article est vendu uniquement en tant que composant mat\u00e9riel. Si vous avez besoin d&rsquo;aide pour l&rsquo;installation ou la compatibilit\u00e9, n&rsquo;h\u00e9sitez pas \u00e0 nous contacter. Nous ne fournissons pas d&rsquo;instructions de remplacement, mais nous serons ravis de r\u00e9pondre \u00e0 vos questions.<\/p>\n<p data-start=\"1920\" data-end=\"2010\">\ud83d\udd12 <strong data-start=\"1923\" data-end=\"2010\">Des photos r\u00e9elles du module RAM sont incluses dans l&rsquo;annonce\u00a0; aucune image d&rsquo;archive n&rsquo;est disponible.<\/strong><\/p>\n","protected":false},"excerpt":{"rendered":"<p>Module de m\u00e9moire Patriot DDR 333 (PC2700) fiable de 1 Go pour ordinateur portable. Format SO-DIMM 200 broches. Enti\u00e8rement test\u00e9 et pr\u00eat \u00e0 installer.<\/p>\n","protected":false},"featured_media":17857,"template":"","meta":[],"product_brand":[],"product_cat":[115,72],"product_tag":[],"class_list":{"0":"post-17796","1":"product","2":"type-product","3":"status-publish","4":"has-post-thumbnail","6":"product_cat-ddr1","7":"product_cat-ram-memory","9":"first","10":"instock","11":"taxable","12":"shipping-taxable","13":"purchasable","14":"product-type-simple"},"_links":{"self":[{"href":"https:\/\/boreait.com\/fr\/wp-json\/wp\/v2\/product\/17796","targetHints":{"allow":["GET"]}}],"collection":[{"href":"https:\/\/boreait.com\/fr\/wp-json\/wp\/v2\/product"}],"about":[{"href":"https:\/\/boreait.com\/fr\/wp-json\/wp\/v2\/types\/product"}],"wp:featuredmedia":[{"embeddable":true,"href":"https:\/\/boreait.com\/fr\/wp-json\/wp\/v2\/media\/17857"}],"wp:attachment":[{"href":"https:\/\/boreait.com\/fr\/wp-json\/wp\/v2\/media?parent=17796"}],"wp:term":[{"taxonomy":"product_brand","embeddable":true,"href":"https:\/\/boreait.com\/fr\/wp-json\/wp\/v2\/product_brand?post=17796"},{"taxonomy":"product_cat","embeddable":true,"href":"https:\/\/boreait.com\/fr\/wp-json\/wp\/v2\/product_cat?post=17796"},{"taxonomy":"product_tag","embeddable":true,"href":"https:\/\/boreait.com\/fr\/wp-json\/wp\/v2\/product_tag?post=17796"}],"curies":[{"name":"wp","href":"https:\/\/api.w.org\/{rel}","templated":true}]}}