{"id":17793,"date":"2025-09-16T17:12:34","date_gmt":"2025-09-16T15:12:34","guid":{"rendered":"https:\/\/boreait.com\/fr\/?post_type=product&#038;p=17793"},"modified":"2025-09-16T17:14:49","modified_gmt":"2025-09-16T15:14:49","slug":"ensemble-haut-parleurs-gauche-et-droit-pour-macbook-air-13-2014-a1466-pieces-dorigine-pour-ordinateur-portable","status":"publish","type":"product","link":"https:\/\/boreait.com\/fr\/produit\/ensemble-haut-parleurs-gauche-et-droit-pour-macbook-air-13-2014-a1466-pieces-dorigine-pour-ordinateur-portable\/","title":{"rendered":"Ensemble haut-parleurs gauche et droit pour MacBook Air 13&Prime; (2014) A1466 | Pi\u00e8ces d&rsquo;origine pour ordinateur portable"},"content":{"rendered":"<p data-start=\"632\" data-end=\"902\">Restaure le son clair et net de votre MacBook avec ce <strong data-start=\"684\" data-end=\"708\">jeu de haut-parleurs d&rsquo;origine<\/strong> pour le <strong data-start=\"717\" data-end=\"749\">MacBook Air 13&Prime; (d\u00e9but 2014)<\/strong> mod\u00e8le <strong data-start=\"756\" data-end=\"765\">A1466<\/strong>. Il s&rsquo;agit des <strong data-start=\"781\" data-end=\"817\">haut-parleurs internes gauche et droit<\/strong>, soigneusement retir\u00e9s d&rsquo;un appareil en \u00e9tat de marche et soumis \u00e0 des tests de qualit\u00e9 et de performances complets.<\/p>\n<p data-start=\"904\" data-end=\"1098\">Que vos haut-parleurs actuels soient d\u00e9form\u00e9s, silencieux ou endommag\u00e9s, cette pi\u00e8ce de rechange Apple d&rsquo;origine est la pi\u00e8ce de rechange id\u00e9ale pour retrouver la richesse sonore de votre MacBook Air d&rsquo;origine.<\/p>\n<h3 data-start=\"1100\" data-end=\"1125\">\u2705 Points forts du produit\u00a0:<\/p>\n<ul data-start=\"1126\" data-end=\"1619\">\n<li data-start=\"1126\" data-end=\"1200\">\n<p data-start=\"1128\" data-end=\"1200\"><strong data-start=\"1128\" data-end=\"1152\">Mod\u00e8les compatibles\u00a0:<\/strong> MacBook Air 13 pouces (d\u00e9but 2014), mod\u00e8le A1466<\/p>\n<\/li>\n<li data-start=\"1201\" data-end=\"1243\">\n<p data-start=\"1203\" data-end=\"1243\"><strong data-start=\"1203\" data-end=\"1216\">Inclus\u00a0:<\/strong> Haut-parleurs gauche et droit ensemble<\/p>\n<\/li>\n<li data-start=\"1244\" data-end=\"1326\">\n<p data-start=\"1246\" data-end=\"1326\"><strong data-start=\"1246\" data-end=\"1260\">\u00c9tat\u00a0:<\/strong> Utilis\u00e9 mais enti\u00e8rement fonctionnel\u00a0\u2013 photos r\u00e9elles de l&rsquo;article incluses.<\/p>\n<\/li>\n<li data-start=\"1327\" data-end=\"1425\">\n<p data-start=\"1329\" data-end=\"1425\"><strong data-start=\"1329\" data-end=\"1346\">Installation\u00a0:<\/strong> Installation par un professionnel recommand\u00e9e\u00a0\u2013 n&rsquo;h\u00e9sitez pas \u00e0 nous contacter pour obtenir des conseils.<\/p>\n<\/li>\n<li data-start=\"1426\" data-end=\"1492\">\n<p data-start=\"1428\" data-end=\"1492\"><strong data-start=\"1428\" data-end=\"1441\">Livraison\u00a0: Nous exp\u00e9dions depuis l&rsquo;Europe et proposons une livraison dans le monde entier.<\/p>\n<\/li>\n<li data-start=\"1493\" data-end=\"1619\">\n<p data-start=\"1495\" data-end=\"1619\"><strong data-start=\"1495\" data-end=\"1511\">Id\u00e9al pour\u00a0:<\/strong> les techniciens de r\u00e9paration, les reconditionneurs d&rsquo;ordinateurs portables et toute personne ayant besoin de <strong data-start=\"1585\" data-end=\"1601\">pi\u00e8ces d\u00e9tach\u00e9es pour ordinateurs portables<\/strong> de haute qualit\u00e9 pour appareils Apple.<\/p>\n<\/li>\n<\/ul>\n<p data-start=\"1621\" data-end=\"1846\">Si vous recherchez des <strong data-start=\"1643\" data-end=\"1659\">pi\u00e8ces d\u00e9tach\u00e9es pour ordinateurs portables<\/strong> fiables, voici un composant Apple d&rsquo;origine et de qualit\u00e9 sup\u00e9rieure\u00a0; aucune pi\u00e8ce de rechange bon march\u00e9. ici. Vous recevrez exactement ce que vous voyez sur les photos. Besoin d&rsquo;aide\u00a0? Envoyez-nous un message \u00e0 tout moment.<\/p>\n","protected":false},"excerpt":{"rendered":"<p data-start=\"393\" data-end=\"551\">Ensemble de haut-parleurs internes gauche et droit d&rsquo;origine pour MacBook Air A1466 (13 pouces, d\u00e9but 2014). Enti\u00e8rement test\u00e9s et fonctionnels, ils sont parfaits pour restaurer la qualit\u00e9 sonore d&rsquo;origine.<\/p>\n","protected":false},"featured_media":17854,"template":"","meta":[],"product_brand":[],"product_cat":[54],"product_tag":[87],"class_list":{"0":"post-17793","1":"product","2":"type-product","3":"status-publish","4":"has-post-thumbnail","6":"product_cat-laptop-speakers","7":"product_tag-apple","9":"first","10":"instock","11":"taxable","12":"shipping-taxable","13":"purchasable","14":"product-type-simple"},"_links":{"self":[{"href":"https:\/\/boreait.com\/fr\/wp-json\/wp\/v2\/product\/17793","targetHints":{"allow":["GET"]}}],"collection":[{"href":"https:\/\/boreait.com\/fr\/wp-json\/wp\/v2\/product"}],"about":[{"href":"https:\/\/boreait.com\/fr\/wp-json\/wp\/v2\/types\/product"}],"wp:featuredmedia":[{"embeddable":true,"href":"https:\/\/boreait.com\/fr\/wp-json\/wp\/v2\/media\/17854"}],"wp:attachment":[{"href":"https:\/\/boreait.com\/fr\/wp-json\/wp\/v2\/media?parent=17793"}],"wp:term":[{"taxonomy":"product_brand","embeddable":true,"href":"https:\/\/boreait.com\/fr\/wp-json\/wp\/v2\/product_brand?post=17793"},{"taxonomy":"product_cat","embeddable":true,"href":"https:\/\/boreait.com\/fr\/wp-json\/wp\/v2\/product_cat?post=17793"},{"taxonomy":"product_tag","embeddable":true,"href":"https:\/\/boreait.com\/fr\/wp-json\/wp\/v2\/product_tag?post=17793"}],"curies":[{"name":"wp","href":"https:\/\/api.w.org\/{rel}","templated":true}]}}