{"id":17783,"date":"2025-09-16T17:12:09","date_gmt":"2025-09-16T15:12:09","guid":{"rendered":"https:\/\/boreait.com\/fr\/?post_type=product&#038;p=17783"},"modified":"2025-09-16T17:14:25","modified_gmt":"2025-09-16T15:14:25","slug":"coque-inferieure-dorigine-pour-macbook-air-13-a1466-2014-pieces-detachees-pour-ordinateurs-portables-europe","status":"publish","type":"product","link":"https:\/\/boreait.com\/fr\/produit\/coque-inferieure-dorigine-pour-macbook-air-13-a1466-2014-pieces-detachees-pour-ordinateurs-portables-europe\/","title":{"rendered":"Coque inf\u00e9rieure d&rsquo;origine pour MacBook Air 13&Prime; A1466 (2014) | Pi\u00e8ces d\u00e9tach\u00e9es pour ordinateurs portables Europe"},"content":{"rendered":"<p data-start=\"556\" data-end=\"882\">Restaurez votre MacBook Air avec ce <strong data-start=\"600\" data-end=\"659\">couvercle inf\u00e9rieur d&rsquo;origine pour MacBook Air 13 pouces A1466 (d\u00e9but 2014)<\/strong>. Il s&rsquo;agit d&rsquo;une pi\u00e8ce Apple d&rsquo;origine, et non d&rsquo;une r\u00e9plique bon march\u00e9. Id\u00e9al pour remplacer les bo\u00eetiers inf\u00e9rieurs endommag\u00e9s, caboss\u00e9s ou us\u00e9s. C&rsquo;est un <strong data-start=\"794\" data-end=\"809\">composant essentiel pour ordinateur portable<\/strong> si vous souhaitez conserver la qualit\u00e9 et le confort d&rsquo;utilisation de votre Mac d&rsquo;origine.<\/p>\n<ul data-start=\"884\" data-end=\"1290\">\n<li data-start=\"884\" data-end=\"906\">\n<p data-start=\"886\" data-end=\"906\">\u2705 <strong data-start=\"888\" data-end=\"898\">Mod\u00e8le\u00a0:<\/strong> A1466<\/p>\n<\/li>\n<li data-start=\"907\" data-end=\"966\">\n<p data-start=\"909\" data-end=\"966\">\u2705 <strong data-start=\"911\" data-end=\"931\">Compatible avec\u00a0:<\/strong> MacBook Air 13 pouces (version ant\u00e9rieure) 2014)<\/p>\n<\/li>\n<li data-start=\"967\" data-end=\"1013\">\n<p data-start=\"969\" data-end=\"1013\">\u2705 <strong data-start=\"971\" data-end=\"985\">Type de pi\u00e8ce\u00a0:<\/strong> Cache inf\u00e9rieur \/ bo\u00eetier inf\u00e9rieur<\/p>\n<\/li>\n<li data-start=\"1014\" data-end=\"1075\">\n<p data-start=\"1016\" data-end=\"1075\">\u2705 <strong data-start=\"1018\" data-end=\"1032\">\u00c9tat\u00a0:<\/strong> Utilis\u00e9, test\u00e9 et en bon \u00e9tat esth\u00e9tique<\/p>\n<\/li>\n<li data-start=\"1076\" data-end=\"1138\">\n<p data-start=\"1078\" data-end=\"1138\">\u2705 <strong data-start=\"1080\" data-end=\"1091\">Photos\u00a0:<\/strong> Photos r\u00e9elles de la pi\u00e8ce que vous recevrez.<\/p>\n<\/li>\n<li data-start=\"1139\" data-end=\"1241\">\n<p data-start=\"1141\" data-end=\"1241\">\u2705 <strong data-start=\"1143\" data-end=\"1155\">Assistance\u00a0:<\/strong> Aucune notice d&rsquo;installation incluse, mais n&rsquo;h\u00e9sitez pas \u00e0 nous contacter si vous avez besoin d&rsquo;aide.<\/p>\n<\/li>\n<li data-start=\"1242\" data-end=\"1290\">\n<p data-start=\"1244\" data-end=\"1290\">\u2705 <strong data-start=\"1246\" data-end=\"1290\">Exp\u00e9di\u00e9 depuis l&rsquo;Europe \u2014 nous livrons dans le monde entier.<\/strong><\/p>\n<\/li>\n<\/ul>\n<p data-start=\"1292\" data-end=\"1539\">Id\u00e9al pour les techniciens, les reconditionneurs ou toute personne souhaitant remplacer la base d&rsquo;un MacBook Air A1466. Cette <strong data-start=\"1395\" data-end=\"1410\">pi\u00e8ce d\u00e9tach\u00e9e pour ordinateur portable<\/strong> est exp\u00e9di\u00e9e rapidement et en toute s\u00e9curit\u00e9. Achetez en toute confiance chez <strong data-start=\"1465\" data-end=\"1479\">siggmo<\/strong>, votre fournisseur de confiance pour les pi\u00e8ces d\u00e9tach\u00e9es pour ordinateurs portables en Europe et au-del\u00e0.<\/p>\n","protected":false},"excerpt":{"rendered":"<p>Coque inf\u00e9rieure d&rsquo;origine pour MacBook Air 13&Prime; A1466 (d\u00e9but 2014). Pi\u00e8ce d&rsquo;occasion d&rsquo;origine en bon \u00e9tat. Les photos repr\u00e9sentent l&rsquo;article r\u00e9el. N&rsquo;h\u00e9sitez pas \u00e0 nous contacter si vous avez besoin d&rsquo;aide.<\/p>\n","protected":false},"featured_media":17843,"template":"","meta":[],"product_brand":[],"product_cat":[52],"product_tag":[87],"class_list":{"0":"post-17783","1":"product","2":"type-product","3":"status-publish","4":"has-post-thumbnail","6":"product_cat-laptop-housing","7":"product_tag-apple","9":"first","10":"instock","11":"taxable","12":"shipping-taxable","13":"purchasable","14":"product-type-simple"},"_links":{"self":[{"href":"https:\/\/boreait.com\/fr\/wp-json\/wp\/v2\/product\/17783","targetHints":{"allow":["GET"]}}],"collection":[{"href":"https:\/\/boreait.com\/fr\/wp-json\/wp\/v2\/product"}],"about":[{"href":"https:\/\/boreait.com\/fr\/wp-json\/wp\/v2\/types\/product"}],"wp:featuredmedia":[{"embeddable":true,"href":"https:\/\/boreait.com\/fr\/wp-json\/wp\/v2\/media\/17843"}],"wp:attachment":[{"href":"https:\/\/boreait.com\/fr\/wp-json\/wp\/v2\/media?parent=17783"}],"wp:term":[{"taxonomy":"product_brand","embeddable":true,"href":"https:\/\/boreait.com\/fr\/wp-json\/wp\/v2\/product_brand?post=17783"},{"taxonomy":"product_cat","embeddable":true,"href":"https:\/\/boreait.com\/fr\/wp-json\/wp\/v2\/product_cat?post=17783"},{"taxonomy":"product_tag","embeddable":true,"href":"https:\/\/boreait.com\/fr\/wp-json\/wp\/v2\/product_tag?post=17783"}],"curies":[{"name":"wp","href":"https:\/\/api.w.org\/{rel}","templated":true}]}}