{"id":17781,"date":"2025-09-16T17:12:08","date_gmt":"2025-09-16T15:12:08","guid":{"rendered":"https:\/\/boreait.com\/fr\/?post_type=product&#038;p=17781"},"modified":"2025-09-16T17:14:11","modified_gmt":"2025-09-16T15:14:11","slug":"cable-mini-sas-sff-8087-vers-4x-sata-7-broches-05-m-adaptateur-ssd-hdd-pieces-pour-ordinateur-portable","status":"publish","type":"product","link":"https:\/\/boreait.com\/fr\/produit\/cable-mini-sas-sff-8087-vers-4x-sata-7-broches-05-m-adaptateur-ssd-hdd-pieces-pour-ordinateur-portable\/","title":{"rendered":"C\u00e2ble Mini SAS SFF-8087 vers 4x SATA 7 broches 0,5 m \u2013 Adaptateur SSD HDD \u2013 Pi\u00e8ces pour ordinateur portable"},"content":{"rendered":"<p data-start=\"715\" data-end=\"1165\">Mettez \u00e0 niveau votre configuration de stockage avec le <strong data-start=\"751\" data-end=\"798\">c\u00e2ble Mini SAS vers 4 SATA 0,5 M CableCreation<\/strong>, con\u00e7u pour des connexions de donn\u00e9es fiables et \u00e0 haut d\u00e9bit entre le contr\u00f4leur SAS de votre syst\u00e8me et jusqu&rsquo;\u00e0 quatre disques SATA. Ce c\u00e2ble d&rsquo;int\u00e9rieur noir haut de gamme est dot\u00e9 d&rsquo;une configuration <strong data-start=\"959\" data-end=\"1000\">SFF-8087 m\u00e2le vers 4x SATA 7 broches femelles<\/strong>, prenant en charge des <strong data-start=\"1027\" data-end=\"1055\">d\u00e9bits SAS jusqu&rsquo;\u00e0 1,6 Gbit\/s<\/strong>, ce qui le rend id\u00e9al pour connecter des SSD, des disques durs et des lecteurs optiques aux ordinateurs portables, serveurs et postes de travail.<\/p>\n<p data-start=\"1167\" data-end=\"1351\">Que vous construisiez un syst\u00e8me personnalis\u00e9 ou que vous remplaciez des <strong data-start=\"1229\" data-end=\"1245\">composants d&rsquo;ordinateurs portables<\/strong>, ce c\u00e2ble est une mise \u00e0 niveau compacte et essentielle qui garantit un flux de donn\u00e9es efficace et des performances stables.<\/p>\n<p data-start=\"1353\" data-end=\"1370\"><strong data-start=\"1353\" data-end=\"1370\">Caract\u00e9ristiques principales\u00a0:<\/strong><\/p>\n<ul data-start=\"1371\" data-end=\"1802\">\n<li data-start=\"1371\" data-end=\"1414\">\n<p data-start=\"1373\" data-end=\"1414\"><strong data-start=\"1373\" data-end=\"1389\">Connecteur A\u00a0:<\/strong> Mini SAS SFF-8087 m\u00e2le<\/p>\n<\/li>\n<li data-start=\"1415\" data-end=\"1456\">\n<p data-start=\"1417\" data-end=\"1456\"><strong data-start=\"1417\" data-end=\"1433\">Connecteur B\u00a0:<\/strong> 4 x SATA 7 broches femelles<\/p>\n<\/li>\n<li data-start=\"1457\" data-end=\"1489\">\n<p data-start=\"1459\" data-end=\"1489\"><strong data-start=\"1459\" data-end=\"1470\">Longueur\u00a0:<\/strong> 0,5 m\u00e8tre (50 cm)<\/p>\n<\/li>\n<li data-start=\"1490\" data-end=\"1536\">\n<p data-start=\"1492\" data-end=\"1536\"><strong data-start=\"1492\" data-end=\"1510\">Vitesse prise en charge\u00a0:<\/strong> jusqu&rsquo;\u00e0 1,6 Gbit\/s (SAS 1.0)<\/p>\n<\/li>\n<li data-start=\"1537\" data-end=\"1630\">\n<p data-start=\"1539\" data-end=\"1630\"><strong data-start=\"1539\" data-end=\"1552\">Utilisation Bo\u00eetier\u00a0: Connectez jusqu&rsquo;\u00e0 4\u00a0disques durs SATA, SSD ou lecteurs optiques \u00e0 un contr\u00f4leur Mini SAS.<\/p>\n<\/li>\n<li data-start=\"1631\" data-end=\"1749\">\n<p data-start=\"1633\" data-end=\"1749\"><strong data-start=\"1633\" data-end=\"1649\">Application\u00a0: Id\u00e9al pour les configurations internes d&rsquo;ordinateurs portables et de serveurs, les syst\u00e8mes NAS domestiques et les configurations de r\u00e9cup\u00e9ration de donn\u00e9es.<\/p>\n<\/li>\n<li data-start=\"1750\" data-end=\"1770\">\n<p data-start=\"1752\" data-end=\"1770\"><strong data-start=\"1752\" data-end=\"1762\">Couleur\u00a0: Noir.<\/p>\n<\/li>\n<li data-start=\"1771\" data-end=\"1802\">\n<p data-start=\"1773\" data-end=\"1802\"><strong data-start=\"1773\" data-end=\"1789\">Environnement\u00a0:<\/strong> Utilisation en int\u00e9rieur<\/p>\n<\/li>\n<\/ul>\n<p data-start=\"1804\" data-end=\"2017\">\ud83d\udca1 <strong data-start=\"1807\" data-end=\"1816\">Remarque\u00a0:<\/strong><br data-start=\"1816\" data-end=\"1819\" \/>Cette annonce concerne l&rsquo;<strong data-start=\"1843\" data-end=\"1876\">produit r\u00e9el pr\u00e9sent\u00e9 sur les photos<\/strong>\u00a0; vous recevrez exactement le m\u00eame produit que vous voyez.<br data-start=\"1913\" data-end=\"1916\" \/>Nous ne fournissons pas d&rsquo;instructions d&rsquo;installation, mais nous restons \u00e0 votre disposition pour toute question\u00a0!<\/p>\n","protected":false},"excerpt":{"rendered":"<p>C\u00e2ble Mini SAS vers 4x SATA haut d\u00e9bit (0,5 m), id\u00e9al pour connecter des SSD, des disques durs ou des lecteurs optiques. Id\u00e9al pour la mise \u00e0 niveau des ordinateurs portables, des serveurs et des stations de travail.<\/p>\n","protected":false},"featured_media":17835,"template":"","meta":[],"product_brand":[],"product_cat":[56],"product_tag":[],"class_list":{"0":"post-17781","1":"product","2":"type-product","3":"status-publish","4":"has-post-thumbnail","6":"product_cat-cables","8":"first","9":"instock","10":"taxable","11":"shipping-taxable","12":"purchasable","13":"product-type-simple"},"_links":{"self":[{"href":"https:\/\/boreait.com\/fr\/wp-json\/wp\/v2\/product\/17781","targetHints":{"allow":["GET"]}}],"collection":[{"href":"https:\/\/boreait.com\/fr\/wp-json\/wp\/v2\/product"}],"about":[{"href":"https:\/\/boreait.com\/fr\/wp-json\/wp\/v2\/types\/product"}],"wp:featuredmedia":[{"embeddable":true,"href":"https:\/\/boreait.com\/fr\/wp-json\/wp\/v2\/media\/17835"}],"wp:attachment":[{"href":"https:\/\/boreait.com\/fr\/wp-json\/wp\/v2\/media?parent=17781"}],"wp:term":[{"taxonomy":"product_brand","embeddable":true,"href":"https:\/\/boreait.com\/fr\/wp-json\/wp\/v2\/product_brand?post=17781"},{"taxonomy":"product_cat","embeddable":true,"href":"https:\/\/boreait.com\/fr\/wp-json\/wp\/v2\/product_cat?post=17781"},{"taxonomy":"product_tag","embeddable":true,"href":"https:\/\/boreait.com\/fr\/wp-json\/wp\/v2\/product_tag?post=17781"}],"curies":[{"name":"wp","href":"https:\/\/api.w.org\/{rel}","templated":true}]}}