{"id":17772,"date":"2025-09-16T17:11:39","date_gmt":"2025-09-16T15:11:39","guid":{"rendered":"https:\/\/boreait.com\/fr\/?post_type=product&#038;p=17772"},"modified":"2026-02-09T11:11:03","modified_gmt":"2026-02-09T10:11:03","slug":"cable-lcd-lenovo-dc020027a20-dorigine-pour-ideapad-3-17iil05-pieces-detachees-pour-ordinateur-portable","status":"publish","type":"product","link":"https:\/\/boreait.com\/fr\/produit\/cable-lcd-lenovo-dc020027a20-dorigine-pour-ideapad-3-17iil05-pieces-detachees-pour-ordinateur-portable\/","title":{"rendered":"C\u00e2ble LCD Lenovo DC020027A20 d&rsquo;origine pour IdeaPad 3 17IIL05 &#8211; Pi\u00e8ces d\u00e9tach\u00e9es pour ordinateur portable"},"content":{"rendered":"<p data-start=\"774\" data-end=\"1119\">Vous recherchez un c\u00e2ble LCD de remplacement d&rsquo;origine pour votre ordinateur portable Lenovo\u00a0? Ce <strong data-start=\"847\" data-end=\"887\">c\u00e2ble d&rsquo;\u00e9cran LCD Lenovo DC020027A20<\/strong> est une pi\u00e8ce 100\u00a0% d&rsquo;origine, sp\u00e9cialement con\u00e7ue pour les mod\u00e8les <strong data-start=\"939\" data-end=\"967\">Lenovo IdeaPad 3 17IIL05<\/strong>. Il assure une connexion solide entre la carte m\u00e8re et l&rsquo;\u00e9cran de votre ordinateur portable, r\u00e9tablissant ainsi toutes les fonctionnalit\u00e9s de l&rsquo;\u00e9cran avec une transmission de signal stable.<\/p>\n<p data-start=\"1121\" data-end=\"1350\">Que vous r\u00e9pariez un \u00e9cran qui scintille ou un \u00e9cran d\u00e9fectueux, ce c\u00e2ble de haute qualit\u00e9 est la solution id\u00e9ale pour votre machine. Id\u00e9al pour les r\u00e9parateurs amateurs, les centres de service et les techniciens d&rsquo;ordinateurs portables \u00e0 la recherche de pi\u00e8ces d\u00e9tach\u00e9es d&rsquo;ordinateurs portables authentiques.<\/p>\n<p data-start=\"1352\" data-end=\"1377\">\u2705 <strong data-start=\"1354\" data-end=\"1376\">Points forts du produit<\/strong>\u00a0:<\/p>\n<ul data-start=\"1378\" data-end=\"1647\">\n<li data-start=\"1378\" data-end=\"1410\">\n<p data-start=\"1380\" data-end=\"1410\"><strong data-start=\"1380\" data-end=\"1395\">R\u00e9f\u00e9rence<\/strong>\u00a0: DC020027A20<\/p>\n<\/li>\n<li data-start=\"1411\" data-end=\"1459\">\n<p data-start=\"1413\" data-end=\"1459\"><strong data-start=\"1413\" data-end=\"1426\">\u00c9tat<\/strong>\u00a0: Pi\u00e8ce d&rsquo;origine Lenovo.<\/p>\n<\/li>\n<li data-start=\"1460\" data-end=\"1515\">\n<p data-start=\"1462\" data-end=\"1515\"><strong data-start=\"1462\" data-end=\"1479\">Compatibilit\u00e9<\/strong>\u00a0: Lenovo IdeaPad 3 17IIL05 (17,3&Prime;).<\/p>\n<\/li>\n<li data-start=\"1516\" data-end=\"1571\">\n<p data-start=\"1518\" data-end=\"1571\"><strong data-start=\"1518\" data-end=\"1530\">Fonction<\/strong>\u00a0: Connecte la carte m\u00e8re. \u00e0 l&rsquo;\u00e9cran LCD<\/p>\n<\/li>\n<li data-start=\"1572\" data-end=\"1647\">\n<p data-start=\"1574\" data-end=\"1647\"><strong data-start=\"1574\" data-end=\"1584\">Photos<\/strong>\u00a0: Ce que vous voyez correspond exactement \u00e0 ce que vous recevrez\u00a0\u2014 aucune surprise\u00a0!<\/p>\n<\/li>\n<\/ul>\n<p data-start=\"1649\" data-end=\"1775\">\ud83d\udee0 <strong data-start=\"1652\" data-end=\"1660\">Remarque<\/strong>\u00a0: Nous ne fournissons pas d&rsquo;instructions d&rsquo;installation. Si vous avez besoin de conseils, n&rsquo;h\u00e9sitez pas \u00e0 nous contacter\u00a0\u2014 nous serons ravis de vous aider\u00a0!<\/p>\n<p data-start=\"1777\" data-end=\"1905\">\ud83d\udca1 Que vous soyez un professionnel ou un bricoleur, faites confiance \u00e0 <strong data-start=\"1831\" data-end=\"1845\">Siggmo<\/strong> pour des <strong data-start=\"1860\" data-end=\"1876\">pi\u00e8ces d\u00e9tach\u00e9es pour ordinateurs portables<\/strong> authentiques dans toute l&rsquo;Europe et dans le monde entier.<\/p>\n","protected":false},"excerpt":{"rendered":"<p>C\u00e2ble d&rsquo;\u00e9cran LCD d&rsquo;origine Lenovo DC020027A20 compatible avec l&rsquo;IdeaPad 3 17IIL05. Pi\u00e8ce d&rsquo;origine pour une connexion fiable et des performances d&rsquo;affichage stables.<\/p>\n","protected":false},"featured_media":17833,"template":"","meta":[],"product_brand":[],"product_cat":[56],"product_tag":[62],"class_list":{"0":"post-17772","1":"product","2":"type-product","3":"status-publish","4":"has-post-thumbnail","6":"product_cat-cables","7":"product_tag-lenovo","9":"first","10":"instock","11":"taxable","12":"shipping-taxable","13":"purchasable","14":"product-type-simple"},"_links":{"self":[{"href":"https:\/\/boreait.com\/fr\/wp-json\/wp\/v2\/product\/17772","targetHints":{"allow":["GET"]}}],"collection":[{"href":"https:\/\/boreait.com\/fr\/wp-json\/wp\/v2\/product"}],"about":[{"href":"https:\/\/boreait.com\/fr\/wp-json\/wp\/v2\/types\/product"}],"wp:featuredmedia":[{"embeddable":true,"href":"https:\/\/boreait.com\/fr\/wp-json\/wp\/v2\/media\/17833"}],"wp:attachment":[{"href":"https:\/\/boreait.com\/fr\/wp-json\/wp\/v2\/media?parent=17772"}],"wp:term":[{"taxonomy":"product_brand","embeddable":true,"href":"https:\/\/boreait.com\/fr\/wp-json\/wp\/v2\/product_brand?post=17772"},{"taxonomy":"product_cat","embeddable":true,"href":"https:\/\/boreait.com\/fr\/wp-json\/wp\/v2\/product_cat?post=17772"},{"taxonomy":"product_tag","embeddable":true,"href":"https:\/\/boreait.com\/fr\/wp-json\/wp\/v2\/product_tag?post=17772"}],"curies":[{"name":"wp","href":"https:\/\/api.w.org\/{rel}","templated":true}]}}