{"id":17771,"date":"2025-09-16T17:11:39","date_gmt":"2025-09-16T15:11:39","guid":{"rendered":"https:\/\/boreait.com\/fr\/?post_type=product&#038;p=17771"},"modified":"2025-09-16T17:13:58","modified_gmt":"2025-09-16T15:13:58","slug":"kit-de-haut-parleurs-dorigine-pour-ordinateur-portable-lenovo-ideapad-3-17iil05-pk23000sty0-eh14","status":"publish","type":"product","link":"https:\/\/boreait.com\/fr\/produit\/kit-de-haut-parleurs-dorigine-pour-ordinateur-portable-lenovo-ideapad-3-17iil05-pk23000sty0-eh14\/","title":{"rendered":"Kit de haut-parleurs d&rsquo;origine pour ordinateur portable Lenovo IdeaPad 3 17IIL05 (PK23000STY0, EH14)"},"content":{"rendered":"<p data-start=\"587\" data-end=\"782\">Am\u00e9liorez ou r\u00e9parez votre Lenovo IdeaPad 3 17IIL05 (EH14) avec ce <strong data-start=\"661\" data-end=\"697\">kit de haut-parleurs Lenovo (PK23000STY0)<\/strong> d&rsquo;origine\u00a0: une pi\u00e8ce d&rsquo;origine sp\u00e9cialement con\u00e7ue pour un son clair et constant.<\/p>\n<p data-start=\"784\" data-end=\"1045\">Que vos haut-parleurs actuels soient endommag\u00e9s, produisent un son d\u00e9form\u00e9 ou soient totalement hors service, ce kit de remplacement est la solution id\u00e9ale. Id\u00e9al pour les techniciens, les ateliers de r\u00e9paration ou les particuliers recherchant des pi\u00e8ces d\u00e9tach\u00e9es fiables et sans compromis.<\/p>\n<p data-start=\"1047\" data-end=\"1373\">\u2714\ufe0f <strong data-start=\"1050\" data-end=\"1073\">Mod\u00e8le compatible<\/strong>\u00a0: Lenovo IdeaPad 3 17IIL05 (EH14)<br data-start=\"1106\" data-end=\"1109\" \/>\u2714\ufe0f <strong data-start=\"1112\" data-end=\"1127\">R\u00e9f\u00e9rence<\/strong>\u00a0: PK23000STY0<br data-start=\"1140\" data-end=\"1143\" \/>\u2714\ufe0f <strong data-start=\"1146\" data-end=\"1159\">\u00c9tat<\/strong>\u00a0: Occasion Test\u00e9 et enti\u00e8rement fonctionnel<br data-start=\"1192\" data-end=\"1195\" \/>\u2714\ufe0f <strong data-start=\"1198\" data-end=\"1208\">Photos<\/strong>\u00a0: Ce que vous voyez est exactement ce que vous recevrez\u00a0\u2013 images r\u00e9elles du produit.<br data-start=\"1275\" data-end=\"1278\" \/>\u2714\ufe0f <strong data-start=\"1281\" data-end=\"1297\">Installation<\/strong>\u00a0: Aucune instruction fournie, mais n&rsquo;h\u00e9sitez pas \u00e0 nous contacter si vous avez besoin d&rsquo;aide.<\/p>\n<p data-start=\"1375\" data-end=\"1580\">Nous livrons en Europe et dans le monde entier, vous permettant ainsi d&rsquo;obtenir les pi\u00e8ces d\u00e9tach\u00e9es pour ordinateur portable dont vous avez besoin, rapidement et \u00e0 moindre co\u00fbt. Il s&rsquo;agit d&rsquo;une <strong data-start=\"1486\" data-end=\"1510\">pi\u00e8ce d&rsquo;origine Lenovo<\/strong>, et non d&rsquo;une copie tierce, ce qui garantit une compatibilit\u00e9 et des performances optimales.<\/p>\n","protected":false},"excerpt":{"rendered":"<p>Kit de haut-parleurs Lenovo d&rsquo;origine PK23000STY0 pour IdeaPad 3 17IIL05 (EH14). Pi\u00e8ce de rechange id\u00e9ale pour un son clair. Photos du produit.<\/p>\n","protected":false},"featured_media":17832,"template":"","meta":[],"product_brand":[],"product_cat":[54],"product_tag":[62],"class_list":{"0":"post-17771","1":"product","2":"type-product","3":"status-publish","4":"has-post-thumbnail","6":"product_cat-laptop-speakers","7":"product_tag-lenovo","9":"first","10":"instock","11":"taxable","12":"shipping-taxable","13":"purchasable","14":"product-type-simple"},"_links":{"self":[{"href":"https:\/\/boreait.com\/fr\/wp-json\/wp\/v2\/product\/17771","targetHints":{"allow":["GET"]}}],"collection":[{"href":"https:\/\/boreait.com\/fr\/wp-json\/wp\/v2\/product"}],"about":[{"href":"https:\/\/boreait.com\/fr\/wp-json\/wp\/v2\/types\/product"}],"wp:featuredmedia":[{"embeddable":true,"href":"https:\/\/boreait.com\/fr\/wp-json\/wp\/v2\/media\/17832"}],"wp:attachment":[{"href":"https:\/\/boreait.com\/fr\/wp-json\/wp\/v2\/media?parent=17771"}],"wp:term":[{"taxonomy":"product_brand","embeddable":true,"href":"https:\/\/boreait.com\/fr\/wp-json\/wp\/v2\/product_brand?post=17771"},{"taxonomy":"product_cat","embeddable":true,"href":"https:\/\/boreait.com\/fr\/wp-json\/wp\/v2\/product_cat?post=17771"},{"taxonomy":"product_tag","embeddable":true,"href":"https:\/\/boreait.com\/fr\/wp-json\/wp\/v2\/product_tag?post=17771"}],"curies":[{"name":"wp","href":"https:\/\/api.w.org\/{rel}","templated":true}]}}