{"id":17770,"date":"2025-09-16T17:11:39","date_gmt":"2025-09-16T15:11:39","guid":{"rendered":"https:\/\/boreait.com\/fr\/?post_type=product&#038;p=17770"},"modified":"2026-02-09T11:10:43","modified_gmt":"2026-02-09T10:10:43","slug":"carte-wi-fi-bluetooth-5-0-ngff-rtl8822ce-867-mbps-fru-02hk703-pour-lenovo-e460","status":"publish","type":"product","link":"https:\/\/boreait.com\/fr\/produit\/carte-wi-fi-bluetooth-5-0-ngff-rtl8822ce-867-mbps-fru-02hk703-pour-lenovo-e460\/","title":{"rendered":"Carte Wi-Fi Bluetooth 5.0 NGFF RTL8822CE 867 Mbps FRU 02HK703 pour Lenovo E460"},"content":{"rendered":"<p data-start=\"611\" data-end=\"849\">Vous cherchez \u00e0 remplacer ou \u00e0 mettre \u00e0 niveau la connectivit\u00e9 sans fil de votre ordinateur portable\u00a0? Cette <strong data-start=\"683\" data-end=\"747\">carte combin\u00e9e Realtek RTL8822CE 802.11AC Wi-Fi et Bluetooth 5.0<\/strong> est une pi\u00e8ce d&rsquo;ordinateur portable authentique et hautes performances, con\u00e7ue pour les mod\u00e8les Lenovo ThinkPad <strong data-start=\"831\" data-end=\"848\">E460 et E465<\/strong>.<\/p>\n<p data-start=\"851\" data-end=\"1170\">Prend en charge le <strong data-start=\"868\" data-end=\"902\">Wi-Fi double bande (2,4 GHz + 5 GHz)<\/strong> et le <strong data-start=\"907\" data-end=\"924\">Bluetooth 5.0<\/strong>, et offre des d\u00e9bits allant jusqu&rsquo;\u00e0 <strong data-start=\"958\" data-end=\"969\">867 Mbit\/s<\/strong>. Offrant une connexion Internet rapide et stable et une connectivit\u00e9 sans fil pour les p\u00e9riph\u00e9riques, il est construit sur l&rsquo;interface <strong data-start=\"1058\" data-end=\"1082\">NGFF (M.2)<\/strong> et est \u00e9quip\u00e9 de la r\u00e9f\u00e9rence FRU Lenovo <strong data-start=\"1102\" data-end=\"1129\">02HK703<\/strong>, garantissant compatibilit\u00e9 et fiabilit\u00e9.<\/p>\n<p data-start=\"1172\" data-end=\"1295\">Que vous remplaciez une carte r\u00e9seau d\u00e9fectueuse ou que vous souhaitiez la mettre \u00e0 niveau pour de meilleures performances, cette pi\u00e8ce est une solution pr\u00eate \u00e0 l&#8217;emploi.<\/p>\n<p data-start=\"1297\" data-end=\"1402\">\ud83d\udd27 <strong data-start=\"1300\" data-end=\"1308\">Remarque<\/strong>\u00a0: Les instructions d&rsquo;installation ne sont pas incluses. Si vous avez besoin d&rsquo;aide, n&rsquo;h\u00e9sitez pas \u00e0 nous contacter.<\/p>\n<p data-start=\"1404\" data-end=\"1518\">\ud83d\udcf8 <strong data-start=\"1407\" data-end=\"1473\">Les photos pr\u00e9sent\u00e9es sont des images r\u00e9elles de la pi\u00e8ce que vous recevrez.<\/strong> Pas de surprise\u00a0: vous recevrez ce que vous voyez.<\/p>\n<h3 data-start=\"1525\" data-end=\"1550\">\ud83d\udd11 Mots-cl\u00e9s inclus\u00a0:<\/h3>\n<ul data-start=\"1551\" data-end=\"1695\">\n<li data-start=\"1551\" data-end=\"1567\">\n<p data-start=\"1553\" data-end=\"1567\">Pi\u00e8ces pour ordinateur portable<\/p>\n<\/li>\n<li data-start=\"1568\" data-end=\"1592\">\n<p data-start=\"1570\" data-end=\"1592\">Carte Wi-Fi pour Lenovo<\/p>\n<\/li>\n<li data-start=\"1593\" data-end=\"1606\">\n<p data-start=\"1595\" data-end=\"1606\">RTL8822CE<\/p>\n<\/li>\n<li data-start=\"1607\" data-end=\"1638\">\n<p data-start=\"1609\" data-end=\"1638\">Carte Wi-Fi Bluetooth 867 Mbit\/s<\/p>\n<\/li>\n<li data-start=\"1639\" data-end=\"1672\">\n<p data-start=\"1641\" data-end=\"1672\">Carte r\u00e9seau Lenovo E460 E465<\/p>\n<\/li>\n<li data-start=\"1673\" data-end=\"1695\">\n<p data-start=\"1675\" data-end=\"1695\">Carte sans fil NGFF<\/p>\n<\/li>\n<\/ul>\n","protected":false},"excerpt":{"rendered":"<p>Carte Wi-Fi bi-bande + Bluetooth 5.0 NGFF (FRU 02HK703) pour ordinateurs portables Lenovo E460\/E465. Prend en charge un d\u00e9bit sans fil allant jusqu&rsquo;\u00e0 867 Mbit\/s. Pi\u00e8ce d&rsquo;ordinateur portable 100 % d&rsquo;origine\u00a0\u2013 photos authentiques incluses.<\/p>\n","protected":false},"featured_media":17831,"template":"","meta":[],"product_brand":[],"product_cat":[63],"product_tag":[62],"class_list":{"0":"post-17770","1":"product","2":"type-product","3":"status-publish","4":"has-post-thumbnail","6":"product_cat-motherboards-board-parts","7":"product_tag-lenovo","9":"first","10":"instock","11":"taxable","12":"shipping-taxable","13":"purchasable","14":"product-type-simple"},"_links":{"self":[{"href":"https:\/\/boreait.com\/fr\/wp-json\/wp\/v2\/product\/17770","targetHints":{"allow":["GET"]}}],"collection":[{"href":"https:\/\/boreait.com\/fr\/wp-json\/wp\/v2\/product"}],"about":[{"href":"https:\/\/boreait.com\/fr\/wp-json\/wp\/v2\/types\/product"}],"wp:featuredmedia":[{"embeddable":true,"href":"https:\/\/boreait.com\/fr\/wp-json\/wp\/v2\/media\/17831"}],"wp:attachment":[{"href":"https:\/\/boreait.com\/fr\/wp-json\/wp\/v2\/media?parent=17770"}],"wp:term":[{"taxonomy":"product_brand","embeddable":true,"href":"https:\/\/boreait.com\/fr\/wp-json\/wp\/v2\/product_brand?post=17770"},{"taxonomy":"product_cat","embeddable":true,"href":"https:\/\/boreait.com\/fr\/wp-json\/wp\/v2\/product_cat?post=17770"},{"taxonomy":"product_tag","embeddable":true,"href":"https:\/\/boreait.com\/fr\/wp-json\/wp\/v2\/product_tag?post=17770"}],"curies":[{"name":"wp","href":"https:\/\/api.w.org\/{rel}","templated":true}]}}