{"id":17767,"date":"2025-09-16T17:11:38","date_gmt":"2025-09-16T15:11:38","guid":{"rendered":"https:\/\/boreait.com\/fr\/?post_type=product&#038;p=17767"},"modified":"2025-09-16T17:13:39","modified_gmt":"2025-09-16T15:13:39","slug":"carte-dalimentation-usb-ns-c863-pour-lenovo-ideapad-3-17ada05-5c50s25053","status":"publish","type":"product","link":"https:\/\/boreait.com\/fr\/produit\/carte-dalimentation-usb-ns-c863-pour-lenovo-ideapad-3-17ada05-5c50s25053\/","title":{"rendered":"Carte d&rsquo;alimentation USB NS-C863 pour Lenovo IdeaPad 3-17ADA05 (5C50S25053)"},"content":{"rendered":"<p data-start=\"596\" data-end=\"913\">Il s&rsquo;agit d&rsquo;une <strong data-start=\"606\" data-end=\"638\">carte d&rsquo;alimentation USB d&rsquo;occasion d&rsquo;origine<\/strong> pour le <strong data-start=\"647\" data-end=\"689\">Lenovo IdeaPad 3-17ADA05 (mod\u00e8le\u00a0: 81W2)<\/strong>, num\u00e9ro de pi\u00e8ce <strong data-start=\"703\" data-end=\"717\">5C50S25053<\/strong>, ID de carte <strong data-start=\"728\" data-end=\"739\">NS-C863<\/strong>. Id\u00e9al pour restaurer les fonctionnalit\u00e9s des ports USB et d&rsquo;alimentation, ce <strong data-start=\"800\" data-end=\"815\">composant pour ordinateur portable<\/strong> a \u00e9t\u00e9 soigneusement d\u00e9mont\u00e9, enti\u00e8rement test\u00e9 et son <strong data-start=\"881\" data-end=\"912\">excellent \u00e9tat de fonctionnement<\/strong> a \u00e9t\u00e9 confirm\u00e9.<\/p>\n<p data-start=\"915\" data-end=\"1121\">Si vos ports USB sont d\u00e9faillants ou si votre appareil ne se charge pas correctement, cette carte constitue une solution de remplacement fiable et \u00e9conomique. Pi\u00e8ce d&rsquo;origine Lenovo\u00a0: aucun probl\u00e8me de compatibilit\u00e9 ni modification requise.<\/p>\n<p data-start=\"1123\" data-end=\"1147\">\u2705 <strong data-start=\"1125\" data-end=\"1145\">D\u00e9tails du produit\u00a0:<\/strong><\/p>\n<ul data-start=\"1148\" data-end=\"1369\">\n<li data-start=\"1148\" data-end=\"1197\">\n<p data-start=\"1150\" data-end=\"1197\"><strong data-start=\"1150\" data-end=\"1164\">\u00c9tat\u00a0:<\/strong> Utilis\u00e9, test\u00e9, enti\u00e8rement fonctionnel.<\/p>\n<\/li>\n<li data-start=\"1198\" data-end=\"1229\">\n<p data-start=\"1200\" data-end=\"1229\"><strong data-start=\"1200\" data-end=\"1216\">R\u00e9f\u00e9rence\u00a0: 5C50S25053<\/p>\n<\/li>\n<li data-start=\"1230\" data-end=\"1255\">\n<p data-start=\"1232\" data-end=\"1255\"><strong data-start=\"1232\" data-end=\"1245\">ID de la carte\u00a0: NS-C863<\/p>\n<\/li>\n<li data-start=\"1256\" data-end=\"1310\">\n<p data-start=\"1258\" data-end=\"1310\"><strong data-start=\"1258\" data-end=\"1276\">Compatibilit\u00e9\u00a0: Lenovo IdeaPad 3-17ADA05 (81W2)<\/p>\n<\/li>\n<li data-start=\"1311\" data-end=\"1369\">\n<p data-start=\"1313\" data-end=\"1369\"><strong data-start=\"1313\" data-end=\"1326\">Cat\u00e9gorie\u00a0:<\/strong> Pi\u00e8ces pour ordinateur portable \/ Carte d&rsquo;entr\u00e9e USB et alimentation<\/p>\n<\/li>\n<\/ul>\n<p data-start=\"1371\" data-end=\"1534\">\ud83d\udce9 Nous ne fournissons pas d&rsquo;instructions d&rsquo;installation. Si vous n&rsquo;\u00eates pas s\u00fbr que cette pi\u00e8ce soit compatible avec votre ordinateur portable ou si vous avez besoin d&rsquo;aide avant ou apr\u00e8s l&rsquo;achat, n&rsquo;h\u00e9sitez pas \u00e0 nous contacter.<\/p>\n<p data-start=\"1536\" data-end=\"1629\">\ud83d\udcf7 <strong data-start=\"1539\" data-end=\"1586\">Des photos de la pi\u00e8ce sont incluses<\/strong>\u00a0; vous recevrez exactement ce que vous voyez.<\/p>\n","protected":false},"excerpt":{"rendered":"<p>Carte d&rsquo;alimentation USB d&rsquo;origine d&rsquo;occasion pour Lenovo IdeaPad 3-17ADA05. Enti\u00e8rement test\u00e9e et fonctionnelle. R\u00e9f\u00e9rence\u00a0: 5C50S25053 (NS-C863).<\/p>\n","protected":false},"featured_media":17824,"template":"","meta":[],"product_brand":[],"product_cat":[63],"product_tag":[62],"class_list":{"0":"post-17767","1":"product","2":"type-product","3":"status-publish","4":"has-post-thumbnail","6":"product_cat-motherboards-board-parts","7":"product_tag-lenovo","9":"first","10":"instock","11":"taxable","12":"shipping-taxable","13":"purchasable","14":"product-type-simple"},"_links":{"self":[{"href":"https:\/\/boreait.com\/fr\/wp-json\/wp\/v2\/product\/17767","targetHints":{"allow":["GET"]}}],"collection":[{"href":"https:\/\/boreait.com\/fr\/wp-json\/wp\/v2\/product"}],"about":[{"href":"https:\/\/boreait.com\/fr\/wp-json\/wp\/v2\/types\/product"}],"wp:featuredmedia":[{"embeddable":true,"href":"https:\/\/boreait.com\/fr\/wp-json\/wp\/v2\/media\/17824"}],"wp:attachment":[{"href":"https:\/\/boreait.com\/fr\/wp-json\/wp\/v2\/media?parent=17767"}],"wp:term":[{"taxonomy":"product_brand","embeddable":true,"href":"https:\/\/boreait.com\/fr\/wp-json\/wp\/v2\/product_brand?post=17767"},{"taxonomy":"product_cat","embeddable":true,"href":"https:\/\/boreait.com\/fr\/wp-json\/wp\/v2\/product_cat?post=17767"},{"taxonomy":"product_tag","embeddable":true,"href":"https:\/\/boreait.com\/fr\/wp-json\/wp\/v2\/product_tag?post=17767"}],"curies":[{"name":"wp","href":"https:\/\/api.w.org\/{rel}","templated":true}]}}