{"id":17757,"date":"2025-09-16T17:11:14","date_gmt":"2025-09-16T15:11:14","guid":{"rendered":"https:\/\/boreait.com\/fr\/?post_type=product&#038;p=17757"},"modified":"2025-09-16T17:13:20","modified_gmt":"2025-09-16T15:13:20","slug":"cadre-lcd-lenovo-ap1jx000200-dorigine-pour-ideapad-3-17iil05-pieces-detachees-pour-ordinateur-portable","status":"publish","type":"product","link":"https:\/\/boreait.com\/fr\/produit\/cadre-lcd-lenovo-ap1jx000200-dorigine-pour-ideapad-3-17iil05-pieces-detachees-pour-ordinateur-portable\/","title":{"rendered":"Cadre LCD Lenovo AP1JX000200 d&rsquo;origine pour IdeaPad 3 17IIL05 | Pi\u00e8ces d\u00e9tach\u00e9es pour ordinateur portable"},"content":{"rendered":"<p data-start=\"701\" data-end=\"1013\">Restaurez votre ordinateur portable Lenovo avec ce <strong data-start=\"738\" data-end=\"776\">cadre d&rsquo;\u00e9cran LCD d&rsquo;origine authentique<\/strong>, num\u00e9ro de pi\u00e8ce <strong data-start=\"790\" data-end=\"805\">AP1JX000200<\/strong>, con\u00e7u sp\u00e9cifiquement pour le mod\u00e8le <strong data-start=\"837\" data-end=\"865\">Lenovo IdeaPad 3 17IIL05<\/strong>. Que vous remplaciez un cadre fissur\u00e9 ou endommag\u00e9 ou que vous r\u00e9pariez l&rsquo;int\u00e9gralit\u00e9 de votre \u00e9cran, cette pi\u00e8ce de haute qualit\u00e9 garantit un ajustement et une finition parfaits.<\/p>\n<h3 data-start=\"1015\" data-end=\"1038\">\ud83d\udd27 D\u00e9tails du produit\u00a0:<\/h3>\n<ul data-start=\"1039\" data-end=\"1408\">\n<li data-start=\"1039\" data-end=\"1060\">\n<p data-start=\"1041\" data-end=\"1060\"><strong data-start=\"1041\" data-end=\"1051\">Marque\u00a0:<\/strong> Lenovo<\/p>\n<\/li>\n<li data-start=\"1061\" data-end=\"1093\">\n<p data-start=\"1063\" data-end=\"1093\"><strong data-start=\"1063\" data-end=\"1079\">R\u00e9f\u00e9rence\u00a0: AP1JX000200<\/p>\n<\/li>\n<li data-start=\"1094\" data-end=\"1148\">\n<p data-start=\"1096\" data-end=\"1148\"><strong data-start=\"1096\" data-end=\"1120\">Mod\u00e8le compatible\u00a0: IdeaPad 3 17IIL05 (17,3\u00a0po)<\/p>\n<\/li>\n<li data-start=\"1149\" data-end=\"1218\">\n<p data-start=\"1151\" data-end=\"1218\"><strong data-start=\"1151\" data-end=\"1165\">\u00c9tat\u00a0: Original et d&rsquo;occasion (enti\u00e8rement inspect\u00e9 et fonctionnel)<\/p>\n<\/li>\n<li data-start=\"1219\" data-end=\"1255\">\n<p data-start=\"1221\" data-end=\"1255\"><strong data-start=\"1221\" data-end=\"1230\">Type\u00a0: \u00c9cran LCD avec cadre avant<\/p>\n<\/li>\n<li data-start=\"1256\" data-end=\"1302\">\n<p data-start=\"1258\" data-end=\"1302\"><strong data-start=\"1258\" data-end=\"1271\">Mat\u00e9riau\u00a0: Plastique durable<\/p>\n<\/li>\n<li data-start=\"1303\" data-end=\"1329\">\n<p data-start=\"1305\" data-end=\"1329\"><strong data-start=\"1305\" data-end=\"1315\">Couleur\u00a0: Noir mat<\/p>\n<\/li>\n<li data-start=\"1330\" data-end=\"1408\">\n<p data-start=\"1332\" data-end=\"1408\"><strong data-start=\"1332\" data-end=\"1343\">Photos\u00a0:<\/strong> Photos r\u00e9elles de la pi\u00e8ce que vous recevrez\u00a0; aucune image d&rsquo;archive.<\/p>\n<\/li>\n<\/ul>\n<p data-start=\"1410\" data-end=\"1584\">Il s&rsquo;agit d&rsquo;une <strong data-start=\"1420\" data-end=\"1450\">pi\u00e8ce d&rsquo;ordinateur portable Lenovo d&rsquo;origine<\/strong>, et non d&rsquo;une r\u00e9plique. Id\u00e9al pour les ateliers de r\u00e9paration, les techniciens ou les bricoleurs \u00e0 la recherche de pi\u00e8ces d&rsquo;ordinateur portable fiables pour leur Lenovo IdeaPad.<\/p>\n<p data-start=\"1586\" data-end=\"1743\">Les instructions d&rsquo;installation ne sont pas incluses, mais n&rsquo;h\u00e9sitez pas \u00e0 nous contacter si vous avez besoin d&rsquo;aide pour d\u00e9terminer la compatibilit\u00e9 ou si vous avez besoin de conseils. Nous serons ravis de vous aider. \u00c0 l&rsquo;aide\u00a0!<\/p>\n<p data-start=\"1586\" data-end=\"1743\">\ud83d\udcbc <strong data-start=\"1753\" data-end=\"1777\">Pourquoi acheter chez Siggmo\u00a0?<\/strong><\/p>\n<ul data-start=\"1778\" data-end=\"2020\">\n<li data-start=\"1778\" data-end=\"1848\">\n<p data-start=\"1780\" data-end=\"1848\">Photos r\u00e9elles de pi\u00e8ces d&rsquo;ordinateur portable\u00a0: ce que vous voyez est ce que vous recevez.<\/p>\n<\/li>\n<li data-start=\"1849\" data-end=\"1890\">\n<p data-start=\"1851\" data-end=\"1890\">Livraison rapide et fiable dans le monde entier.<\/p>\n<\/li>\n<li data-start=\"1891\" data-end=\"1960\">\n<p data-start=\"1893\" data-end=\"1960\">Bas\u00e9 en Europe, nous sommes experts dans l&rsquo;approvisionnement en pi\u00e8ces d\u00e9tach\u00e9es d&rsquo;origine pour ordinateurs portables.<\/p>\n<\/li>\n<li data-start=\"1961\" data-end=\"2020\">\n<p data-start=\"1963\" data-end=\"2020\">Excellent service client\u00a0: nous sommes l\u00e0 pour vous aider\u00a0!<\/p>\n<\/li>\n<\/ul>\n<p data-start=\"2027\" data-end=\"2074\">\ud83d\udce6 Exp\u00e9di\u00e9 depuis l&rsquo;Europe. Nous livrons <strong data-start=\"2060\" data-end=\"2073\">dans le monde entier<\/strong>.<\/p>\n<p data-start=\"2076\" data-end=\"2239\">Si vous r\u00e9parez ou reconditionnez votre Lenovo IdeaPad 3 17IIL05, ce <strong data-start=\"2148\" data-end=\"2171\">cadre LCD authentique<\/strong> est la pi\u00e8ce qu&rsquo;il vous faut. Commandez-le d\u00e8s maintenant et redonnez vie \u00e0 votre ordinateur portable\u00a0!<\/p>\n","protected":false},"excerpt":{"rendered":"<p>Cadre d&rsquo;\u00e9cran LCD Lenovo d&rsquo;origine (r\u00e9f\u00e9rence AP1JX000200) pour IdeaPad 3 17IIL05. Pi\u00e8ce de rechange d&rsquo;origine, id\u00e9ale pour la r\u00e9paration ou le remplacement d&rsquo;\u00e9cran. Photos authentiques incluses.<\/p>\n","protected":false},"featured_media":17814,"template":"","meta":[],"product_brand":[],"product_cat":[52],"product_tag":[62],"class_list":{"0":"post-17757","1":"product","2":"type-product","3":"status-publish","4":"has-post-thumbnail","6":"product_cat-laptop-housing","7":"product_tag-lenovo","9":"first","10":"instock","11":"taxable","12":"shipping-taxable","13":"purchasable","14":"product-type-simple"},"_links":{"self":[{"href":"https:\/\/boreait.com\/fr\/wp-json\/wp\/v2\/product\/17757","targetHints":{"allow":["GET"]}}],"collection":[{"href":"https:\/\/boreait.com\/fr\/wp-json\/wp\/v2\/product"}],"about":[{"href":"https:\/\/boreait.com\/fr\/wp-json\/wp\/v2\/types\/product"}],"wp:featuredmedia":[{"embeddable":true,"href":"https:\/\/boreait.com\/fr\/wp-json\/wp\/v2\/media\/17814"}],"wp:attachment":[{"href":"https:\/\/boreait.com\/fr\/wp-json\/wp\/v2\/media?parent=17757"}],"wp:term":[{"taxonomy":"product_brand","embeddable":true,"href":"https:\/\/boreait.com\/fr\/wp-json\/wp\/v2\/product_brand?post=17757"},{"taxonomy":"product_cat","embeddable":true,"href":"https:\/\/boreait.com\/fr\/wp-json\/wp\/v2\/product_cat?post=17757"},{"taxonomy":"product_tag","embeddable":true,"href":"https:\/\/boreait.com\/fr\/wp-json\/wp\/v2\/product_tag?post=17757"}],"curies":[{"name":"wp","href":"https:\/\/api.w.org\/{rel}","templated":true}]}}