{"id":17749,"date":"2025-09-16T17:10:49","date_gmt":"2025-09-16T15:10:49","guid":{"rendered":"https:\/\/boreait.com\/fr\/?post_type=product&#038;p=17749"},"modified":"2025-09-16T17:12:56","modified_gmt":"2025-09-16T15:12:56","slug":"carte-wi-fi-8265ngw-sps-851594-001-867-mbit-s-double-bande-802-11ac-pieces-detachees-pour-ordinateur-portable","status":"publish","type":"product","link":"https:\/\/boreait.com\/fr\/produit\/carte-wi-fi-8265ngw-sps-851594-001-867-mbit-s-double-bande-802-11ac-pieces-detachees-pour-ordinateur-portable\/","title":{"rendered":"Carte Wi-Fi 8265NGW SPS 851594-001 867 Mbit\/s double bande 802.11ac | Pi\u00e8ces d\u00e9tach\u00e9es pour ordinateur portable"},"content":{"rendered":"<p data-start=\"622\" data-end=\"964\">Am\u00e9liorez les performances sans fil de votre ordinateur portable avec cette <strong data-start=\"675\" data-end=\"725\">carte Wi-Fi Intel Dual Band Wireless-AC 8265NGW<\/strong>, num\u00e9ro de pi\u00e8ce <strong data-start=\"739\" data-end=\"757\">SPS 851594-001<\/strong>. Con\u00e7u pour des <strong data-start=\"772\" data-end=\"812\">connexions Internet rapides et stables<\/strong>, il prend en charge le Wi-Fi double bande <strong data-start=\"826\" data-end=\"838\">802.11ac<\/strong> avec des d\u00e9bits allant jusqu&rsquo;\u00e0 <strong data-start=\"873\" data-end=\"885\">867 Mbit\/s<\/strong>, ainsi que le <strong data-start=\"898\" data-end=\"915\">Bluetooth 4.2<\/strong> pour une connectivit\u00e9 fluide avec les appareils sans fil.<\/p>\n<p data-start=\"966\" data-end=\"1221\">Cette pi\u00e8ce d&rsquo;origine pour ordinateur portable est id\u00e9ale pour les utilisateurs recherchant une pi\u00e8ce de rechange fiable ou une mise \u00e0 niveau des performances pour les ordinateurs portables compatibles. Que vous r\u00e9pariez une carte Wi-Fi d\u00e9fectueuse ou que vous mettiez \u00e0 niveau un ancien mod\u00e8le, cette carte offre une compatibilit\u00e9 et des performances exceptionnelles.<\/p>\n<p data-start=\"1223\" data-end=\"1243\">\ud83d\udca1 <strong data-start=\"1226\" data-end=\"1243\">Caract\u00e9ristiques principales\u00a0:<\/strong><\/p>\n<ul data-start=\"1244\" data-end=\"1604\">\n<li data-start=\"1244\" data-end=\"1270\">\n<p data-start=\"1246\" data-end=\"1270\">Mod\u00e8le\u00a0: <strong data-start=\"1253\" data-end=\"1270\">Intel 8265NGW<\/strong><\/p>\n<\/li>\n<li data-start=\"1271\" data-end=\"1312\">\n<p data-start=\"1273\" data-end=\"1312\">R\u00e9f\u00e9rence de pi\u00e8ce de rechange (SPS)\u00a0: <strong data-start=\"1298\" data-end=\"1312\">851594-001<\/strong><\/p>\n<\/li>\n<li data-start=\"1313\" data-end=\"1369\">\n<p data-start=\"1315\" data-end=\"1369\">Norme Wi-Fi\u00a0: <strong data-start=\"1331\" data-end=\"1369\">802.11ac double bande (2,4\u00a0GHz \/ 5\u00a0GHz)<\/strong><\/p>\n<\/li>\n<li data-start=\"1370\" data-end=\"1397\">\n<p data-start=\"1372\" data-end=\"1397\">Vitesse\u00a0: <strong data-start=\"1379\" data-end=\"1397\">Jusqu&rsquo;\u00e0 867 Mbit\/s<\/strong><\/p>\n<\/li>\n<li data-start=\"1398\" data-end=\"1426\">\n<p data-start=\"1400\" data-end=\"1426\">Bluetooth\u00a0: <strong data-start=\"1411\" data-end=\"1426\">Version 4.2<\/strong><\/p>\n<\/li>\n<li data-start=\"1427\" data-end=\"1447\">\n<p data-start=\"1429\" data-end=\"1447\">Interface M.2 NGFF<\/p>\n<\/li>\n<li data-start=\"1448\" data-end=\"1499\">\n<p data-start=\"1450\" data-end=\"1499\">Convient \u00e0 de nombreux ordinateurs portables compatibles avec les cartes NGFF<\/p>\n<\/li>\n<li data-start=\"1500\" data-end=\"1548\">\n<p data-start=\"1502\" data-end=\"1548\">\u00c9tat\u00a0: Test\u00e9, extrait d&rsquo;appareils en \u00e9tat de marche<\/p>\n<\/li>\n<li data-start=\"1549\" data-end=\"1604\">\n<p data-start=\"1551\" data-end=\"1604\">\ud83d\udcf7 <strong data-start=\"1554\" data-end=\"1604\">Les photos repr\u00e9sentent l&rsquo;article r\u00e9el que vous recevrez<\/strong><\/p>\n<\/li>\n<\/ul>\n<p data-start=\"1606\" data-end=\"1775\">Ce produit fait partie de notre gamme de <strong data-start=\"1653\" data-end=\"1669\">pi\u00e8ces d\u00e9tach\u00e9es pour ordinateurs portables<\/strong> soigneusement s\u00e9lectionn\u00e9e chez <strong data-start=\"1679\" data-end=\"1693\">siggmo<\/strong>, une marque de confiance dans <strong data-start=\"1710\" data-end=\"1734\">Europe et monde entier<\/strong> pour des composants authentiques et de haute qualit\u00e9.<\/p>\n<p data-start=\"1777\" data-end=\"1870\">\ud83d\udce9 <strong data-start=\"1780\" data-end=\"1820\">Besoin d&rsquo;aide pour d\u00e9terminer la compatibilit\u00e9\u00a0?<\/strong><br data-start=\"1820\" data-end=\"1823\" \/>Nous sommes l\u00e0 pour vous aider\u00a0! Envoyez-nous un message\u00a0!<\/p>\n<p data-start=\"1872\" data-end=\"1984\">\ud83d\udee0\ufe0f Remarque\u00a0: les instructions d&rsquo;installation ne sont pas fournies, mais nous sommes l\u00e0 pour vous aider si vous avez besoin de conseils.<\/p>\n","protected":false},"excerpt":{"rendered":"<p>Carte Wi-Fi haut d\u00e9bit 8265NGW (SPS 851594-001) avec prise en charge bi-bande 802.11ac et Bluetooth 4.2. Test\u00e9e, photos r\u00e9elles\u00a0; compatible avec de nombreux ordinateurs portables.<\/p>\n","protected":false},"featured_media":17804,"template":"","meta":[],"product_brand":[],"product_cat":[63],"product_tag":[61],"class_list":{"0":"post-17749","1":"product","2":"type-product","3":"status-publish","4":"has-post-thumbnail","6":"product_cat-motherboards-board-parts","7":"product_tag-hp","9":"first","10":"instock","11":"taxable","12":"shipping-taxable","13":"purchasable","14":"product-type-simple"},"_links":{"self":[{"href":"https:\/\/boreait.com\/fr\/wp-json\/wp\/v2\/product\/17749","targetHints":{"allow":["GET"]}}],"collection":[{"href":"https:\/\/boreait.com\/fr\/wp-json\/wp\/v2\/product"}],"about":[{"href":"https:\/\/boreait.com\/fr\/wp-json\/wp\/v2\/types\/product"}],"wp:featuredmedia":[{"embeddable":true,"href":"https:\/\/boreait.com\/fr\/wp-json\/wp\/v2\/media\/17804"}],"wp:attachment":[{"href":"https:\/\/boreait.com\/fr\/wp-json\/wp\/v2\/media?parent=17749"}],"wp:term":[{"taxonomy":"product_brand","embeddable":true,"href":"https:\/\/boreait.com\/fr\/wp-json\/wp\/v2\/product_brand?post=17749"},{"taxonomy":"product_cat","embeddable":true,"href":"https:\/\/boreait.com\/fr\/wp-json\/wp\/v2\/product_cat?post=17749"},{"taxonomy":"product_tag","embeddable":true,"href":"https:\/\/boreait.com\/fr\/wp-json\/wp\/v2\/product_tag?post=17749"}],"curies":[{"name":"wp","href":"https:\/\/api.w.org\/{rel}","templated":true}]}}