{"id":17747,"date":"2025-09-16T17:10:48","date_gmt":"2025-09-16T15:10:48","guid":{"rendered":"https:\/\/boreait.com\/fr\/?post_type=product&#038;p=17747"},"modified":"2025-09-16T17:12:49","modified_gmt":"2025-09-16T15:12:49","slug":"haut-parleur-interne-23-mm-29mkk-pour-dell-optiplex-390-790-990-piece-dorigine-pour-ordinateur-portable","status":"publish","type":"product","link":"https:\/\/boreait.com\/fr\/produit\/haut-parleur-interne-23-mm-29mkk-pour-dell-optiplex-390-790-990-piece-dorigine-pour-ordinateur-portable\/","title":{"rendered":"Haut-parleur interne 23 mm 29MKK pour Dell Optiplex 390 790 990 \u2013 Pi\u00e8ce d&rsquo;origine pour ordinateur portable"},"content":{"rendered":"<p data-start=\"475\" data-end=\"838\">Vous recherchez un haut-parleur de remplacement fiable pour votre ordinateur de bureau Dell\u00a0? Ce <strong data-start=\"546\" data-end=\"599\">haut-parleur interne rond Dell 23\u00a0mm (r\u00e9f\u00e9rence\u00a029MKK)<\/strong> est une <strong data-start=\"605\" data-end=\"628\">pi\u00e8ce d&rsquo;origine pour ordinateur portable<\/strong> compatible avec les mod\u00e8les <strong data-start=\"645\" data-end=\"675\">Optiplex 390, 790 et 990<\/strong>. Que vous souhaitiez restaurer le son ou remplacer un composant d\u00e9fectueux, ce haut-parleur garantit un son clair et une int\u00e9gration parfaite \u00e0 votre syst\u00e8me.<\/p>\n<p data-start=\"840\" data-end=\"860\">\ud83d\udee0 <strong data-start=\"843\" data-end=\"859\">Caract\u00e9ristiques principales<\/strong>\u00a0:<\/p>\n<ul data-start=\"861\" data-end=\"1240\">\n<li data-start=\"861\" data-end=\"912\">\n<p data-start=\"863\" data-end=\"912\">\u2714\ufe0f Haut-parleur interne Dell d&rsquo;origine \u2013 Mod\u00e8le 29MKK<\/p>\n<\/li>\n<li data-start=\"913\" data-end=\"966\">\n<p data-start=\"915\" data-end=\"966\">\u2714\ufe0f Forme ronde de 23\u00a0mm \u2013 test\u00e9e et enti\u00e8rement fonctionnelle Fonctionnel<\/p>\n<\/li>\n<li data-start=\"967\" data-end=\"1030\">\n<p data-start=\"969\" data-end=\"1030\">\u2714\ufe0f Compatible avec les ordinateurs de bureau Dell Optiplex 390, 790 et 990<\/p>\n<\/li>\n<li data-start=\"1031\" data-end=\"1088\">\n<p data-start=\"1033\" data-end=\"1088\">\u2714\ufe0f Id\u00e9al pour restaurer le son au bureau ou \u00e0 la maison<\/p>\n<\/li>\n<li data-start=\"1089\" data-end=\"1154\">\n<p data-start=\"1091\" data-end=\"1154\">\u2714\ufe0f Images r\u00e9elles des produits\u00a0: ce que vous voyez est exactement ce que vous obtenez<\/p>\n<\/li>\n<li data-start=\"1155\" data-end=\"1203\">\n<p data-start=\"1157\" data-end=\"1203\">\u2714\ufe0f Livraison rapide en Europe et dans le monde entier<\/p>\n<\/li>\n<li data-start=\"1204\" data-end=\"1240\">\n<p data-start=\"1206\" data-end=\"1240\">\u2714\ufe0f Besoin d&rsquo;aide\u00a0? Envoyez-nous un message\u00a0!<\/p>\n<\/li>\n<\/ul>\n<p data-start=\"1242\" data-end=\"1473\">Cette pi\u00e8ce ne contient <strong data-start=\"1257\" data-end=\"1298\">pas d&rsquo;instructions d&rsquo;installation<\/strong>, mais si vous avez besoin d&rsquo;aide, n&rsquo;h\u00e9sitez pas \u00e0 nous contacter directement. Id\u00e9al pour les techniciens informatiques, les ateliers de r\u00e9paration d&rsquo;ordinateurs et les bricoleurs \u00e0 la recherche de <strong data-start=\"1439\" data-end=\"1470\">pi\u00e8ces d\u00e9tach\u00e9es d&rsquo;origine pour ordinateurs portables Dell<\/strong>.<\/p>\n<p data-start=\"1475\" data-end=\"1577\">\u2705 Garantie de notre contr\u00f4le qualit\u00e9 et d&rsquo;un emballage s\u00e9curis\u00e9 pour une r\u00e9paration ou un remplacement sans souci.<\/p>\n","protected":false},"excerpt":{"rendered":"<p>Haut-parleur interne rond Dell d&rsquo;origine de 23 mm (29MKK), compatible avec les Optiplex 390, 790 et 990. Photos des pi\u00e8ces d&rsquo;origine. Livraison rapide dans le monde entier depuis l&rsquo;Europe.<\/p>\n","protected":false},"featured_media":17802,"template":"","meta":[],"product_brand":[],"product_cat":[54],"product_tag":[53],"class_list":{"0":"post-17747","1":"product","2":"type-product","3":"status-publish","4":"has-post-thumbnail","6":"product_cat-laptop-speakers","7":"product_tag-dell","9":"first","10":"instock","11":"taxable","12":"shipping-taxable","13":"purchasable","14":"product-type-simple"},"_links":{"self":[{"href":"https:\/\/boreait.com\/fr\/wp-json\/wp\/v2\/product\/17747","targetHints":{"allow":["GET"]}}],"collection":[{"href":"https:\/\/boreait.com\/fr\/wp-json\/wp\/v2\/product"}],"about":[{"href":"https:\/\/boreait.com\/fr\/wp-json\/wp\/v2\/types\/product"}],"wp:featuredmedia":[{"embeddable":true,"href":"https:\/\/boreait.com\/fr\/wp-json\/wp\/v2\/media\/17802"}],"wp:attachment":[{"href":"https:\/\/boreait.com\/fr\/wp-json\/wp\/v2\/media?parent=17747"}],"wp:term":[{"taxonomy":"product_brand","embeddable":true,"href":"https:\/\/boreait.com\/fr\/wp-json\/wp\/v2\/product_brand?post=17747"},{"taxonomy":"product_cat","embeddable":true,"href":"https:\/\/boreait.com\/fr\/wp-json\/wp\/v2\/product_cat?post=17747"},{"taxonomy":"product_tag","embeddable":true,"href":"https:\/\/boreait.com\/fr\/wp-json\/wp\/v2\/product_tag?post=17747"}],"curies":[{"name":"wp","href":"https:\/\/api.w.org\/{rel}","templated":true}]}}