{"id":17746,"date":"2025-09-16T17:10:48","date_gmt":"2025-09-16T15:10:48","guid":{"rendered":"https:\/\/boreait.com\/fr\/?post_type=product&#038;p=17746"},"modified":"2025-09-16T17:12:45","modified_gmt":"2025-09-16T15:12:45","slug":"processeur-intel-celeron-g530-sr05h-240-ghz-socket-1155-teste-pieces-detachees-pour-ordinateur-portable","status":"publish","type":"product","link":"https:\/\/boreait.com\/fr\/produit\/processeur-intel-celeron-g530-sr05h-240-ghz-socket-1155-teste-pieces-detachees-pour-ordinateur-portable\/","title":{"rendered":"Processeur Intel Celeron G530 SR05H 2,40 GHz | Socket 1155 | Test\u00e9 | Pi\u00e8ces d\u00e9tach\u00e9es pour ordinateur portable"},"content":{"rendered":"<p data-start=\"799\" data-end=\"1135\">Ceci est un authentique <strong data-start=\"817\" data-end=\"855\">processeur Intel Celeron G530 SR05H<\/strong> cadenc\u00e9 \u00e0 <strong data-start=\"867\" data-end=\"878\">2,40 GHz<\/strong>, compatible avec les <strong data-start=\"896\" data-end=\"927\">cartes m\u00e8res socket LGA1155<\/strong>. Ce <strong data-start=\"945\" data-end=\"962\">processeur double c\u0153ur<\/strong> fiable est con\u00e7u pour les applications d&rsquo;entr\u00e9e de gamme sur ordinateur de bureau et portable. Il offre des performances optimales pour les t\u00e2ches informatiques quotidiennes telles que la navigation web, la bureautique et la lecture multim\u00e9dia.<\/p>\n<p data-start=\"1137\" data-end=\"1360\">Que vous souhaitiez monter un PC \u00e0 petit budget ou remplacer un processeur d\u00e9fectueux, ce processeur est la solution id\u00e9ale. Id\u00e9al pour les <strong data-start=\"1245\" data-end=\"1261\">ateliers de r\u00e9paration<\/strong>, les <strong data-start=\"1263\" data-end=\"1282\">bricoleurs<\/strong> ou toute personne recherchant des <strong data-start=\"1315\" data-end=\"1331\">pi\u00e8ces d\u00e9tach\u00e9es pour ordinateurs portables<\/strong> ou des processeurs de bureau de remplacement.<\/p>\n<h3 data-start=\"1362\" data-end=\"1379\">Principales caract\u00e9ristiques\u00a0:<\/h3>\n<ul data-start=\"1380\" data-end=\"1725\">\n<li data-start=\"1380\" data-end=\"1411\">\n<p data-start=\"1382\" data-end=\"1411\"><strong data-start=\"1382\" data-end=\"1391\">Mod\u00e8le<\/strong>\u00a0: Intel Celeron G530<\/p>\n<\/li>\n<li data-start=\"1412\" data-end=\"1431\">\n<p data-start=\"1414\" data-end=\"1431\"><strong data-start=\"1414\" data-end=\"1424\">Sp\u00e9cification S<\/strong>\u00a0: SR05H<\/p>\n<\/li>\n<li data-start=\"1432\" data-end=\"1463\">\n<p data-start=\"1434\" data-end=\"1463\"><strong data-start=\"1434\" data-end=\"1454\">Vitesse d&rsquo;horloge de base<\/strong>\u00a0: 2,40\u00a0GHz<\/p>\n<\/li>\n<li data-start=\"1464\" data-end=\"1504\">\n<p data-start=\"1466\" data-end=\"1504\"><strong data-start=\"1466\" data-end=\"1483\">C\u0153urs\/Threads<\/strong>\u00a0: 2 c\u0153urs \/ 2 threads<\/p>\n<\/li>\n<li data-start=\"1505\" data-end=\"1526\">\n<p data-start=\"1507\" data-end=\"1526\"><strong data-start=\"1507\" data-end=\"1517\">Socket<\/strong>\u00a0: LGA1155<\/p>\n<\/li>\n<li data-start=\"1527\" data-end=\"1566\">\n<p data-start=\"1529\" data-end=\"1566\"><strong data-start=\"1529\" data-end=\"1545\">Architecture<\/strong>\u00a0: Sandy Bridge (32\u00a0nm)<\/p>\n<\/li>\n<li data-start=\"1567\" data-end=\"1581\">\n<p data-start=\"1569\" data-end=\"1581\"><strong data-start=\"1569\" data-end=\"1576\">TDP<\/strong>\u00a0: 65\u00a0W<\/p>\n<\/li>\n<li data-start=\"1582\" data-end=\"1638\">\n<p data-start=\"1584\" data-end=\"1638\"><strong data-start=\"1584\" data-end=\"1597\">\u00c9tat<\/strong>\u00a0: Utilis\u00e9, test\u00e9 et en parfait \u00e9tat de fonctionnement.<\/p>\n<\/li>\n<li data-start=\"1639\" data-end=\"1725\">\n<p data-start=\"1641\" data-end=\"1725\"><strong data-start=\"1641\" data-end=\"1651\">Photos<\/strong>\u00a0: Ce que vous voyez est exactement ce que vous recevrez\u00a0: de vraies photos pi\u00e8ce.<\/p>\n<\/li>\n<\/ul>\n<p data-start=\"1727\" data-end=\"1846\">\ud83d\udce6 Nous ne fournissons pas de guides de remplacement, mais n&rsquo;h\u00e9sitez pas \u00e0 nous contacter si vous avez besoin d&rsquo;aide ou d&rsquo;informations de compatibilit\u00e9.<\/p>\n<p data-start=\"1848\" data-end=\"1900\">\ud83c\udf0d Livraison disponible en Europe et dans le monde entier.<\/p>\n<p data-start=\"1902\" data-end=\"2052\">Si vous recherchez des <strong data-start=\"1924\" data-end=\"1950\">pi\u00e8ces d&rsquo;ordinateur portable authentiques<\/strong> ou un <strong data-start=\"1967\" data-end=\"1992\">processeur Intel de remplacement<\/strong> fiable, le Celeron G530 est une option solide \u00e0 un prix abordable.<\/p>\n","protected":false},"excerpt":{"rendered":"<p>Processeur Intel Celeron G530 SR05H 2,40 GHz, enti\u00e8rement fonctionnel, id\u00e9al pour les syst\u00e8mes compatibles LGA1155. Nettoy\u00e9, test\u00e9 et pr\u00eat \u00e0 \u00eatre install\u00e9.<\/p>\n","protected":false},"featured_media":17801,"template":"","meta":[],"product_brand":[],"product_cat":[75],"product_tag":[],"class_list":{"0":"post-17746","1":"product","2":"type-product","3":"status-publish","4":"has-post-thumbnail","6":"product_cat-processors-cpu","8":"first","9":"instock","10":"taxable","11":"shipping-taxable","12":"purchasable","13":"product-type-simple"},"_links":{"self":[{"href":"https:\/\/boreait.com\/fr\/wp-json\/wp\/v2\/product\/17746","targetHints":{"allow":["GET"]}}],"collection":[{"href":"https:\/\/boreait.com\/fr\/wp-json\/wp\/v2\/product"}],"about":[{"href":"https:\/\/boreait.com\/fr\/wp-json\/wp\/v2\/types\/product"}],"wp:featuredmedia":[{"embeddable":true,"href":"https:\/\/boreait.com\/fr\/wp-json\/wp\/v2\/media\/17801"}],"wp:attachment":[{"href":"https:\/\/boreait.com\/fr\/wp-json\/wp\/v2\/media?parent=17746"}],"wp:term":[{"taxonomy":"product_brand","embeddable":true,"href":"https:\/\/boreait.com\/fr\/wp-json\/wp\/v2\/product_brand?post=17746"},{"taxonomy":"product_cat","embeddable":true,"href":"https:\/\/boreait.com\/fr\/wp-json\/wp\/v2\/product_cat?post=17746"},{"taxonomy":"product_tag","embeddable":true,"href":"https:\/\/boreait.com\/fr\/wp-json\/wp\/v2\/product_tag?post=17746"}],"curies":[{"name":"wp","href":"https:\/\/api.w.org\/{rel}","templated":true}]}}