{"id":17745,"date":"2025-09-16T17:10:48","date_gmt":"2025-09-16T15:10:48","guid":{"rendered":"https:\/\/boreait.com\/fr\/?post_type=product&#038;p=17745"},"modified":"2025-09-16T17:12:42","modified_gmt":"2025-09-16T15:12:42","slug":"ventilateur-foxconn-12-v-5-broches-pour-ordinateur-portable-compact-315-piece-dorigine-pour-ordinateur-portable","status":"publish","type":"product","link":"https:\/\/boreait.com\/fr\/produit\/ventilateur-foxconn-12-v-5-broches-pour-ordinateur-portable-compact-315-piece-dorigine-pour-ordinateur-portable\/","title":{"rendered":"Ventilateur Foxconn 12 V 5 broches pour ordinateur portable \u2013 Compact 3,15 \u2013 Pi\u00e8ce d&rsquo;origine pour ordinateur portable"},"content":{"rendered":"<p data-start=\"718\" data-end=\"994\">Gardez votre ordinateur portable au frais et en silence avec ce <strong data-start=\"768\" data-end=\"799\">v\u00e9ritable ventilateur de refroidissement Foxconn<\/strong>, une solution compacte et fiable aux probl\u00e8mes de surchauffe. Id\u00e9al pour une r\u00e9paration ou un remplacement professionnel, ce ventilateur est id\u00e9al pour une large gamme de mod\u00e8les d&rsquo;ordinateurs portables \u00e9quip\u00e9s d&rsquo;un connecteur d&rsquo;alimentation \u00e0 5 broches.<\/p>\n<p data-start=\"996\" data-end=\"1013\"><strong data-start=\"996\" data-end=\"1013\">Caract\u00e9ristiques principales\u00a0:<\/strong><\/p>\n<ul data-start=\"1014\" data-end=\"1300\">\n<li data-start=\"1014\" data-end=\"1065\">\n<p data-start=\"1016\" data-end=\"1065\"><strong data-start=\"1016\" data-end=\"1026\">Marque\u00a0:<\/strong> Foxconn \u2013 une marque de confiance pour les pi\u00e8ces d\u00e9tach\u00e9es d&rsquo;ordinateurs portables<\/p>\n<\/li>\n<li data-start=\"1066\" data-end=\"1119\">\n<p data-start=\"1068\" data-end=\"1119\"><strong data-start=\"1068\" data-end=\"1080\">Tension\u00a0: 12\u00a0V pour un refroidissement efficace et stable.<\/p>\n<\/li>\n<li data-start=\"1120\" data-end=\"1168\">\n<p data-start=\"1122\" data-end=\"1168\"><strong data-start=\"1122\" data-end=\"1142\">Connecteur d&rsquo;alimentation\u00a0: Connexion standard \u00e0 5\u00a0broches.<\/p>\n<\/li>\n<li data-start=\"1169\" data-end=\"1235\">\n<p data-start=\"1171\" data-end=\"1235\"><strong data-start=\"1171\" data-end=\"1186\">Dimensions\u00a0: 8\u00a0cm x 2\u00a0cm x 8\u00a0cm \u2013 Compact et Gain de place<\/p>\n<\/li>\n<li data-start=\"1236\" data-end=\"1300\">\n<p data-start=\"1238\" data-end=\"1300\"><strong data-start=\"1238\" data-end=\"1254\">Application\u00a0:<\/strong> Pi\u00e8ce de rechange pour ordinateur portable pour solutions de refroidissement.<\/p>\n<\/li>\n<\/ul>\n<p data-start=\"1302\" data-end=\"1574\">Ce ventilateur de haute qualit\u00e9 est issu d&rsquo;un syst\u00e8me en \u00e9tat de marche et enti\u00e8rement test\u00e9 pour garantir des performances fiables. Il est particuli\u00e8rement utile pour les utilisateurs confront\u00e9s \u00e0 des probl\u00e8mes de surchauffe ou de ventilateurs bruyants. Aucune notice d&rsquo;installation n&rsquo;est fournie, mais n&rsquo;h\u00e9sitez pas \u00e0 nous contacter si vous avez besoin d&rsquo;aide.<\/p>\n<p data-start=\"1576\" data-end=\"1735\">\ud83d\udd27 <strong data-start=\"1579\" data-end=\"1588\">Remarque\u00a0:<\/strong> Cette offre comprend <strong data-start=\"1611\" data-end=\"1626\">Photos r\u00e9elles<\/strong> de l&rsquo;article que vous recevrez. Nous croyons en la transparence, et ce que vous voyez correspond exactement \u00e0 ce que vous recevrez.<\/p>\n","protected":false},"excerpt":{"rendered":"<p data-start=\"469\" data-end=\"624\">Ventilateur Foxconn 12 V fiable pour ordinateur portable avec connecteur 5 broches, id\u00e9al pour remplacer les unit\u00e9s de refroidissement us\u00e9es ou bruyantes. Photos r\u00e9elles\u00a0: vous recevrez ce que vous voyez.<\/p>\n","protected":false},"featured_media":17800,"template":"","meta":[],"product_brand":[],"product_cat":[69],"product_tag":[],"class_list":{"0":"post-17745","1":"product","2":"type-product","3":"status-publish","4":"has-post-thumbnail","6":"product_cat-cpu-fans-heatsinks","8":"first","9":"instock","10":"taxable","11":"shipping-taxable","12":"purchasable","13":"product-type-simple"},"_links":{"self":[{"href":"https:\/\/boreait.com\/fr\/wp-json\/wp\/v2\/product\/17745","targetHints":{"allow":["GET"]}}],"collection":[{"href":"https:\/\/boreait.com\/fr\/wp-json\/wp\/v2\/product"}],"about":[{"href":"https:\/\/boreait.com\/fr\/wp-json\/wp\/v2\/types\/product"}],"wp:featuredmedia":[{"embeddable":true,"href":"https:\/\/boreait.com\/fr\/wp-json\/wp\/v2\/media\/17800"}],"wp:attachment":[{"href":"https:\/\/boreait.com\/fr\/wp-json\/wp\/v2\/media?parent=17745"}],"wp:term":[{"taxonomy":"product_brand","embeddable":true,"href":"https:\/\/boreait.com\/fr\/wp-json\/wp\/v2\/product_brand?post=17745"},{"taxonomy":"product_cat","embeddable":true,"href":"https:\/\/boreait.com\/fr\/wp-json\/wp\/v2\/product_cat?post=17745"},{"taxonomy":"product_tag","embeddable":true,"href":"https:\/\/boreait.com\/fr\/wp-json\/wp\/v2\/product_tag?post=17745"}],"curies":[{"name":"wp","href":"https:\/\/api.w.org\/{rel}","templated":true}]}}