{"id":17733,"date":"2025-09-16T17:10:22","date_gmt":"2025-09-16T15:10:22","guid":{"rendered":"https:\/\/boreait.com\/fr\/?post_type=product&#038;p=17733"},"modified":"2025-09-16T17:12:16","modified_gmt":"2025-09-16T15:12:16","slug":"carte-mere-dell-optiplex-790-990-mt-dt-e93839-ka0121-q65-q67-pieces-detachees-pour-ordinateur-portable","status":"publish","type":"product","link":"https:\/\/boreait.com\/fr\/produit\/carte-mere-dell-optiplex-790-990-mt-dt-e93839-ka0121-q65-q67-pieces-detachees-pour-ordinateur-portable\/","title":{"rendered":"Carte m\u00e8re Dell Optiplex 790 990 MT DT E93839 KA0121 Q65 Q67 | Pi\u00e8ces d\u00e9tach\u00e9es pour ordinateur portable"},"content":{"rendered":"<p data-start=\"756\" data-end=\"855\"><strong data-start=\"756\" data-end=\"855\">Carte m\u00e8re Dell Optiplex 790\/990 MT et DT authentique \u2013 Mod\u00e8le E93839 (KA0121) | Chipset Q65\/Q67<\/strong><\/p>\n<p data-start=\"857\" data-end=\"1214\">Vous recherchez une carte m\u00e8re de remplacement fiable pour votre ordinateur de bureau Dell Optiplex\u00a0? Voici une <strong data-start=\"934\" data-end=\"962\">carte m\u00e8re Dell authentique<\/strong>, issue d&rsquo;un syst\u00e8me Dell Optiplex 790 ou 990 en parfait \u00e9tat de fonctionnement. Elle est compatible avec les formats <strong data-start=\"1051\" data-end=\"1070\">Mini Tour (MT)<\/strong> et <strong data-start=\"1075\" data-end=\"1091\">Ordinateur de bureau (DT)<\/strong> et prend en charge le <strong data-start=\"1123\" data-end=\"1142\">chipset Q65\/Q67<\/strong>, ce qui la rend id\u00e9ale pour une fiabilit\u00e9 professionnelle et des performances fluides.<\/p>\n<p data-start=\"1216\" data-end=\"1422\">\ud83d\udee0\ufe0f Cette carte m\u00e8re est id\u00e9ale pour r\u00e9parer ou restaurer votre syst\u00e8me Dell. Bien que nous ne fournissions pas d&rsquo;instructions d&rsquo;installation, vous pouvez toujours nous contacter si vous avez besoin d&rsquo;aide ou de conseils de compatibilit\u00e9.<\/p>\n<h3 data-start=\"1429\" data-end=\"1455\">\ud83d\udd0d <strong data-start=\"1436\" data-end=\"1455\">Sp\u00e9cifications\u00a0:<\/strong><\/h3>\n<ul data-start=\"1457\" data-end=\"1919\">\n<li data-start=\"1457\" data-end=\"1495\">\n<p data-start=\"1459\" data-end=\"1495\"><strong data-start=\"1459\" data-end=\"1476\">Num\u00e9ros de mod\u00e8le<\/strong>\u00a0: E93839 \/ KA0121<\/p>\n<\/li>\n<li data-start=\"1496\" data-end=\"1536\">\n<p data-start=\"1498\" data-end=\"1536\"><strong data-start=\"1498\" data-end=\"1509\">Chipset<\/strong>\u00a0: Intel Q65 \/ Q67 Express<\/p>\n<\/li>\n<li data-start=\"1537\" data-end=\"1588\">\n<p data-start=\"1539\" data-end=\"1588\"><strong data-start=\"1539\" data-end=\"1554\">Format<\/strong>\u00a0: Mini-tour (MT) \/ Bureau (DT)<\/p>\n<\/li>\n<li data-start=\"1589\" data-end=\"1641\">\n<p data-start=\"1591\" data-end=\"1641\"><strong data-start=\"1591\" data-end=\"1608\">Compatibilit\u00e9<\/strong>\u00a0: Dell Optiplex s\u00e9ries 790 et 990<\/p>\n<\/li>\n<li data-start=\"1642\" data-end=\"1705\">\n<p data-start=\"1644\" data-end=\"1705\"><strong data-start=\"1644\" data-end=\"1657\">\u00c9tat<\/strong>\u00a0: Test\u00e9 et En \u00e9tat de marche, extrait d&rsquo;une unit\u00e9 en \u00e9tat de marche<\/p>\n<\/li>\n<li data-start=\"1706\" data-end=\"1764\">\n<p data-start=\"1708\" data-end=\"1764\"><strong data-start=\"1708\" data-end=\"1718\">Photos<\/strong>\u00a0: Photos r\u00e9elles \u2013 ce que vous voyez est ce que vous obtenez<\/p>\n<\/li>\n<li data-start=\"1765\" data-end=\"1828\">\n<p data-start=\"1767\" data-end=\"1828\"><strong data-start=\"1767\" data-end=\"1793\">Livraison internationale<\/strong>\u00a0: Disponible dans le monde entier depuis l&rsquo;Europe<\/p>\n<\/li>\n<li data-start=\"1829\" data-end=\"1919\">\n<p data-start=\"1831\" data-end=\"1919\"><strong data-start=\"1831\" data-end=\"1844\">Id\u00e9ale pour<\/strong>\u00a0: Restauration syst\u00e8me, mises \u00e0 niveau mat\u00e9rielles, remplacement de pi\u00e8ces d\u00e9tach\u00e9es pour ordinateurs portables.<\/p>\n<\/li>\n<\/ul>\n<p data-start=\"1926\" data-end=\"2129\">Cette carte m\u00e8re est id\u00e9ale pour les professionnels de l&rsquo;informatique, les ateliers de r\u00e9paration et les bricoleurs \u00e0 la recherche de <strong data-start=\"2022\" data-end=\"2050\">pi\u00e8ces d\u00e9tach\u00e9es fiables pour ordinateurs portables et de bureau. Faites confiance \u00e0 SIGGMO pour des composants d&rsquo;origine, une livraison rapide et un support client efficace.<\/p>\n<p data-start=\"2131\" data-end=\"2211\">\ud83d\uddbc\ufe0f <strong data-start=\"2135\" data-end=\"2143\">Remarque<\/strong>\u00a0: Toutes les photos du produit sont r\u00e9elles\u00a0; vous recevrez exactement ce que vous voyez.<\/p>\n","protected":false},"excerpt":{"rendered":"<p>Carte m\u00e8re Dell Optiplex 790\/990 MT\/DT d&rsquo;origine (E93839, KA0121) avec chipset Q65\/Q67. \u200b\u200bEnti\u00e8rement test\u00e9e, extraite de l&rsquo;unit\u00e9 en \u00e9tat de marche. Photos authentiques, livraison rapide.<\/p>\n","protected":false},"featured_media":17788,"template":"","meta":[],"product_brand":[],"product_cat":[63],"product_tag":[53],"class_list":{"0":"post-17733","1":"product","2":"type-product","3":"status-publish","4":"has-post-thumbnail","6":"product_cat-motherboards-board-parts","7":"product_tag-dell","9":"first","10":"instock","11":"taxable","12":"shipping-taxable","13":"purchasable","14":"product-type-simple"},"_links":{"self":[{"href":"https:\/\/boreait.com\/fr\/wp-json\/wp\/v2\/product\/17733","targetHints":{"allow":["GET"]}}],"collection":[{"href":"https:\/\/boreait.com\/fr\/wp-json\/wp\/v2\/product"}],"about":[{"href":"https:\/\/boreait.com\/fr\/wp-json\/wp\/v2\/types\/product"}],"wp:featuredmedia":[{"embeddable":true,"href":"https:\/\/boreait.com\/fr\/wp-json\/wp\/v2\/media\/17788"}],"wp:attachment":[{"href":"https:\/\/boreait.com\/fr\/wp-json\/wp\/v2\/media?parent=17733"}],"wp:term":[{"taxonomy":"product_brand","embeddable":true,"href":"https:\/\/boreait.com\/fr\/wp-json\/wp\/v2\/product_brand?post=17733"},{"taxonomy":"product_cat","embeddable":true,"href":"https:\/\/boreait.com\/fr\/wp-json\/wp\/v2\/product_cat?post=17733"},{"taxonomy":"product_tag","embeddable":true,"href":"https:\/\/boreait.com\/fr\/wp-json\/wp\/v2\/product_tag?post=17733"}],"curies":[{"name":"wp","href":"https:\/\/api.w.org\/{rel}","templated":true}]}}