{"id":17727,"date":"2025-09-16T17:09:56","date_gmt":"2025-09-16T15:09:56","guid":{"rendered":"https:\/\/boreait.com\/fr\/?post_type=product&#038;p=17727"},"modified":"2025-09-16T17:12:12","modified_gmt":"2025-09-16T15:12:12","slug":"cable-mini-sas-sff-8087-vers-4-x-sata-transfert-de-donnees-haut-debit-pour-ordinateurs-portables-et-serveurs","status":"publish","type":"product","link":"https:\/\/boreait.com\/fr\/produit\/cable-mini-sas-sff-8087-vers-4-x-sata-transfert-de-donnees-haut-debit-pour-ordinateurs-portables-et-serveurs\/","title":{"rendered":"C\u00e2ble Mini SAS SFF-8087 vers 4 x SATA \u2013 Transfert de donn\u00e9es haut d\u00e9bit pour ordinateurs portables et serveurs"},"content":{"rendered":"<p data-start=\"719\" data-end=\"891\">Am\u00e9liorez la connectivit\u00e9 de stockage de votre syst\u00e8me avec ce <strong data-start=\"772\" data-end=\"820\">c\u00e2ble de d\u00e9rivation Mini SAS SFF-8087 vers 4 disques SATA<\/strong>, id\u00e9al pour les professionnels, les bricoleurs et les techniciens de r\u00e9paration d&rsquo;ordinateurs portables.<\/p>\n<p data-start=\"893\" data-end=\"1214\">Con\u00e7u pour connecter un seul port Mini SAS (SFF-8087) \u00e0 un maximum de quatre disques SATA, ce c\u00e2ble est id\u00e9al pour le transfert de donn\u00e9es \u00e0 haut d\u00e9bit sur les serveurs, les postes de travail et les ordinateurs portables personnalis\u00e9s n\u00e9cessitant un stockage suppl\u00e9mentaire. Il prend en charge les normes SATA I\/II\/III et offre d&rsquo;excellentes performances et une fiabilit\u00e9 optimale pour les disques durs et SSD.<\/p>\n<p data-start=\"1216\" data-end=\"1535\">\u2714\ufe0f <strong data-start=\"1219\" data-end=\"1242\">Photos r\u00e9elles du produit<\/strong> \u2013 Vous recevrez exactement le produit pr\u00e9sent\u00e9.<br data-start=\"1283\" data-end=\"1286\" \/>\u2714\ufe0f <strong data-start=\"1289\" data-end=\"1311\">Pi\u00e8ces d\u00e9tach\u00e9es pour ordinateur portable<\/strong> \u2013 Id\u00e9al pour la r\u00e9paration et la mise \u00e0 niveau d&rsquo;ordinateurs portables.<br data-start=\"1351\" data-end=\"1354\" \/>\u2714\ufe0f <strong data-start=\"1357\" data-end=\"1379\">Livraison internationale<\/strong> depuis l&rsquo;Europe.<br data-start=\"1392\" data-end=\"1395\" \/>\u2714\ufe0f <strong data-start=\"1398\" data-end=\"1412\">Besoin d&rsquo;aide\u00a0?<\/strong> Nous ne fournissons pas d&rsquo;instructions de remplacement, mais n&rsquo;h\u00e9sitez pas \u00e0 nous contacter si vous avez besoin d&rsquo;aide pour choisir ou identifier votre pi\u00e8ce.<\/p>\n<p data-start=\"1537\" data-end=\"1718\">Que vous construisiez un serveur, mettiez \u00e0 niveau un ordinateur portable ou remplaciez des pi\u00e8ces endommag\u00e9es, ce c\u00e2ble Mini SAS garantit des connexions stables et haut d\u00e9bit pour vos p\u00e9riph\u00e9riques de stockage SATA.<\/p>\n<p data-start=\"1720\" data-end=\"1739\"><strong data-start=\"1720\" data-end=\"1739\">Sp\u00e9cifications\u00a0:<\/strong><\/p>\n<ul data-start=\"1740\" data-end=\"1972\">\n<li data-start=\"1740\" data-end=\"1778\">\n<p data-start=\"1742\" data-end=\"1778\">Connecteur A\u00a0: 1 x Mini SAS (SFF-8087)<\/p>\n<\/li>\n<li data-start=\"1779\" data-end=\"1802\">\n<p data-start=\"1781\" data-end=\"1802\">Connecteur B\u00a0: 4 x SATA<\/p>\n<\/li>\n<li data-start=\"1803\" data-end=\"1854\">\n<p data-start=\"1805\" data-end=\"1854\">Utilisation\u00a0: C\u00e2ble de d\u00e9rivation pour extension de stockage HDD\/SSD<\/p>\n<\/li>\n<li data-start=\"1855\" data-end=\"1887\">\n<p data-start=\"1857\" data-end=\"1887\">Compatibilit\u00e9\u00a0: SATA I, II, III<\/p>\n<\/li>\n<li data-start=\"1888\" data-end=\"1955\">\n<p data-start=\"1890\" data-end=\"1955\">Application\u00a0: Pi\u00e8ces d\u00e9tach\u00e9es pour ordinateurs portables, serveurs, NAS, ordinateurs de bureau, baies de stockage<\/p>\n<\/li>\n<li data-start=\"1956\" data-end=\"1972\">\n<p data-start=\"1958\" data-end=\"1972\">\u00c9tat\u00a0: Neuf<\/p>\n<\/li>\n<\/ul>\n<p data-start=\"1974\" data-end=\"2075\">Mettez \u00e0 niveau votre ordinateur portable ou votre serveur en toute simplicit\u00e9 gr\u00e2ce aux <strong data-start=\"2031\" data-end=\"2074\">pi\u00e8ces d\u00e9tach\u00e9es pour ordinateurs portables Siggmo de qualit\u00e9 test\u00e9e<\/strong>.<\/p>\n","protected":false},"excerpt":{"rendered":"<p>C\u00e2ble de d\u00e9rivation Mini SAS vers 4x SATA fiable pour connecter des p\u00e9riph\u00e9riques de stockage sur ordinateurs portables, serveurs et ordinateurs de bureau. Photos r\u00e9elles\u00a0: ce que vous voyez est ce que vous obtenez.<\/p>\n","protected":false},"featured_media":17787,"template":"","meta":[],"product_brand":[],"product_cat":[56],"product_tag":[],"class_list":{"0":"post-17727","1":"product","2":"type-product","3":"status-publish","4":"has-post-thumbnail","6":"product_cat-cables","8":"first","9":"instock","10":"taxable","11":"shipping-taxable","12":"purchasable","13":"product-type-simple"},"_links":{"self":[{"href":"https:\/\/boreait.com\/fr\/wp-json\/wp\/v2\/product\/17727","targetHints":{"allow":["GET"]}}],"collection":[{"href":"https:\/\/boreait.com\/fr\/wp-json\/wp\/v2\/product"}],"about":[{"href":"https:\/\/boreait.com\/fr\/wp-json\/wp\/v2\/types\/product"}],"wp:featuredmedia":[{"embeddable":true,"href":"https:\/\/boreait.com\/fr\/wp-json\/wp\/v2\/media\/17787"}],"wp:attachment":[{"href":"https:\/\/boreait.com\/fr\/wp-json\/wp\/v2\/media?parent=17727"}],"wp:term":[{"taxonomy":"product_brand","embeddable":true,"href":"https:\/\/boreait.com\/fr\/wp-json\/wp\/v2\/product_brand?post=17727"},{"taxonomy":"product_cat","embeddable":true,"href":"https:\/\/boreait.com\/fr\/wp-json\/wp\/v2\/product_cat?post=17727"},{"taxonomy":"product_tag","embeddable":true,"href":"https:\/\/boreait.com\/fr\/wp-json\/wp\/v2\/product_tag?post=17727"}],"curies":[{"name":"wp","href":"https:\/\/api.w.org\/{rel}","templated":true}]}}