{"id":17726,"date":"2025-09-16T17:09:56","date_gmt":"2025-09-16T15:09:56","guid":{"rendered":"https:\/\/boreait.com\/fr\/?post_type=product&#038;p=17726"},"modified":"2025-09-16T17:12:05","modified_gmt":"2025-09-16T15:12:05","slug":"station-daccueil-dell-usb-c-m4600-cn-0cy640-cn-0hjvx1-pieces-testees","status":"publish","type":"product","link":"https:\/\/boreait.com\/fr\/produit\/station-daccueil-dell-usb-c-m4600-cn-0cy640-cn-0hjvx1-pieces-testees\/","title":{"rendered":"Station d&rsquo;accueil Dell USB-C M4600 CN-0CY640 CN-0HJVX1 (pi\u00e8ces test\u00e9es)"},"content":{"rendered":"<p data-start=\"704\" data-end=\"923\">Vous recherchez une station d&rsquo;accueil de remplacement fiable pour votre ordinateur portable Dell\u00a0? Cette authentique <strong data-start=\"790\" data-end=\"831\">station d&rsquo;accueil USB-C compatible Dell<\/strong> est test\u00e9e et pr\u00eate \u00e0 l&#8217;emploi. Id\u00e9ale pour booster votre productivit\u00e9 et votre connectivit\u00e9 au bureau.<\/p>\n<p data-start=\"925\" data-end=\"1151\">\u2714\ufe0f <strong data-start=\"928\" data-end=\"954\">Mod\u00e8le Dell compatible\u00a0:<\/strong> Precision M4600<br data-start=\"970\" data-end=\"973\" \/>\u2714\ufe0f <strong data-start=\"976\" data-end=\"993\">R\u00e9f\u00e9rences\u00a0:<\/strong> CN-0CY640, CN-0HJVX1<br data-start=\"1014\" data-end=\"1017\" \/>\u2714\ufe0f <strong data-start=\"1020\" data-end=\"1034\">\u00c9tat\u00a0:<\/strong> Enti\u00e8rement test\u00e9e, fonctionnelle et en Bon \u00e9tat<br data-start=\"1079\" data-end=\"1082\" \/>\u2714\ufe0f <strong data-start=\"1085\" data-end=\"1132\">Les photos repr\u00e9sentent l&rsquo;unit\u00e9 exacte que vous recevrez<\/strong>\u00a0; aucune image d&rsquo;archive\u00a0!<\/p>\n<p data-start=\"1153\" data-end=\"1343\">Cette station d&rsquo;accueil est id\u00e9ale pour les utilisateurs qui ont besoin de plusieurs ports et d&rsquo;une configuration \u00e0 c\u00e2ble unique pour leur ordinateur portable. Elle facilite la connexion \u00e0 des \u00e9crans externes, des p\u00e9riph\u00e9riques et l&rsquo;alimentation avec un seul c\u00e2ble USB-C.<\/p>\n<p data-start=\"1345\" data-end=\"1527\">Que vous remplaciez une station d&rsquo;accueil d\u00e9fectueuse ou que vous installiez un nouveau poste de travail, c&rsquo;est un choix judicieux pour les utilisateurs Dell et les techniciens informatiques qui travaillent r\u00e9guli\u00e8rement avec des <strong data-start=\"1498\" data-end=\"1514\">pi\u00e8ces d&rsquo;ordinateurs portables<\/strong>.<\/p>\n<p data-start=\"1529\" data-end=\"1656\">\ud83d\udce6 <strong data-start=\"1532\" data-end=\"1592\">Exp\u00e9di\u00e9 depuis l&rsquo;Europe avec livraison internationale disponible.<\/strong><br data-start=\"1592\" data-end=\"1595\" \/>\ud83d\udcac <strong data-start=\"1598\" data-end=\"1656\">Besoin de plus d&rsquo;informations\u00a0? Envoyez-nous un message\u00a0; nous serons ravis de vous aider.<\/strong><\/p>\n","protected":false},"excerpt":{"rendered":"<p>Station d&rsquo;accueil Dell USB-C test\u00e9e, compatible avec les mod\u00e8les M4600 et plus. Photos r\u00e9elles. Livraison internationale.<\/p>\n","protected":false},"featured_media":17779,"template":"","meta":[],"product_brand":[],"product_cat":[63],"product_tag":[53],"class_list":{"0":"post-17726","1":"product","2":"type-product","3":"status-publish","4":"has-post-thumbnail","6":"product_cat-motherboards-board-parts","7":"product_tag-dell","9":"first","10":"instock","11":"taxable","12":"shipping-taxable","13":"purchasable","14":"product-type-simple"},"_links":{"self":[{"href":"https:\/\/boreait.com\/fr\/wp-json\/wp\/v2\/product\/17726","targetHints":{"allow":["GET"]}}],"collection":[{"href":"https:\/\/boreait.com\/fr\/wp-json\/wp\/v2\/product"}],"about":[{"href":"https:\/\/boreait.com\/fr\/wp-json\/wp\/v2\/types\/product"}],"wp:featuredmedia":[{"embeddable":true,"href":"https:\/\/boreait.com\/fr\/wp-json\/wp\/v2\/media\/17779"}],"wp:attachment":[{"href":"https:\/\/boreait.com\/fr\/wp-json\/wp\/v2\/media?parent=17726"}],"wp:term":[{"taxonomy":"product_brand","embeddable":true,"href":"https:\/\/boreait.com\/fr\/wp-json\/wp\/v2\/product_brand?post=17726"},{"taxonomy":"product_cat","embeddable":true,"href":"https:\/\/boreait.com\/fr\/wp-json\/wp\/v2\/product_cat?post=17726"},{"taxonomy":"product_tag","embeddable":true,"href":"https:\/\/boreait.com\/fr\/wp-json\/wp\/v2\/product_tag?post=17726"}],"curies":[{"name":"wp","href":"https:\/\/api.w.org\/{rel}","templated":true}]}}