{"id":17713,"date":"2025-09-16T17:09:31","date_gmt":"2025-09-16T15:09:31","guid":{"rendered":"https:\/\/boreait.com\/fr\/?post_type=product&#038;p=17713"},"modified":"2026-02-09T11:09:59","modified_gmt":"2026-02-09T10:09:59","slug":"support-ssd-dell-latitude-5400-5500-precision-3540-07hmh-piece-dorigine","status":"publish","type":"product","link":"https:\/\/boreait.com\/fr\/produit\/support-ssd-dell-latitude-5400-5500-precision-3540-07hmh-piece-dorigine\/","title":{"rendered":"Support SSD Dell Latitude 5400 5500 Precision 3540 07HMH, pi\u00e8ce d&rsquo;origine"},"content":{"rendered":"<p data-start=\"787\" data-end=\"1078\">Am\u00e9liorez ou r\u00e9parez votre ordinateur portable Dell avec ce support SSD Dell OEM d&rsquo;origine, con\u00e7u sp\u00e9cifiquement pour les mod\u00e8les <strong data-start=\"889\" data-end=\"941\">Latitude 5400, Latitude 5500 et Precision 3540<\/strong>. Ce support assure un maintien s\u00fbr de votre SSD ou disque dur 2,5&Prime;, contribuant ainsi \u00e0 pr\u00e9server sa durabilit\u00e9 et ses performances stables au fil du temps.<\/p>\n<p data-start=\"1080\" data-end=\"1304\">Il s&rsquo;agit d&rsquo;une <strong data-start=\"1090\" data-end=\"1111\">pi\u00e8ce Dell d&rsquo;origine<\/strong>, r\u00e9f\u00e9rence <strong data-start=\"1125\" data-end=\"1143\">07HMH \/ 007HMH<\/strong>, 100 % compatible avec les mod\u00e8les pris en charge. Il est id\u00e9al pour les techniciens, les reconditionneurs d&rsquo;ordinateurs portables ou toute personne souhaitant remplacer des supports de disque interne perdus ou endommag\u00e9s.<\/p>\n<p data-start=\"1306\" data-end=\"1593\">\u2714\ufe0f <strong data-start=\"1309\" data-end=\"1337\">Pi\u00e8ce d&rsquo;origine pour ordinateur portable Dell<\/strong><br data-start=\"1337\" data-end=\"1340\" \/>\u2714\ufe0f <strong data-start=\"1343\" data-end=\"1399\">Compatible avec Latitude 5400, 5500 et Precision 3540<\/strong><br data-start=\"1399\" data-end=\"1402\" \/>\u2714\ufe0f <strong data-start=\"1405\" data-end=\"1421\">R\u00e9f\u00e9rence\u00a0:<\/strong> 07HMH \/ 007HMH<br data-start=\"1436\" data-end=\"1439\" \/>\u2714\ufe0f <strong data-start=\"1442\" data-end=\"1464\">Fixation s\u00e9curis\u00e9e du SSD\/HDD<\/strong> \u2013 aucun cliquetis, aucun d\u00e9placement<br data-start=\"1491\" data-end=\"1494\" \/>\u2714\ufe0f <strong data-start=\"1497\" data-end=\"1520\">Photos r\u00e9elles du produit<\/strong> \u2013 ce que vous Vous voyez ce que vous obtenez<br data-start=\"1551\" data-end=\"1554\" \/>\u2714\ufe0f <strong data-start=\"1557\" data-end=\"1591\">Livraison internationale depuis l&rsquo;Europe<\/strong><\/p>\n<p data-start=\"1595\" data-end=\"1748\">Nous ne fournissons pas d&rsquo;instructions d&rsquo;installation, mais si vous avez besoin d&rsquo;aide pour d\u00e9terminer la compatibilit\u00e9 ou si vous avez des questions concernant l&rsquo;installation, n&rsquo;h\u00e9sitez pas \u00e0 nous contacter.<\/p>\n<p data-start=\"1750\" data-end=\"1903\">Ce support fait partie de notre collection soigneusement s\u00e9lectionn\u00e9e de <strong data-start=\"1810\" data-end=\"1839\">pi\u00e8ces d\u00e9tach\u00e9es pour ordinateurs portables de haute qualit\u00e9<\/strong>, pl\u00e9biscit\u00e9es par les ateliers de r\u00e9paration et les bricoleurs en Europe et au-del\u00e0.<\/p>\n","protected":false},"excerpt":{"rendered":"<p>Support SSD Dell d&rsquo;origine pour Latitude 5400, 5500 et Precision 3540. R\u00e9f\u00e9rence 07HMH (007HMH). Photos r\u00e9elles\u00a0: vous obtenez exactement ce que vous voyez.<\/p>\n","protected":false},"featured_media":17775,"template":"","meta":[],"product_brand":[],"product_cat":[52],"product_tag":[53],"class_list":{"0":"post-17713","1":"product","2":"type-product","3":"status-publish","4":"has-post-thumbnail","6":"product_cat-laptop-housing","7":"product_tag-dell","9":"first","10":"instock","11":"taxable","12":"shipping-taxable","13":"purchasable","14":"product-type-simple"},"_links":{"self":[{"href":"https:\/\/boreait.com\/fr\/wp-json\/wp\/v2\/product\/17713","targetHints":{"allow":["GET"]}}],"collection":[{"href":"https:\/\/boreait.com\/fr\/wp-json\/wp\/v2\/product"}],"about":[{"href":"https:\/\/boreait.com\/fr\/wp-json\/wp\/v2\/types\/product"}],"wp:featuredmedia":[{"embeddable":true,"href":"https:\/\/boreait.com\/fr\/wp-json\/wp\/v2\/media\/17775"}],"wp:attachment":[{"href":"https:\/\/boreait.com\/fr\/wp-json\/wp\/v2\/media?parent=17713"}],"wp:term":[{"taxonomy":"product_brand","embeddable":true,"href":"https:\/\/boreait.com\/fr\/wp-json\/wp\/v2\/product_brand?post=17713"},{"taxonomy":"product_cat","embeddable":true,"href":"https:\/\/boreait.com\/fr\/wp-json\/wp\/v2\/product_cat?post=17713"},{"taxonomy":"product_tag","embeddable":true,"href":"https:\/\/boreait.com\/fr\/wp-json\/wp\/v2\/product_tag?post=17713"}],"curies":[{"name":"wp","href":"https:\/\/api.w.org\/{rel}","templated":true}]}}