{"id":17712,"date":"2025-09-16T17:09:30","date_gmt":"2025-09-16T15:09:30","guid":{"rendered":"https:\/\/boreait.com\/fr\/?post_type=product&#038;p=17712"},"modified":"2025-09-16T17:11:43","modified_gmt":"2025-09-16T15:11:43","slug":"carte-audio-usb-sony-vgn-fw140e-cnx-409-1p-1083j00-8010-qualite-a-piece-pour-ordinateur-portable","status":"publish","type":"product","link":"https:\/\/boreait.com\/fr\/produit\/carte-audio-usb-sony-vgn-fw140e-cnx-409-1p-1083j00-8010-qualite-a-piece-pour-ordinateur-portable\/","title":{"rendered":"Carte audio USB Sony VGN-FW140E CNX-409 1P-1083J00-8010 | Qualit\u00e9 A | Pi\u00e8ce pour ordinateur portable"},"content":{"rendered":"<p data-start=\"580\" data-end=\"653\"><strong data-start=\"580\" data-end=\"653\">Carte audio USB Sony VGN-FW140E \u2013 CNX-409 \/ 1P-1083J00-8010 (Grade A)<\/strong><\/p>\n<p data-start=\"655\" data-end=\"911\">Vous souhaitez restaurer le son ou la fonctionnalit\u00e9 USB sur votre ordinateur portable Sony de la s\u00e9rie VGN-FW\u00a0? Cette <strong data-start=\"741\" data-end=\"778\">carte audio et USB Sony d&rsquo;origine<\/strong> (mod\u00e8le\u00a0: <strong data-start=\"787\" data-end=\"798\">CNX-409<\/strong>, r\u00e9f\u00e9rence\u00a0: <strong data-start=\"809\" data-end=\"828\">1P-1083J00-8010<\/strong>) est la pi\u00e8ce de rechange id\u00e9ale pour votre ordinateur portable <strong data-start=\"871\" data-end=\"903\">Sony VGN-FW140E (s\u00e9rie PCG)<\/strong>.<\/p>\n<p data-start=\"913\" data-end=\"1182\">Cette carte g\u00e8re les fonctionnalit\u00e9s de sortie USB et audio. Elle a \u00e9t\u00e9 <strong data-start=\"981\" data-end=\"1010\">enti\u00e8rement test\u00e9e et class\u00e9e A<\/strong>, ce qui signifie qu&rsquo;elle est en excellent \u00e9tat et ne pr\u00e9sente que peu de signes d&rsquo;usure. Id\u00e9al pour les techniciens, les ateliers de r\u00e9paration ou les bricoleurs ayant besoin de pi\u00e8ces d\u00e9tach\u00e9es d&rsquo;ordinateur portable fiables et rapides \u00e0 remplacer.<\/p>\n<p data-start=\"1184\" data-end=\"1210\">\ud83d\udd27 <strong data-start=\"1187\" data-end=\"1210\">Points forts du produit\u00a0:<\/strong><\/p>\n<ul data-start=\"1211\" data-end=\"1529\">\n<li data-start=\"1211\" data-end=\"1258\">\n<p data-start=\"1213\" data-end=\"1258\">\u2705 Pi\u00e8ce Sony d&rsquo;origine (pas de clone tiers)<\/p>\n<\/li>\n<li data-start=\"1259\" data-end=\"1319\">\n<p data-start=\"1261\" data-end=\"1319\">\u2705 Compatible avec le Sony VGN-FW140E et les mod\u00e8les PCG similaires.<\/p>\n<\/li>\n<li data-start=\"1320\" data-end=\"1370\">\n<p data-start=\"1322\" data-end=\"1370\">\u2705 Compatible avec les ports USB et les prises audio.<\/p>\n<\/li>\n<li data-start=\"1371\" data-end=\"1430\">\n<p data-start=\"1373\" data-end=\"1430\">\u2705 Grade A \u2013 Propre, fonctionnel, aucun d\u00e9faut esth\u00e9tique majeur.<\/p>\n<\/li>\n<li data-start=\"1431\" data-end=\"1478\">\n<p data-start=\"1433\" data-end=\"1478\">\u2705 Mod\u00e8le\u00a0: CNX-409 \/ R\u00e9f\u00e9rence\u00a0: 1P-1083J00-8010<\/p>\n<\/li>\n<li data-start=\"1479\" data-end=\"1529\">\n<p data-start=\"1481\" data-end=\"1529\">\u2705 Les photos repr\u00e9sentent l&rsquo;article que vous recevrez.<\/p>\n<\/li>\n<\/ul>\n<p data-start=\"1531\" data-end=\"1653\">\ud83d\udcac Bien que nous ne fournissions pas d&rsquo;instructions d&rsquo;installation, n&rsquo;h\u00e9sitez pas \u00e0 nous contacter si vous avez besoin de plus d&rsquo;informations\u00a0; nous serons ravis de vous aider.<\/p>\n<p data-start=\"1655\" data-end=\"1727\">\ud83d\udce6 <strong data-start=\"1658\" data-end=\"1691\">Livraison internationale disponible\u00a0!<\/strong> Exp\u00e9dition soign\u00e9e depuis l&rsquo;Europe.<\/p>\n<p data-start=\"1729\" data-end=\"1893\">Que ce soit que vous r\u00e9pariez votre appareil personnel ou que vous recherchiez des <strong data-start=\"1784\" data-end=\"1812\">pi\u00e8ces de rechange pour ordinateur portable<\/strong> pour votre entreprise de r\u00e9paration, cette carte audio USB Sony est un choix fiable et test\u00e9.<\/p>\n","protected":false},"excerpt":{"rendered":"<p>Carte USB et audio Sony VGN-FW140E d&rsquo;origine, mod\u00e8le CNX-409 \/ 1P-1083J00-8010. Pi\u00e8ce de qualit\u00e9 sup\u00e9rieure\u00a0: propre, test\u00e9e et pr\u00eate \u00e0 \u00eatre remplac\u00e9e.<\/p>\n","protected":false},"featured_media":17774,"template":"","meta":[],"product_brand":[],"product_cat":[63],"product_tag":[],"class_list":{"0":"post-17712","1":"product","2":"type-product","3":"status-publish","4":"has-post-thumbnail","6":"product_cat-motherboards-board-parts","8":"first","9":"instock","10":"taxable","11":"shipping-taxable","12":"purchasable","13":"product-type-simple"},"_links":{"self":[{"href":"https:\/\/boreait.com\/fr\/wp-json\/wp\/v2\/product\/17712","targetHints":{"allow":["GET"]}}],"collection":[{"href":"https:\/\/boreait.com\/fr\/wp-json\/wp\/v2\/product"}],"about":[{"href":"https:\/\/boreait.com\/fr\/wp-json\/wp\/v2\/types\/product"}],"wp:featuredmedia":[{"embeddable":true,"href":"https:\/\/boreait.com\/fr\/wp-json\/wp\/v2\/media\/17774"}],"wp:attachment":[{"href":"https:\/\/boreait.com\/fr\/wp-json\/wp\/v2\/media?parent=17712"}],"wp:term":[{"taxonomy":"product_brand","embeddable":true,"href":"https:\/\/boreait.com\/fr\/wp-json\/wp\/v2\/product_brand?post=17712"},{"taxonomy":"product_cat","embeddable":true,"href":"https:\/\/boreait.com\/fr\/wp-json\/wp\/v2\/product_cat?post=17712"},{"taxonomy":"product_tag","embeddable":true,"href":"https:\/\/boreait.com\/fr\/wp-json\/wp\/v2\/product_tag?post=17712"}],"curies":[{"name":"wp","href":"https:\/\/api.w.org\/{rel}","templated":true}]}}