{"id":17696,"date":"2025-09-16T17:08:59","date_gmt":"2025-09-16T15:08:59","guid":{"rendered":"https:\/\/boreait.com\/fr\/?post_type=product&#038;p=17696"},"modified":"2026-02-09T11:09:42","modified_gmt":"2026-02-09T10:09:42","slug":"disque-dur-wd3200bbpvt-320-go-pour-ordinateur-portable-sata-25-teste-et-100-compatible-pieces-detachees-pour-ordinateur-portable","status":"publish","type":"product","link":"https:\/\/boreait.com\/fr\/produit\/disque-dur-wd3200bbpvt-320-go-pour-ordinateur-portable-sata-25-teste-et-100-compatible-pieces-detachees-pour-ordinateur-portable\/","title":{"rendered":"Disque dur WD3200BBPVT 320 Go pour ordinateur portable, SATA 2,5&Prime;, test\u00e9 et 100 % compatible &#8211; Pi\u00e8ces d\u00e9tach\u00e9es pour ordinateur portable"},"content":{"rendered":"<p data-start=\"621\" data-end=\"945\">Vous recherchez un disque dur de remplacement fiable pour votre ordinateur portable\u00a0? Ce disque dur SATA 2,5&Prime; WD3200BBPVT de 320 Go est un choix judicieux pour les mises \u00e0 niveau et les r\u00e9parations. Issu de notre collection de <strong data-start=\"806\" data-end=\"822\">pi\u00e8ces d\u00e9tach\u00e9es pour ordinateurs portables<\/strong> soigneusement test\u00e9es chez <strong data-start=\"837\" data-end=\"851\">siggmo<\/strong>, il a \u00e9t\u00e9 v\u00e9rifi\u00e9 comme \u00e9tant <strong data-start=\"890\" data-end=\"905\">\u00e0 100 %<\/strong> de son \u00e9tat de fonctionnement, sans secteurs d\u00e9fectueux ni probl\u00e8mes de micrologiciel.<\/p>\n<p data-start=\"947\" data-end=\"1128\">Que vous r\u00e9pariez un vieil ordinateur ou que vous ayez besoin de stockage suppl\u00e9mentaire, ce disque Western Digital offre des performances stables et est compatible avec la plupart des ordinateurs portables standard prenant en charge les disques SATA.<\/p>\n<h4 data-start=\"1130\" data-end=\"1150\">\u2705 Principales caract\u00e9ristiques\u00a0:<\/p>\n<ul data-start=\"1151\" data-end=\"1422\">\n<li data-start=\"1151\" data-end=\"1175\">\n<p data-start=\"1153\" data-end=\"1175\">Mod\u00e8le\u00a0: <strong data-start=\"1160\" data-end=\"1175\">WD3200BBPVT<\/strong><\/p>\n<\/li>\n<li data-start=\"1176\" data-end=\"1197\">\n<p data-start=\"1178\" data-end=\"1197\">Capacit\u00e9\u00a0: <strong data-start=\"1188\" data-end=\"1197\">320\u00a0Go<\/strong><\/p>\n<\/li>\n<li data-start=\"1198\" data-end=\"1225\">\n<p data-start=\"1200\" data-end=\"1225\">Format\u00a0: <strong data-start=\"1213\" data-end=\"1225\">2,5 pouces<\/strong><\/p>\n<\/li>\n<li data-start=\"1226\" data-end=\"1247\">\n<p data-start=\"1228\" data-end=\"1247\">Interface\u00a0: <strong data-start=\"1239\" data-end=\"1247\">SATA<\/strong><\/p>\n<\/li>\n<li data-start=\"1248\" data-end=\"1300\">\n<p data-start=\"1250\" data-end=\"1300\">\u00c9tat\u00a0: <strong data-start=\"1261\" data-end=\"1300\">D&rsquo;occasion, enti\u00e8rement test\u00e9 \u2013 100\u00a0% fonctionnel<\/strong><\/p>\n<\/li>\n<li data-start=\"1301\" data-end=\"1365\">\n<p data-start=\"1303\" data-end=\"1365\">Compatibilit\u00e9\u00a0: Id\u00e9al pour une large gamme d\u2019ordinateurs portables et de notebooks<\/p>\n<\/li>\n<li data-start=\"1366\" data-end=\"1422\">\n<p data-start=\"1368\" data-end=\"1422\">Photos\u00a0: <strong data-start=\"1376\" data-end=\"1422\">Photos r\u00e9elles\u00a0: ce que vous voyez est ce que vous obtenez<\/strong><\/p>\n<\/li>\n<\/ul>\n<p data-start=\"1424\" data-end=\"1653\">Remarque\u00a0: Cette liste comprend uniquement le disque dur. <strong data-start=\"1480\" data-end=\"1526\">Les instructions d\u2019installation ne sont pas incluses<\/strong>, mais si vous avez besoin d\u2019aide ou des questions sur la compatibilit\u00e9, n\u2019h\u00e9sitez pas \u00e0 nous contacter. data-start=\u00a0\u00bb1607&Prime; data-end=\u00a0\u00bb1630&Prime;>Envoyez-nous un message directement<\/strong> \u2014 nous serons heureux de vous aider.<\/p>\n","protected":false},"excerpt":{"rendered":"<p>Disque dur WD 320 Go fiable pour ordinateur portable (WD3200BBPVT), enti\u00e8rement test\u00e9 et 100 % fonctionnel. Id\u00e9al pour les r\u00e9parations ou les mises \u00e0 niveau d&rsquo;ordinateurs portables. Photos authentiques\u00a0: vous obtenez exactement ce que vous voyez.<\/p>\n","protected":false},"featured_media":17754,"template":"","meta":[],"product_brand":[],"product_cat":[85,67],"product_tag":[],"class_list":{"0":"post-17696","1":"product","2":"type-product","3":"status-publish","4":"has-post-thumbnail","6":"product_cat-2-5-hdd","7":"product_cat-ssd-hdd-drives","9":"first","10":"instock","11":"taxable","12":"shipping-taxable","13":"purchasable","14":"product-type-simple"},"_links":{"self":[{"href":"https:\/\/boreait.com\/fr\/wp-json\/wp\/v2\/product\/17696","targetHints":{"allow":["GET"]}}],"collection":[{"href":"https:\/\/boreait.com\/fr\/wp-json\/wp\/v2\/product"}],"about":[{"href":"https:\/\/boreait.com\/fr\/wp-json\/wp\/v2\/types\/product"}],"wp:featuredmedia":[{"embeddable":true,"href":"https:\/\/boreait.com\/fr\/wp-json\/wp\/v2\/media\/17754"}],"wp:attachment":[{"href":"https:\/\/boreait.com\/fr\/wp-json\/wp\/v2\/media?parent=17696"}],"wp:term":[{"taxonomy":"product_brand","embeddable":true,"href":"https:\/\/boreait.com\/fr\/wp-json\/wp\/v2\/product_brand?post=17696"},{"taxonomy":"product_cat","embeddable":true,"href":"https:\/\/boreait.com\/fr\/wp-json\/wp\/v2\/product_cat?post=17696"},{"taxonomy":"product_tag","embeddable":true,"href":"https:\/\/boreait.com\/fr\/wp-json\/wp\/v2\/product_tag?post=17696"}],"curies":[{"name":"wp","href":"https:\/\/api.w.org\/{rel}","templated":true}]}}