{"id":17695,"date":"2025-09-16T17:08:59","date_gmt":"2025-09-16T15:08:59","guid":{"rendered":"https:\/\/boreait.com\/fr\/?post_type=product&#038;p=17695"},"modified":"2026-02-09T11:09:24","modified_gmt":"2026-02-09T10:09:24","slug":"carte-lecteur-dempreintes-digitales-hp-470-g2-pk09000d410-piece-dorigine-pour-ordinateur-portable","status":"publish","type":"product","link":"https:\/\/boreait.com\/fr\/produit\/carte-lecteur-dempreintes-digitales-hp-470-g2-pk09000d410-piece-dorigine-pour-ordinateur-portable\/","title":{"rendered":"Carte lecteur d&#8217;empreintes digitales HP 470 G2 PK09000D410 | Pi\u00e8ce d&rsquo;origine pour ordinateur portable"},"content":{"rendered":"<p data-start=\"562\" data-end=\"924\">Am\u00e9liorez ou restaurez votre ordinateur portable HP 470 G2 avec cette <strong data-start=\"613\" data-end=\"650\">carte de lecteur d&#8217;empreintes digitales d&rsquo;origine<\/strong> \u2014 r\u00e9f\u00e9rence <strong data-start=\"665\" data-end=\"680\">PK09000D410<\/strong>. Il s&rsquo;agit d&rsquo;une <strong data-start=\"692\" data-end=\"724\">pi\u00e8ce d&rsquo;ordinateur portable HP d&rsquo;occasion<\/strong>, d\u00e9mont\u00e9e et test\u00e9e par des professionnels pour garantir un fonctionnement optimal. Que vous r\u00e9pariez votre ordinateur portable ou que vous remplaciez un module biom\u00e9trique d\u00e9fectueux, cette carte m\u00e8re offre un ajustement parfait et des performances fiables.<\/p>\n<p data-start=\"926\" data-end=\"1286\">\ud83d\udd39 <strong data-start=\"929\" data-end=\"950\">Mod\u00e8le compatible\u00a0:<\/strong> HP 470 G2<br data-start=\"960\" data-end=\"963\" \/>\ud83d\udd39 <strong data-start=\"966\" data-end=\"982\">R\u00e9f\u00e9rence\u00a0:<\/strong> PK09000D410<br data-start=\"994\" data-end=\"997\" \/>\ud83d\udd39 <strong data-start=\"1000\" data-end=\"1013\">Fonction\u00a0:<\/strong> Module de capteur d&#8217;empreintes digitales (s\u00e9curit\u00e9 biom\u00e9trique)<br data-start=\"1060\" data-end=\"1063\" \/>\ud83d\udd39 <strong data-start=\"1066\" data-end=\"1080\">\u00c9tat\u00a0:<\/strong> Utilis\u00e9, test\u00e9, fonctionnel<br data-start=\"1102\" data-end=\"1105\" \/>\ud83d\udd39 <strong data-start=\"1108\" data-end=\"1119\">Origine\u00a0:<\/strong> Pi\u00e8ce HP d&rsquo;origine<br data-start=\"1135\" data-end=\"1138\" \/>\ud83d\udd39 <strong data-start=\"1141\" data-end=\"1152\" data-is-only-node=\"\">Photos\u00a0:<\/strong> Ce que vous voyez est ce que vous obtenez\u00a0\u2013 photos r\u00e9elles des articles incluses<br data-start=\"1211\" data-end=\"1214\" \/>\ud83d\udd39 <strong data-start=\"1217\" data-end=\"1229\">Assistance\u00a0:<\/strong> Besoin d&rsquo;aide pour identifier la compatibilit\u00e9\u00a0? Contactez-nous \u00e0 tout moment.<\/p>\n<p data-start=\"1288\" data-end=\"1538\">Ce produit est id\u00e9al pour les ateliers de r\u00e9paration, les professionnels de l&rsquo;informatique ou les particuliers qui recherchent des <strong data-start=\"1381\" data-end=\"1397\">pi\u00e8ces d\u00e9tach\u00e9es pour ordinateur portable<\/strong> en toute confiance. Bien qu&rsquo;aucune notice d&rsquo;installation ne soit fournie, n&rsquo;h\u00e9sitez pas \u00e0 nous contacter si vous avez besoin d&rsquo;aide\u00a0; nous sommes l\u00e0 pour vous aider\u00a0!<\/p>\n","protected":false},"excerpt":{"rendered":"<p data-start=\"395\" data-end=\"510\">Carte de lecteur d&#8217;empreintes digitales d&rsquo;origine PK09000D410 pour ordinateur portable HP 470 G2. Enti\u00e8rement test\u00e9e, photos r\u00e9elles. Pi\u00e8ce de rechange fiable.<\/p>\n","protected":false},"featured_media":17753,"template":"","meta":[],"product_brand":[],"product_cat":[63],"product_tag":[61],"class_list":{"0":"post-17695","1":"product","2":"type-product","3":"status-publish","4":"has-post-thumbnail","6":"product_cat-motherboards-board-parts","7":"product_tag-hp","9":"first","10":"instock","11":"taxable","12":"shipping-taxable","13":"purchasable","14":"product-type-simple"},"_links":{"self":[{"href":"https:\/\/boreait.com\/fr\/wp-json\/wp\/v2\/product\/17695","targetHints":{"allow":["GET"]}}],"collection":[{"href":"https:\/\/boreait.com\/fr\/wp-json\/wp\/v2\/product"}],"about":[{"href":"https:\/\/boreait.com\/fr\/wp-json\/wp\/v2\/types\/product"}],"wp:featuredmedia":[{"embeddable":true,"href":"https:\/\/boreait.com\/fr\/wp-json\/wp\/v2\/media\/17753"}],"wp:attachment":[{"href":"https:\/\/boreait.com\/fr\/wp-json\/wp\/v2\/media?parent=17695"}],"wp:term":[{"taxonomy":"product_brand","embeddable":true,"href":"https:\/\/boreait.com\/fr\/wp-json\/wp\/v2\/product_brand?post=17695"},{"taxonomy":"product_cat","embeddable":true,"href":"https:\/\/boreait.com\/fr\/wp-json\/wp\/v2\/product_cat?post=17695"},{"taxonomy":"product_tag","embeddable":true,"href":"https:\/\/boreait.com\/fr\/wp-json\/wp\/v2\/product_tag?post=17695"}],"curies":[{"name":"wp","href":"https:\/\/api.w.org\/{rel}","templated":true}]}}