{"id":17691,"date":"2025-09-16T17:08:59","date_gmt":"2025-09-16T15:08:59","guid":{"rendered":"https:\/\/boreait.com\/fr\/?post_type=product&#038;p=17691"},"modified":"2025-09-16T17:10:45","modified_gmt":"2025-09-16T15:10:45","slug":"cable-de-connecteur-de-batterie-dorigine-pour-hp-probook-470-g2-dc020021l00-pieces-detachees-pour-ordinateur-portable-eu","status":"publish","type":"product","link":"https:\/\/boreait.com\/fr\/produit\/cable-de-connecteur-de-batterie-dorigine-pour-hp-probook-470-g2-dc020021l00-pieces-detachees-pour-ordinateur-portable-eu\/","title":{"rendered":"C\u00e2ble de connecteur de batterie d&rsquo;origine pour HP ProBook 470 G2 DC020021L00 | Pi\u00e8ces d\u00e9tach\u00e9es pour ordinateur portable EU"},"content":{"rendered":"<p data-start=\"646\" data-end=\"983\">Vous recherchez un c\u00e2ble de connecteur de batterie de remplacement fiable pour votre HP ProBook 470 G2\u00a0? Ce connecteur de c\u00e2ble de batterie DC020021L00 d&rsquo;origine est exactement ce qu&rsquo;il vous faut. Con\u00e7u sp\u00e9cifiquement pour le ProBook 470 G2, ce connecteur assure une connexion stable et s\u00e9curis\u00e9e entre votre batterie et la carte m\u00e8re, essentielle \u00e0 une charge et des performances optimales.<\/p>\n<p data-start=\"985\" data-end=\"1254\">Il s&rsquo;agit d&rsquo;une pi\u00e8ce d&rsquo;origine HP (et non d&rsquo;un remplacement g\u00e9n\u00e9rique), id\u00e9ale pour r\u00e9parer les ordinateurs portables qui ne se chargent pas ou ne s&rsquo;allument pas en raison d&rsquo;un connecteur de batterie cass\u00e9 ou mal fix\u00e9. Que vous r\u00e9pariez vous-m\u00eame votre appareil ou que vous proposiez un service professionnel, cette pi\u00e8ce d\u00e9tach\u00e9e pour ordinateur portable est id\u00e9ale.<\/p>\n<p data-start=\"1256\" data-end=\"1279\">\ud83d\udd27 <strong data-start=\"1259\" data-end=\"1279\">D\u00e9tails du produit\u00a0:<\/strong><\/p>\n<ul data-start=\"1280\" data-end=\"1566\">\n<li data-start=\"1280\" data-end=\"1330\">\n<p data-start=\"1282\" data-end=\"1330\"><strong data-start=\"1282\" data-end=\"1299\">Type de produit\u00a0:<\/strong> Connecteur de batterie C\u00e2ble Jack<\/p>\n<\/li>\n<li data-start=\"1331\" data-end=\"1374\">\n<p data-start=\"1333\" data-end=\"1374\"><strong data-start=\"1333\" data-end=\"1354\">Mod\u00e8le compatible\u00a0: HP ProBook 470 G2<\/p>\n<\/li>\n<li data-start=\"1375\" data-end=\"1407\">\n<p data-start=\"1377\" data-end=\"1407\"><strong data-start=\"1377\" data-end=\"1393\">R\u00e9f\u00e9rence\u00a0: DC020021L00<\/p>\n<\/li>\n<li data-start=\"1408\" data-end=\"1458\">\n<p data-start=\"1410\" data-end=\"1458\"><strong data-start=\"1410\" data-end=\"1424\">\u00c9tat\u00a0: Occasion \u2013 Enti\u00e8rement test\u00e9 et fonctionnel<\/p>\n<\/li>\n<li data-start=\"1459\" data-end=\"1520\">\n<p data-start=\"1461\" data-end=\"1520\"><strong data-start=\"1461\" data-end=\"1478\">Ce que vous obtenez\u00a0:<\/strong> Exactement comme sur les photos r\u00e9elles.<\/p>\n<\/li>\n<li data-start=\"1521\" data-end=\"1566\">\n<p data-start=\"1523\" data-end=\"1566\"><strong data-start=\"1523\" data-end=\"1546\">Livraison internationale\u00a0:<\/strong> Exp\u00e9di\u00e9 depuis l&rsquo;Europe.<\/p>\n<\/li>\n<\/ul>\n<p data-start=\"1568\" data-end=\"1741\">\ud83d\udca1 <strong data-start=\"1571\" data-end=\"1580\">Remarque\u00a0:<\/strong><br data-start=\"1580\" data-end=\"1583\" \/>Instructions d&rsquo;installation ne sont pas inclus. Si vous avez besoin d&rsquo;aide pour d\u00e9terminer la compatibilit\u00e9 ou si vous avez des questions, n&rsquo;h\u00e9sitez pas \u00e0 nous contacter\u00a0; nous serons ravis de vous aider\u00a0!<\/p>\n","protected":false},"excerpt":{"rendered":"<p data-start=\"404\" data-end=\"590\">C\u00e2ble jack de connecteur de batterie d&rsquo;origine pour HP ProBook 470 G2 (r\u00e9f\u00e9rence\u00a0: DC020021L00). Remplacement id\u00e9al pour les c\u00e2bles de batterie endommag\u00e9s ou d\u00e9fectueux. Photos authentiques\u00a0: vous obtiendrez exactement ce que vous voyez.<\/p>\n","protected":false},"featured_media":17743,"template":"","meta":[],"product_brand":[],"product_cat":[56],"product_tag":[61],"class_list":{"0":"post-17691","1":"product","2":"type-product","3":"status-publish","4":"has-post-thumbnail","6":"product_cat-cables","7":"product_tag-hp","9":"first","10":"instock","11":"taxable","12":"shipping-taxable","13":"purchasable","14":"product-type-simple"},"_links":{"self":[{"href":"https:\/\/boreait.com\/fr\/wp-json\/wp\/v2\/product\/17691","targetHints":{"allow":["GET"]}}],"collection":[{"href":"https:\/\/boreait.com\/fr\/wp-json\/wp\/v2\/product"}],"about":[{"href":"https:\/\/boreait.com\/fr\/wp-json\/wp\/v2\/types\/product"}],"wp:featuredmedia":[{"embeddable":true,"href":"https:\/\/boreait.com\/fr\/wp-json\/wp\/v2\/media\/17743"}],"wp:attachment":[{"href":"https:\/\/boreait.com\/fr\/wp-json\/wp\/v2\/media?parent=17691"}],"wp:term":[{"taxonomy":"product_brand","embeddable":true,"href":"https:\/\/boreait.com\/fr\/wp-json\/wp\/v2\/product_brand?post=17691"},{"taxonomy":"product_cat","embeddable":true,"href":"https:\/\/boreait.com\/fr\/wp-json\/wp\/v2\/product_cat?post=17691"},{"taxonomy":"product_tag","embeddable":true,"href":"https:\/\/boreait.com\/fr\/wp-json\/wp\/v2\/product_tag?post=17691"}],"curies":[{"name":"wp","href":"https:\/\/api.w.org\/{rel}","templated":true}]}}