{"id":17677,"date":"2025-09-16T17:08:31","date_gmt":"2025-09-16T15:08:31","guid":{"rendered":"https:\/\/boreait.com\/fr\/?post_type=product&#038;p=17677"},"modified":"2026-02-09T10:58:16","modified_gmt":"2026-02-09T09:58:16","slug":"cable-decran-lcd-768386-001-pour-hp-probook-470-g2-173-pieces-detachees-pour-ordinateur-portable","status":"publish","type":"product","link":"https:\/\/boreait.com\/fr\/produit\/cable-decran-lcd-768386-001-pour-hp-probook-470-g2-173-pieces-detachees-pour-ordinateur-portable\/","title":{"rendered":"C\u00e2ble d&rsquo;\u00e9cran LCD 768386-001 pour HP ProBook 470 G2 17,3&Prime; | Pi\u00e8ces d\u00e9tach\u00e9es pour ordinateur portable"},"content":{"rendered":"<p data-start=\"479\" data-end=\"765\">Il s&rsquo;agit d&rsquo;un <strong data-start=\"489\" data-end=\"530\">c\u00e2ble d&rsquo;\u00e9cran LCD de remplacement authentique<\/strong> pour la s\u00e9rie <strong data-start=\"539\" data-end=\"560\">HP ProBook 470 G2<\/strong>, sp\u00e9cialement con\u00e7u pour fonctionner avec les <strong data-start=\"604\" data-end=\"632\">\u00e9crans d&rsquo;ordinateurs portables de 17,3 pouces<\/strong>. La r\u00e9f\u00e9rence de la pi\u00e8ce est <strong data-start=\"653\" data-end=\"667\">768386-001<\/strong> et relie la carte m\u00e8re de l&rsquo;ordinateur portable \u00e0 l&rsquo;\u00e9cran LCD, permettant ainsi son bon fonctionnement.<\/p>\n<p data-start=\"767\" data-end=\"931\">Que vous soyez confront\u00e9 \u00e0 des probl\u00e8mes de scintillement, d&rsquo;absence d&rsquo;affichage ou de fonctionnement intermittent de l&rsquo;\u00e9cran, un c\u00e2ble d\u00e9fectueux pourrait en \u00eatre la cause\u00a0; cette pi\u00e8ce d&rsquo;origine est la solution id\u00e9ale.<\/p>\n<p data-start=\"933\" data-end=\"953\">\ud83d\udd27 <strong data-start=\"936\" data-end=\"953\">Principales caract\u00e9ristiques\u00a0:<\/strong><\/p>\n<ul data-start=\"954\" data-end=\"1208\">\n<li data-start=\"954\" data-end=\"995\">\n<p data-start=\"956\" data-end=\"995\">Mod\u00e8le compatible\u00a0: <strong data-start=\"974\" data-end=\"995\">HP ProBook 470 G2<\/strong><\/p>\n<\/li>\n<li data-start=\"996\" data-end=\"1025\">\n<p data-start=\"998\" data-end=\"1025\">R\u00e9f\u00e9rence\u00a0: <strong data-start=\"1011\" data-end=\"1025\">768386-001<\/strong><\/p>\n<\/li>\n<li data-start=\"1026\" data-end=\"1062\">\n<p data-start=\"1028\" data-end=\"1062\">Type\u00a0: <strong data-start=\"1034\" data-end=\"1062\">C\u00e2ble d&rsquo;\u00e9cran LCD<\/strong><\/p>\n<\/li>\n<li data-start=\"1063\" data-end=\"1097\">\n<p data-start=\"1065\" data-end=\"1097\">Taille d&rsquo;\u00e9cran prise en charge\u00a0: <strong data-start=\"1088\" data-end=\"1097\">17,3&Prime;<\/strong><\/p>\n<\/li>\n<li data-start=\"1098\" data-end=\"1146\">\n<p data-start=\"1100\" data-end=\"1146\">\u00c9tat\u00a0: <strong data-start=\"1111\" data-end=\"1146\">Occasion \u2013 enti\u00e8rement test\u00e9 et fonctionnel<\/strong><\/p>\n<\/li>\n<li data-start=\"1147\" data-end=\"1208\">\n<p data-start=\"1149\" data-end=\"1208\">Pi\u00e8ce d&rsquo;origine pour ordinateur portable HP <strong data-start=\"1157\" data-end=\"1175\">, id\u00e9ale pour la r\u00e9paration ou Remplacement<\/p>\n<\/li>\n<\/ul>\n<p data-start=\"1210\" data-end=\"1357\">\ud83d\udcf8 <strong data-start=\"1213\" data-end=\"1221\">Remarque<\/strong>\u00a0: Toutes les photos de cette annonce repr\u00e9sentent l\u2019article que vous recevrez. Il ne s\u2019agit pas de photos g\u00e9n\u00e9riques. Ce que vous voyez est exactement ce que vous recevrez.<\/p>\n<p data-start=\"1359\" data-end=\"1533\">\ud83d\udcac <strong data-start=\"1362\" data-end=\"1378\">Installation<\/strong>\u00a0: Nous ne fournissons pas d\u2019instructions d\u2019installation, mais si vous avez besoin d\u2019aide ou des questions de compatibilit\u00e9, n\u2019h\u00e9sitez pas \u00e0 nous contacter\u00a0; nous serons ravis de vous aider.<\/p>\n<p data-start=\"1535\" data-end=\"1740\">\ud83e\udde9 Cette pi\u00e8ce est id\u00e9ale pour ceux qui ont besoin d\u2019une r\u00e9paration fiable ou d\u2019un \u00e9cran d\u2019ordinateur portable. Dans le cadre de notre <strong data-start=\"1633\" data-end=\"1649\">catalogue de pi\u00e8ces d\u00e9tach\u00e9es pour ordinateurs portables<\/strong>, sa qualit\u00e9 est contr\u00f4l\u00e9e et exp\u00e9di\u00e9e avec soin depuis l&rsquo;Europe vers des destinations dans le monde entier.<\/p>\n","protected":false},"excerpt":{"rendered":"<p>C\u00e2ble d&rsquo;\u00e9cran compatible pour ordinateurs portables HP ProBook 470 G2 (r\u00e9f\u00e9rence 768386-001). Pi\u00e8ce de rechange d&rsquo;origine pour \u00e9crans d&rsquo;ordinateurs portables 17,3&Prime;.<\/p>\n","protected":false},"featured_media":17741,"template":"","meta":[],"product_brand":[],"product_cat":[56],"product_tag":[61],"class_list":{"0":"post-17677","1":"product","2":"type-product","3":"status-publish","4":"has-post-thumbnail","6":"product_cat-cables","7":"product_tag-hp","9":"first","10":"instock","11":"taxable","12":"shipping-taxable","13":"purchasable","14":"product-type-simple"},"_links":{"self":[{"href":"https:\/\/boreait.com\/fr\/wp-json\/wp\/v2\/product\/17677","targetHints":{"allow":["GET"]}}],"collection":[{"href":"https:\/\/boreait.com\/fr\/wp-json\/wp\/v2\/product"}],"about":[{"href":"https:\/\/boreait.com\/fr\/wp-json\/wp\/v2\/types\/product"}],"wp:featuredmedia":[{"embeddable":true,"href":"https:\/\/boreait.com\/fr\/wp-json\/wp\/v2\/media\/17741"}],"wp:attachment":[{"href":"https:\/\/boreait.com\/fr\/wp-json\/wp\/v2\/media?parent=17677"}],"wp:term":[{"taxonomy":"product_brand","embeddable":true,"href":"https:\/\/boreait.com\/fr\/wp-json\/wp\/v2\/product_brand?post=17677"},{"taxonomy":"product_cat","embeddable":true,"href":"https:\/\/boreait.com\/fr\/wp-json\/wp\/v2\/product_cat?post=17677"},{"taxonomy":"product_tag","embeddable":true,"href":"https:\/\/boreait.com\/fr\/wp-json\/wp\/v2\/product_tag?post=17677"}],"curies":[{"name":"wp","href":"https:\/\/api.w.org\/{rel}","templated":true}]}}